{"id":4505,"date":"2019-05-09T14:07:13","date_gmt":"2019-05-09T11:07:13","guid":{"rendered":"https:\/\/visitvosu.com\/?page_id=4505"},"modified":"2026-02-26T14:20:26","modified_gmt":"2026-02-26T12:20:26","slug":"sundmused-kultuurikava","status":"publish","type":"page","link":"https:\/\/visitvosu.com\/en\/sundmused-kultuurikava\/","title":{"rendered":"S\u00fcndmused kultuurikava"},"content":{"rendered":"<div data-elementor-type=\"wp-post\" data-elementor-id=\"4505\" class=\"elementor elementor-4505\" data-elementor-settings=\"[]\">\n\t\t\t<div class=\"elementor-inner\">\n\t\t\t\t<div class=\"elementor-section-wrap\">\n\t\t\t\t\t\t\t<section class=\"elementor-element elementor-element-ca65f1c elementor-section-height-min-height elementor-section-content-middle elementor-section-full_width elementor-section-items-bottom elementor-hidden-phone elementor-section-height-default elementor-section elementor-top-section\" data-id=\"ca65f1c\" data-element_type=\"section\" data-settings=\"{&quot;background_background&quot;:&quot;classic&quot;}\">\n\t\t\t\t\t\t\t<div class=\"elementor-background-overlay\"><\/div>\n\t\t\t\t\t\t\t<div class=\"elementor-container elementor-column-gap-narrow\">\n\t\t\t\t<div class=\"elementor-row\">\n\t\t\t\t<div class=\"elementor-element elementor-element-525a4fd elementor-column elementor-col-100 elementor-top-column\" data-id=\"525a4fd\" data-element_type=\"column\">\n\t\t\t<div class=\"elementor-column-wrap  elementor-element-populated\">\n\t\t\t\t\t<div class=\"elementor-widget-wrap\">\n\t\t\t\t\t\t<\/div>\n\t\t\t<\/div>\n\t\t<\/div>\n\t\t\t\t\t\t<\/div>\n\t\t\t<\/div>\n\t\t<\/section>\n\t\t\t\t<section class=\"elementor-element elementor-element-613fbbb7 elementor-section-boxed elementor-section-height-default elementor-section-height-default elementor-section elementor-top-section\" data-id=\"613fbbb7\" data-element_type=\"section\">\n\t\t\t\t\t\t<div class=\"elementor-container elementor-column-gap-default\">\n\t\t\t\t<div class=\"elementor-row\">\n\t\t\t\t<div class=\"elementor-element elementor-element-1e0add1d elementor-column elementor-col-100 elementor-top-column\" data-id=\"1e0add1d\" data-element_type=\"column\">\n\t\t\t<div class=\"elementor-column-wrap  elementor-element-populated\">\n\t\t\t\t\t<div class=\"elementor-widget-wrap\">\n\t\t\t\t<div class=\"elementor-element elementor-element-6c7c6f17 elementor-widget elementor-widget-spacer\" data-id=\"6c7c6f17\" data-element_type=\"widget\" data-widget_type=\"spacer.default\">\n\t\t\t\t<div class=\"elementor-widget-container\">\n\t\t\t\t\t<div class=\"elementor-spacer\">\n\t\t\t<div class=\"elementor-spacer-inner\"><\/div>\n\t\t<\/div>\n\t\t\t\t<\/div>\n\t\t\t\t<\/div>\n\t\t\t\t\t\t<\/div>\n\t\t\t<\/div>\n\t\t<\/div>\n\t\t\t\t\t\t<\/div>\n\t\t\t<\/div>\n\t\t<\/section>\n\t\t\t\t<section class=\"elementor-element elementor-element-867218c elementor-section-boxed elementor-section-height-default elementor-section-height-default elementor-section elementor-top-section\" data-id=\"867218c\" data-element_type=\"section\">\n\t\t\t\t\t\t<div class=\"elementor-container elementor-column-gap-default\">\n\t\t\t\t<div class=\"elementor-row\">\n\t\t\t\t<div class=\"elementor-element elementor-element-7bc3415 elementor-column elementor-col-100 elementor-top-column\" data-id=\"7bc3415\" data-element_type=\"column\">\n\t\t\t<div class=\"elementor-column-wrap  elementor-element-populated\">\n\t\t\t\t\t<div class=\"elementor-widget-wrap\">\n\t\t\t\t<div class=\"elementor-element elementor-element-2b8f0ca elementor-widget elementor-widget-heading\" data-id=\"2b8f0ca\" data-element_type=\"widget\" data-widget_type=\"heading.default\">\n\t\t\t\t<div class=\"elementor-widget-container\">\n\t\t\t<h2 class=\"elementor-heading-title elementor-size-default\">UPCOMING EVENTS<\/h2>\t\t<\/div>\n\t\t\t\t<\/div>\n\t\t\t\t\t\t<\/div>\n\t\t\t<\/div>\n\t\t<\/div>\n\t\t\t\t\t\t<\/div>\n\t\t\t<\/div>\n\t\t<\/section>\n\t\t\t\t<section class=\"elementor-element elementor-element-fff5daf elementor-section-boxed elementor-section-height-default elementor-section-height-default elementor-section elementor-top-section\" data-id=\"fff5daf\" data-element_type=\"section\">\n\t\t\t\t\t\t<div class=\"elementor-container elementor-column-gap-default\">\n\t\t\t\t<div class=\"elementor-row\">\n\t\t\t\t<div class=\"elementor-element elementor-element-8c951ac elementor-column elementor-col-100 elementor-top-column\" data-id=\"8c951ac\" data-element_type=\"column\">\n\t\t\t<div class=\"elementor-column-wrap  elementor-element-populated\">\n\t\t\t\t\t<div class=\"elementor-widget-wrap\">\n\t\t\t\t<div class=\"elementor-element elementor-element-1e30a8d elementor-widget elementor-widget-spacer\" data-id=\"1e30a8d\" data-element_type=\"widget\" data-widget_type=\"spacer.default\">\n\t\t\t\t<div class=\"elementor-widget-container\">\n\t\t\t\t\t<div class=\"elementor-spacer\">\n\t\t\t<div class=\"elementor-spacer-inner\"><\/div>\n\t\t<\/div>\n\t\t\t\t<\/div>\n\t\t\t\t<\/div>\n\t\t\t\t\t\t<\/div>\n\t\t\t<\/div>\n\t\t<\/div>\n\t\t\t\t\t\t<\/div>\n\t\t\t<\/div>\n\t\t<\/section>\n\t\t\t\t<section class=\"elementor-element elementor-element-81d6878 elementor-section-boxed elementor-section-height-default elementor-section-height-default elementor-section elementor-top-section\" data-id=\"81d6878\" data-element_type=\"section\">\n\t\t\t\t\t\t<div class=\"elementor-container elementor-column-gap-default\">\n\t\t\t\t<div class=\"elementor-row\">\n\t\t\t\t<div class=\"elementor-element elementor-element-1847041 elementor-column elementor-col-66 elementor-top-column\" data-id=\"1847041\" data-element_type=\"column\">\n\t\t\t<div class=\"elementor-column-wrap  elementor-element-populated\">\n\t\t\t\t\t<div class=\"elementor-widget-wrap\">\n\t\t\t\t<div class=\"elementor-element elementor-element-ace6021 elementor-widget elementor-widget-heading\" data-id=\"ace6021\" data-element_type=\"widget\" data-widget_type=\"heading.default\">\n\t\t\t\t<div class=\"elementor-widget-container\">\n\t\t\t<h2 class=\"elementor-heading-title elementor-size-default\"><div class=\"kk-widget\" data-widgetid=\"8d7f505e2df8b403eda76b9c2230d7999752c849\"><script src=\"\/\/www.kultuurikava.ee\/js\/kk-index.js?widget=8d7f505e2df8b403eda76b9c2230d7999752c849\"><\/script><\/div>\n<\/h2>\t\t<\/div>\n\t\t\t\t<\/div>\n\t\t\t\t\t\t<\/div>\n\t\t\t<\/div>\n\t\t<\/div>\n\t\t\t\t<div class=\"elementor-element elementor-element-fd3e90f elementor-column elementor-col-33 elementor-top-column\" data-id=\"fd3e90f\" data-element_type=\"column\">\n\t\t\t<div class=\"elementor-column-wrap  elementor-element-populated\">\n\t\t\t\t\t<div class=\"elementor-widget-wrap\">\n\t\t\t\t<div class=\"elementor-element elementor-element-0290241 elementor-invisible elementor-widget elementor-widget-image\" data-id=\"0290241\" data-element_type=\"widget\" data-settings=\"{&quot;_animation&quot;:&quot;none&quot;}\" data-widget_type=\"image.default\">\n\t\t\t\t<div class=\"elementor-widget-container\">\n\t\t\t\t\t<div class=\"elementor-image\">\n\t\t\t\t\t\t\t\t\t\t\t<a href=\"https:\/\/www.piletilevi.ee\/piletid\/YVPPP6J67V\/suhtekomoodia-pikk-nadalavahetus-10-04-asendus\" target=\"_blank\">\n\t\t\t\t\t\t\t<img width=\"1500\" height=\"785\" src=\"https:\/\/visitvosu.com\/wp-content\/uploads\/2026\/02\/ae92960e-ef11-469e-bcca-dfa5fe348bcf.jpeg\" class=\"attachment-full size-full\" alt=\"\" loading=\"lazy\" srcset=\"https:\/\/visitvosu.com\/wp-content\/uploads\/2026\/02\/ae92960e-ef11-469e-bcca-dfa5fe348bcf.jpeg 1500w, https:\/\/visitvosu.com\/wp-content\/uploads\/2026\/02\/ae92960e-ef11-469e-bcca-dfa5fe348bcf-300x157.jpeg 300w, https:\/\/visitvosu.com\/wp-content\/uploads\/2026\/02\/ae92960e-ef11-469e-bcca-dfa5fe348bcf-1024x536.jpeg 1024w, https:\/\/visitvosu.com\/wp-content\/uploads\/2026\/02\/ae92960e-ef11-469e-bcca-dfa5fe348bcf-768x402.jpeg 768w, https:\/\/visitvosu.com\/wp-content\/uploads\/2026\/02\/ae92960e-ef11-469e-bcca-dfa5fe348bcf-18x9.jpeg 18w\" sizes=\"(max-width: 1500px) 100vw, 1500px\" \/>\t\t\t\t\t\t\t\t<\/a>\n\t\t\t\t\t\t\t\t\t\t\t<\/div>\n\t\t\t\t<\/div>\n\t\t\t\t<\/div>\n\t\t\t\t<div class=\"elementor-element elementor-element-9f16421 elementor-widget elementor-widget-image\" data-id=\"9f16421\" data-element_type=\"widget\" data-widget_type=\"image.default\">\n\t\t\t\t<div class=\"elementor-widget-container\">\n\t\t\t\t\t<div class=\"elementor-image\">\n\t\t\t\t\t\t\t\t\t\t\t<a href=\"https:\/\/www.piletilevi.ee\/piletid\/2UNFT3SR5V\/muusikaline-lavastus-vihmana-ma-sajan-vendade-urbide-lugu\" target=\"_blank\">\n\t\t\t\t\t\t\t<img width=\"1500\" height=\"785\" src=\"https:\/\/visitvosu.com\/wp-content\/uploads\/2026\/02\/49484adb-ccc7-460f-9b99-62ab841b8379.jpeg\" class=\"attachment-full size-full\" alt=\"\" loading=\"lazy\" srcset=\"https:\/\/visitvosu.com\/wp-content\/uploads\/2026\/02\/49484adb-ccc7-460f-9b99-62ab841b8379.jpeg 1500w, https:\/\/visitvosu.com\/wp-content\/uploads\/2026\/02\/49484adb-ccc7-460f-9b99-62ab841b8379-300x157.jpeg 300w, https:\/\/visitvosu.com\/wp-content\/uploads\/2026\/02\/49484adb-ccc7-460f-9b99-62ab841b8379-1024x536.jpeg 1024w, https:\/\/visitvosu.com\/wp-content\/uploads\/2026\/02\/49484adb-ccc7-460f-9b99-62ab841b8379-768x402.jpeg 768w, https:\/\/visitvosu.com\/wp-content\/uploads\/2026\/02\/49484adb-ccc7-460f-9b99-62ab841b8379-18x9.jpeg 18w\" sizes=\"(max-width: 1500px) 100vw, 1500px\" \/>\t\t\t\t\t\t\t\t<\/a>\n\t\t\t\t\t\t\t\t\t\t\t<\/div>\n\t\t\t\t<\/div>\n\t\t\t\t<\/div>\n\t\t\t\t<div class=\"elementor-element elementor-element-8f59290 elementor-widget elementor-widget-image\" data-id=\"8f59290\" data-element_type=\"widget\" data-widget_type=\"image.default\">\n\t\t\t\t<div class=\"elementor-widget-container\">\n\t\t\t\t\t<div class=\"elementor-image\">\n\t\t\t\t\t\t\t\t\t\t\t<a href=\"https:\/\/www.piletilevi.ee\/piletid\/SEZ3MP255J\/viru-folk-2026-polisrahvaste-aasta-pass\" target=\"_blank\">\n\t\t\t\t\t\t\t<img width=\"1500\" height=\"785\" src=\"https:\/\/visitvosu.com\/wp-content\/uploads\/2025\/08\/455324d8-eb1c-4e66-8f2d-9d6c03727415.jpeg\" class=\"attachment-full size-full\" alt=\"\" loading=\"lazy\" srcset=\"https:\/\/visitvosu.com\/wp-content\/uploads\/2025\/08\/455324d8-eb1c-4e66-8f2d-9d6c03727415.jpeg 1500w, https:\/\/visitvosu.com\/wp-content\/uploads\/2025\/08\/455324d8-eb1c-4e66-8f2d-9d6c03727415-300x157.jpeg 300w, https:\/\/visitvosu.com\/wp-content\/uploads\/2025\/08\/455324d8-eb1c-4e66-8f2d-9d6c03727415-1024x536.jpeg 1024w, https:\/\/visitvosu.com\/wp-content\/uploads\/2025\/08\/455324d8-eb1c-4e66-8f2d-9d6c03727415-768x402.jpeg 768w, https:\/\/visitvosu.com\/wp-content\/uploads\/2025\/08\/455324d8-eb1c-4e66-8f2d-9d6c03727415-18x9.jpeg 18w\" sizes=\"(max-width: 1500px) 100vw, 1500px\" \/>\t\t\t\t\t\t\t\t<\/a>\n\t\t\t\t\t\t\t\t\t\t\t<\/div>\n\t\t\t\t<\/div>\n\t\t\t\t<\/div>\n\t\t\t\t\t\t<\/div>\n\t\t\t<\/div>\n\t\t<\/div>\n\t\t\t\t\t\t<\/div>\n\t\t\t<\/div>\n\t\t<\/section>\n\t\t\t\t<section class=\"elementor-element elementor-element-e2079e8 elementor-section-boxed elementor-section-height-default elementor-section-height-default elementor-section elementor-top-section\" data-id=\"e2079e8\" data-element_type=\"section\">\n\t\t\t\t\t\t<div class=\"elementor-container elementor-column-gap-default\">\n\t\t\t\t<div class=\"elementor-row\">\n\t\t\t\t<div class=\"elementor-element elementor-element-276bfd7 elementor-column elementor-col-100 elementor-top-column\" data-id=\"276bfd7\" data-element_type=\"column\">\n\t\t\t<div class=\"elementor-column-wrap  elementor-element-populated\">\n\t\t\t\t\t<div class=\"elementor-widget-wrap\">\n\t\t\t\t<div class=\"elementor-element elementor-element-83730ac elementor-widget elementor-widget-spacer\" data-id=\"83730ac\" data-element_type=\"widget\" data-widget_type=\"spacer.default\">\n\t\t\t\t<div class=\"elementor-widget-container\">\n\t\t\t\t\t<div class=\"elementor-spacer\">\n\t\t\t<div class=\"elementor-spacer-inner\"><\/div>\n\t\t<\/div>\n\t\t\t\t<\/div>\n\t\t\t\t<\/div>\n\t\t\t\t\t\t<\/div>\n\t\t\t<\/div>\n\t\t<\/div>\n\t\t\t\t\t\t<\/div>\n\t\t\t<\/div>\n\t\t<\/section>\n\t\t\t\t\t\t<\/div>\n\t\t\t<\/div>\n\t\t<\/div>","protected":false},"excerpt":{"rendered":"<p>UPCOMING EVENTS<\/p>","protected":false},"author":1,"featured_media":0,"parent":0,"menu_order":0,"comment_status":"closed","ping_status":"closed","template":"","meta":{"_EventAllDay":false,"_EventTimezone":"","_EventStartDate":"","_EventEndDate":"","_EventStartDateUTC":"","_EventEndDateUTC":"","_EventShowMap":false,"_EventShowMapLink":false,"_EventURL":"","_EventCost":"","_EventCostDescription":"","_EventCurrencySymbol":"","_EventCurrencyCode":"","_EventCurrencyPosition":"","_EventDateTimeSeparator":"","_EventTimeRangeSeparator":"","_EventOrganizerID":[],"_EventVenueID":0,"_OrganizerEmail":"","_OrganizerPhone":"","_OrganizerWebsite":"","_VenueAddress":"","_VenueCity":"","_VenueCountry":"","_VenueProvince":"","_VenueZip":"","_VenuePhone":"","_VenueURL":"","_VenueStateProvince":"","_VenueLat":"","_VenueLng":"","ocean_post_layout":"full-screen","ocean_both_sidebars_style":"","ocean_both_sidebars_content_width":0,"ocean_both_sidebars_sidebars_width":0,"ocean_sidebar":"sidebar","ocean_second_sidebar":"0","ocean_disable_margins":"on","ocean_add_body_class":"","ocean_shortcode_before_top_bar":"","ocean_shortcode_after_top_bar":"","ocean_shortcode_before_header":"","ocean_shortcode_after_header":"","ocean_has_shortcode":"","ocean_shortcode_after_title":"","ocean_shortcode_before_footer_widgets":"","ocean_shortcode_after_footer_widgets":"","ocean_shortcode_before_footer_bottom":"","ocean_shortcode_after_footer_bottom":"","ocean_display_top_bar":"off","ocean_display_header":"on","ocean_header_style":"minimal","ocean_center_header_left_menu":"0","ocean_custom_header_template":"0","ocean_custom_logo":0,"ocean_custom_retina_logo":0,"ocean_custom_logo_max_width":0,"ocean_custom_logo_tablet_max_width":0,"ocean_custom_logo_mobile_max_width":0,"ocean_custom_logo_max_height":0,"ocean_custom_logo_tablet_max_height":0,"ocean_custom_logo_mobile_max_height":0,"ocean_header_custom_menu":"0","ocean_menu_typo_font_family":"0","ocean_menu_typo_font_subset":"","ocean_menu_typo_font_size":0,"ocean_menu_typo_font_size_tablet":0,"ocean_menu_typo_font_size_mobile":0,"ocean_menu_typo_font_size_unit":"px","ocean_menu_typo_font_weight":"","ocean_menu_typo_font_weight_tablet":"","ocean_menu_typo_font_weight_mobile":"","ocean_menu_typo_transform":"","ocean_menu_typo_transform_tablet":"","ocean_menu_typo_transform_mobile":"","ocean_menu_typo_line_height":0,"ocean_menu_typo_line_height_tablet":0,"ocean_menu_typo_line_height_mobile":0,"ocean_menu_typo_line_height_unit":"","ocean_menu_typo_spacing":0,"ocean_menu_typo_spacing_tablet":0,"ocean_menu_typo_spacing_mobile":0,"ocean_menu_typo_spacing_unit":"","ocean_menu_link_color":"","ocean_menu_link_color_hover":"","ocean_menu_link_color_active":"","ocean_menu_link_background":"","ocean_menu_link_hover_background":"","ocean_menu_link_active_background":"","ocean_menu_social_links_bg":"","ocean_menu_social_hover_links_bg":"","ocean_menu_social_links_color":"","ocean_menu_social_hover_links_color":"","ocean_disable_title":"on","ocean_disable_heading":"enable","ocean_post_title":"","ocean_post_subheading":"","ocean_post_title_style":"","ocean_post_title_background_color":"","ocean_post_title_background":0,"ocean_post_title_bg_image_position":"","ocean_post_title_bg_image_attachment":"","ocean_post_title_bg_image_repeat":"","ocean_post_title_bg_image_size":"","ocean_post_title_height":0,"ocean_post_title_bg_overlay":0.5,"ocean_post_title_bg_overlay_color":"","ocean_disable_breadcrumbs":"off","ocean_breadcrumbs_color":"","ocean_breadcrumbs_separator_color":"","ocean_breadcrumbs_links_color":"","ocean_breadcrumbs_links_hover_color":"","ocean_display_footer_widgets":"default","ocean_display_footer_bottom":"default","ocean_custom_footer_template":"0"},"yoast_head":"<!-- This site is optimized with the Yoast SEO plugin v19.6.1 - https:\/\/yoast.com\/wordpress\/plugins\/seo\/ -->\n<title>S\u00fcndmused V\u00f5sul<\/title>\n<meta name=\"description\" content=\"Kuhu minna V\u00f5sul? Kuhu minna Lahemaal? Events in V\u00f5su. Events in Lahemaa National Park. Kontserdid V\u00f5sul. Kontserdid K\u00e4smus. Viru Folk. Haljala valla kultuurikava.\" \/>\n<meta name=\"robots\" content=\"index, follow, max-snippet:-1, max-image-preview:large, max-video-preview:-1\" \/>\n<link rel=\"canonical\" href=\"https:\/\/visitvosu.com\/en\/sundmused-kultuurikava\/\" \/>\n<meta property=\"og:locale\" content=\"en_GB\" \/>\n<meta property=\"og:type\" content=\"article\" \/>\n<meta property=\"og:title\" content=\"S\u00fcndmused V\u00f5sul\" \/>\n<meta property=\"og:description\" content=\"Kuhu minna V\u00f5sul? Kuhu minna Lahemaal? Events in V\u00f5su. Events in Lahemaa National Park. Kontserdid V\u00f5sul. Kontserdid K\u00e4smus. Viru Folk. Haljala valla kultuurikava.\" \/>\n<meta property=\"og:url\" content=\"https:\/\/visitvosu.com\/en\/sundmused-kultuurikava\/\" \/>\n<meta property=\"og:site_name\" content=\"V\u00d5SU\" \/>\n<meta property=\"article:publisher\" content=\"https:\/\/www.facebook.com\/vosukuurort\" \/>\n<meta property=\"article:modified_time\" content=\"2026-02-26T12:20:26+00:00\" \/>\n<meta property=\"og:image\" content=\"https:\/\/visitvosu.com\/wp-content\/uploads\/2026\/02\/ae92960e-ef11-469e-bcca-dfa5fe348bcf.jpeg\" \/>\n<meta name=\"twitter:card\" content=\"summary_large_image\" \/>\n<meta name=\"twitter:label1\" content=\"Estimated reading time\" \/>\n\t<meta name=\"twitter:data1\" content=\"2 minutes\" \/>\n<script type=\"application\/ld+json\" class=\"yoast-schema-graph\">{\"@context\":\"https:\/\/schema.org\",\"@graph\":[{\"@type\":\"WebPage\",\"@id\":\"https:\/\/visitvosu.com\/sundmused-kultuurikava\/\",\"url\":\"https:\/\/visitvosu.com\/sundmused-kultuurikava\/\",\"name\":\"S\u00fcndmused V\u00f5sul\",\"isPartOf\":{\"@id\":\"https:\/\/visitvosu.com\/#website\"},\"datePublished\":\"2019-05-09T11:07:13+00:00\",\"dateModified\":\"2026-02-26T12:20:26+00:00\",\"description\":\"Kuhu minna V\u00f5sul? Kuhu minna Lahemaal? Events in V\u00f5su. Events in Lahemaa National Park. Kontserdid V\u00f5sul. Kontserdid K\u00e4smus. Viru Folk. Haljala valla kultuurikava.\",\"breadcrumb\":{\"@id\":\"https:\/\/visitvosu.com\/sundmused-kultuurikava\/#breadcrumb\"},\"inLanguage\":\"en-GB\",\"potentialAction\":[{\"@type\":\"ReadAction\",\"target\":[\"https:\/\/visitvosu.com\/sundmused-kultuurikava\/\"]}]},{\"@type\":\"BreadcrumbList\",\"@id\":\"https:\/\/visitvosu.com\/sundmused-kultuurikava\/#breadcrumb\",\"itemListElement\":[{\"@type\":\"ListItem\",\"position\":1,\"name\":\"Home\",\"item\":\"https:\/\/visitvosu.com\/\"},{\"@type\":\"ListItem\",\"position\":2,\"name\":\"S\u00fcndmused kultuurikava\"}]},{\"@type\":\"WebSite\",\"@id\":\"https:\/\/visitvosu.com\/#website\",\"url\":\"https:\/\/visitvosu.com\/\",\"name\":\"V\u00d5SU\",\"description\":\"V\u00f5sul asub siinsete puhkajate \u00fcks lemmikuid liivarandu. V\u00f5su is home to one of the most popular sandy beaches among holidaymakers.\",\"publisher\":{\"@id\":\"https:\/\/visitvosu.com\/#organization\"},\"potentialAction\":[{\"@type\":\"SearchAction\",\"target\":{\"@type\":\"EntryPoint\",\"urlTemplate\":\"https:\/\/visitvosu.com\/?s={search_term_string}\"},\"query-input\":\"required name=search_term_string\"}],\"inLanguage\":\"en-GB\"},{\"@type\":\"Organization\",\"@id\":\"https:\/\/visitvosu.com\/#organization\",\"name\":\"V\u00f5su K\u00fclaselts MT\u00dc\",\"url\":\"https:\/\/visitvosu.com\/\",\"sameAs\":[\"https:\/\/www.facebook.com\/vosukuurort\"],\"logo\":{\"@type\":\"ImageObject\",\"inLanguage\":\"en-GB\",\"@id\":\"https:\/\/visitvosu.com\/#\/schema\/logo\/image\/\",\"url\":\"https:\/\/visitvosu.com\/wp-content\/uploads\/2019\/05\/LogoMakr_02OqiN.png\",\"contentUrl\":\"https:\/\/visitvosu.com\/wp-content\/uploads\/2019\/05\/LogoMakr_02OqiN.png\",\"width\":400,\"height\":151,\"caption\":\"V\u00f5su K\u00fclaselts MT\u00dc\"},\"image\":{\"@id\":\"https:\/\/visitvosu.com\/#\/schema\/logo\/image\/\"}}]}<\/script>\n<!-- \/ Yoast SEO plugin. -->","yoast_head_json":{"title":"S\u00fcndmused V\u00f5sul","description":"Kuhu minna V\u00f5sul? Kuhu minna Lahemaal? Events in V\u00f5su. Events in Lahemaa National Park. Kontserdid V\u00f5sul. Kontserdid K\u00e4smus. Viru Folk. Haljala valla kultuurikava.","robots":{"index":"index","follow":"follow","max-snippet":"max-snippet:-1","max-image-preview":"max-image-preview:large","max-video-preview":"max-video-preview:-1"},"canonical":"https:\/\/visitvosu.com\/en\/sundmused-kultuurikava\/","og_locale":"en_GB","og_type":"article","og_title":"S\u00fcndmused V\u00f5sul","og_description":"Kuhu minna V\u00f5sul? Kuhu minna Lahemaal? Events in V\u00f5su. Events in Lahemaa National Park. Kontserdid V\u00f5sul. Kontserdid K\u00e4smus. Viru Folk. Haljala valla kultuurikava.","og_url":"https:\/\/visitvosu.com\/en\/sundmused-kultuurikava\/","og_site_name":"V\u00d5SU","article_publisher":"https:\/\/www.facebook.com\/vosukuurort","article_modified_time":"2026-02-26T12:20:26+00:00","og_image":[{"url":"https:\/\/visitvosu.com\/wp-content\/uploads\/2026\/02\/ae92960e-ef11-469e-bcca-dfa5fe348bcf.jpeg"}],"twitter_card":"summary_large_image","twitter_misc":{"Estimated reading time":"2 minutes"},"schema":{"@context":"https:\/\/schema.org","@graph":[{"@type":"WebPage","@id":"https:\/\/visitvosu.com\/sundmused-kultuurikava\/","url":"https:\/\/visitvosu.com\/sundmused-kultuurikava\/","name":"S\u00fcndmused V\u00f5sul","isPartOf":{"@id":"https:\/\/visitvosu.com\/#website"},"datePublished":"2019-05-09T11:07:13+00:00","dateModified":"2026-02-26T12:20:26+00:00","description":"Kuhu minna V\u00f5sul? Kuhu minna Lahemaal? Events in V\u00f5su. Events in Lahemaa National Park. Kontserdid V\u00f5sul. Kontserdid K\u00e4smus. Viru Folk. Haljala valla kultuurikava.","breadcrumb":{"@id":"https:\/\/visitvosu.com\/sundmused-kultuurikava\/#breadcrumb"},"inLanguage":"en-GB","potentialAction":[{"@type":"ReadAction","target":["https:\/\/visitvosu.com\/sundmused-kultuurikava\/"]}]},{"@type":"BreadcrumbList","@id":"https:\/\/visitvosu.com\/sundmused-kultuurikava\/#breadcrumb","itemListElement":[{"@type":"ListItem","position":1,"name":"Home","item":"https:\/\/visitvosu.com\/"},{"@type":"ListItem","position":2,"name":"S\u00fcndmused kultuurikava"}]},{"@type":"WebSite","@id":"https:\/\/visitvosu.com\/#website","url":"https:\/\/visitvosu.com\/","name":"V\u00d5SU","description":"V\u00f5sul asub siinsete puhkajate \u00fcks lemmikuid liivarandu. V\u00f5su is home to one of the most popular sandy beaches among holidaymakers.","publisher":{"@id":"https:\/\/visitvosu.com\/#organization"},"potentialAction":[{"@type":"SearchAction","target":{"@type":"EntryPoint","urlTemplate":"https:\/\/visitvosu.com\/?s={search_term_string}"},"query-input":"required name=search_term_string"}],"inLanguage":"en-GB"},{"@type":"Organization","@id":"https:\/\/visitvosu.com\/#organization","name":"V\u00f5su K\u00fclaselts MT\u00dc","url":"https:\/\/visitvosu.com\/","sameAs":["https:\/\/www.facebook.com\/vosukuurort"],"logo":{"@type":"ImageObject","inLanguage":"en-GB","@id":"https:\/\/visitvosu.com\/#\/schema\/logo\/image\/","url":"https:\/\/visitvosu.com\/wp-content\/uploads\/2019\/05\/LogoMakr_02OqiN.png","contentUrl":"https:\/\/visitvosu.com\/wp-content\/uploads\/2019\/05\/LogoMakr_02OqiN.png","width":400,"height":151,"caption":"V\u00f5su K\u00fclaselts MT\u00dc"},"image":{"@id":"https:\/\/visitvosu.com\/#\/schema\/logo\/image\/"}}]}},"_links":{"self":[{"href":"https:\/\/visitvosu.com\/en\/wp-json\/wp\/v2\/pages\/4505"}],"collection":[{"href":"https:\/\/visitvosu.com\/en\/wp-json\/wp\/v2\/pages"}],"about":[{"href":"https:\/\/visitvosu.com\/en\/wp-json\/wp\/v2\/types\/page"}],"author":[{"embeddable":true,"href":"https:\/\/visitvosu.com\/en\/wp-json\/wp\/v2\/users\/1"}],"replies":[{"embeddable":true,"href":"https:\/\/visitvosu.com\/en\/wp-json\/wp\/v2\/comments?post=4505"}],"version-history":[{"count":193,"href":"https:\/\/visitvosu.com\/en\/wp-json\/wp\/v2\/pages\/4505\/revisions"}],"predecessor-version":[{"id":7966,"href":"https:\/\/visitvosu.com\/en\/wp-json\/wp\/v2\/pages\/4505\/revisions\/7966"}],"wp:attachment":[{"href":"https:\/\/visitvosu.com\/en\/wp-json\/wp\/v2\/media?parent=4505"}],"curies":[{"name":"wp","href":"https:\/\/api.w.org\/{rel}","templated":true}]}}