{"id":3477,"date":"2019-05-01T12:03:41","date_gmt":"2019-05-01T12:03:41","guid":{"rendered":"https:\/\/visitvosu.com\/?page_id=3477"},"modified":"2019-06-18T15:30:04","modified_gmt":"2019-06-18T12:30:04","slug":"kulinaarneretk","status":"publish","type":"page","link":"https:\/\/visitvosu.com\/en\/kulinaarneretk\/","title":{"rendered":"kulinaarneretk"},"content":{"rendered":"<div data-elementor-type=\"wp-post\" data-elementor-id=\"3477\" class=\"elementor elementor-3477\" data-elementor-settings=\"[]\">\n\t\t\t<div class=\"elementor-inner\">\n\t\t\t\t<div class=\"elementor-section-wrap\">\n\t\t\t\t\t\t\t<section class=\"elementor-element elementor-element-8428a0 elementor-section-height-min-height elementor-section-content-middle elementor-section-full_width elementor-section-items-bottom elementor-section-height-default elementor-section elementor-top-section\" data-id=\"8428a0\" data-element_type=\"section\" data-settings=\"{&quot;background_background&quot;:&quot;classic&quot;}\">\n\t\t\t\t\t\t\t<div class=\"elementor-background-overlay\"><\/div>\n\t\t\t\t\t\t\t<div class=\"elementor-container elementor-column-gap-narrow\">\n\t\t\t\t<div class=\"elementor-row\">\n\t\t\t\t<div class=\"elementor-element elementor-element-2846a735 elementor-column elementor-col-100 elementor-top-column\" data-id=\"2846a735\" data-element_type=\"column\">\n\t\t\t<div class=\"elementor-column-wrap\">\n\t\t\t\t\t<div class=\"elementor-widget-wrap\">\n\t\t\t\t\t\t<\/div>\n\t\t\t<\/div>\n\t\t<\/div>\n\t\t\t\t\t\t<\/div>\n\t\t\t<\/div>\n\t\t<\/section>\n\t\t\t\t<section class=\"elementor-element elementor-element-7c0befce elementor-section-boxed elementor-section-height-default elementor-section-height-default elementor-section elementor-top-section\" data-id=\"7c0befce\" data-element_type=\"section\">\n\t\t\t\t\t\t<div class=\"elementor-container elementor-column-gap-default\">\n\t\t\t\t<div class=\"elementor-row\">\n\t\t\t\t<div class=\"elementor-element elementor-element-2f96005 elementor-column elementor-col-100 elementor-top-column\" data-id=\"2f96005\" data-element_type=\"column\">\n\t\t\t<div class=\"elementor-column-wrap  elementor-element-populated\">\n\t\t\t\t\t<div class=\"elementor-widget-wrap\">\n\t\t\t\t<div class=\"elementor-element elementor-element-49cbaf0d elementor-widget elementor-widget-spacer\" data-id=\"49cbaf0d\" data-element_type=\"widget\" data-widget_type=\"spacer.default\">\n\t\t\t\t<div class=\"elementor-widget-container\">\n\t\t\t\t\t<div class=\"elementor-spacer\">\n\t\t\t<div class=\"elementor-spacer-inner\"><\/div>\n\t\t<\/div>\n\t\t\t\t<\/div>\n\t\t\t\t<\/div>\n\t\t\t\t\t\t<\/div>\n\t\t\t<\/div>\n\t\t<\/div>\n\t\t\t\t\t\t<\/div>\n\t\t\t<\/div>\n\t\t<\/section>\n\t\t\t\t<section class=\"elementor-element elementor-element-41c97582 elementor-section-boxed elementor-section-height-default elementor-section-height-default elementor-section elementor-top-section\" data-id=\"41c97582\" data-element_type=\"section\">\n\t\t\t\t\t\t<div class=\"elementor-container elementor-column-gap-default\">\n\t\t\t\t<div class=\"elementor-row\">\n\t\t\t\t<div class=\"elementor-element elementor-element-3f0907af elementor-column elementor-col-50 elementor-top-column\" data-id=\"3f0907af\" data-element_type=\"column\">\n\t\t\t<div class=\"elementor-column-wrap  elementor-element-populated\">\n\t\t\t\t\t<div class=\"elementor-widget-wrap\">\n\t\t\t\t<div class=\"elementor-element elementor-element-4c7931d1 elementor-widget elementor-widget-heading\" data-id=\"4c7931d1\" data-element_type=\"widget\" data-widget_type=\"heading.default\">\n\t\t\t\t<div class=\"elementor-widget-container\">\n\t\t\t<h2 class=\"elementor-heading-title elementor-size-default\">Romantic Northern Coast<\/h2>\t\t<\/div>\n\t\t\t\t<\/div>\n\t\t\t\t<div class=\"elementor-element elementor-element-4eaef3cc elementor-widget elementor-widget-text-editor\" data-id=\"4eaef3cc\" data-element_type=\"widget\" data-widget_type=\"text-editor.default\">\n\t\t\t\t<div class=\"elementor-widget-container\">\n\t\t\t\t\t<div class=\"elementor-text-editor elementor-clearfix\"><p>Romantic Northern Coast, a true gastronomic discovery trip, invites you to Lahemaa \u2013 the land of primaeval nature, romantic coastal villages, eco-farms, sea and manors; these are the very roots of our cuisine.\nIn addition to a gorgeous landscape, you can expect to enjoy delicious and exciting food stops \u2013 a picnic on a bog island, wine tasting in a manor, fish in a coastal tavern, freshly baked bread at a water mill, a shot of vodka at an old distillery (accompanied by legends about bootleggers), followed by a festive dinner in the ballroom of a manor, featuring seasonal and freshly harvested produce from the manor garden. <br \/>The price is for a group of at least 25 people.\u00a0<\/p><\/div>\n\t\t\t\t<\/div>\n\t\t\t\t<\/div>\n\t\t\t\t\t\t<\/div>\n\t\t\t<\/div>\n\t\t<\/div>\n\t\t\t\t<div class=\"elementor-element elementor-element-53a0868 elementor-column elementor-col-50 elementor-top-column\" data-id=\"53a0868\" data-element_type=\"column\">\n\t\t\t<div class=\"elementor-column-wrap  elementor-element-populated\">\n\t\t\t\t\t<div class=\"elementor-widget-wrap\">\n\t\t\t\t<div class=\"elementor-element elementor-element-7fb1467 elementor-widget__width-inherit elementor-align-left elementor-icon-list--layout-traditional elementor-widget elementor-widget-icon-list\" data-id=\"7fb1467\" data-element_type=\"widget\" data-widget_type=\"icon-list.default\">\n\t\t\t\t<div class=\"elementor-widget-container\">\n\t\t\t\t\t<ul class=\"elementor-icon-list-items\">\n\t\t\t\t\t\t\t<li class=\"elementor-icon-list-item\" >\n\t\t\t\t\t\t\t\t\t\t\t<span class=\"elementor-icon-list-icon\">\n\t\t\t\t\t\t\t\t\t\t\t\t\t\t\t\t<i class=\"fa fa-map-marker\" aria-hidden=\"true\"><\/i>\n\t\t\t\t\t\t\t\t\t\t\t\t\t<\/span>\n\t\t\t\t\t\t\t\t\t\t<span class=\"elementor-icon-list-text\">Niguliste 2, Tallinn, Harjumaa<\/span>\n\t\t\t\t\t\t\t\t\t<\/li>\n\t\t\t\t\t\t\t\t<li class=\"elementor-icon-list-item\" >\n\t\t\t\t\t\t\t\t\t\t\t<span class=\"elementor-icon-list-icon\">\n\t\t\t\t\t\t\t\t\t\t\t\t\t\t\t\t<i class=\"fa fa-envelope-square\" aria-hidden=\"true\"><\/i>\n\t\t\t\t\t\t\t\t\t\t\t\t\t<\/span>\n\t\t\t\t\t\t\t\t\t\t<span class=\"elementor-icon-list-text\">info@foodsightseeing.ee<\/span>\n\t\t\t\t\t\t\t\t\t<\/li>\n\t\t\t\t\t\t\t\t<li class=\"elementor-icon-list-item\" >\n\t\t\t\t\t\t\t\t\t\t\t<span class=\"elementor-icon-list-icon\">\n\t\t\t\t\t\t\t\t\t\t\t\t\t\t\t\t<i class=\"fa fa-phone-square\" aria-hidden=\"true\"><\/i>\n\t\t\t\t\t\t\t\t\t\t\t\t\t<\/span>\n\t\t\t\t\t\t\t\t\t\t<span class=\"elementor-icon-list-text\">(+372) 525 0519<\/span>\n\t\t\t\t\t\t\t\t\t<\/li>\n\t\t\t\t\t\t\t\t<li class=\"elementor-icon-list-item\" >\n\t\t\t\t\t<a href=\"https:\/\/foodsightseeing.ee\/tours\/romantic\" target=\"_blank\">\t\t\t\t\t\t<span class=\"elementor-icon-list-icon\">\n\t\t\t\t\t\t\t\t\t\t\t\t\t\t\t\t<i class=\"fa fa-home\" aria-hidden=\"true\"><\/i>\n\t\t\t\t\t\t\t\t\t\t\t\t\t<\/span>\n\t\t\t\t\t\t\t\t\t\t<span class=\"elementor-icon-list-text\">https:\/\/foodsightseeing.ee<\/span>\n\t\t\t\t\t\t\t\t\t\t\t<\/a>\n\t\t\t\t\t\t\t\t\t<\/li>\n\t\t\t\t\t\t<\/ul>\n\t\t\t\t<\/div>\n\t\t\t\t<\/div>\n\t\t\t\t<section class=\"elementor-element elementor-element-e94205b elementor-section-height-min-height elementor-section-boxed elementor-section-height-default elementor-section elementor-inner-section\" data-id=\"e94205b\" data-element_type=\"section\">\n\t\t\t\t\t\t<div class=\"elementor-container elementor-column-gap-narrow\">\n\t\t\t\t<div class=\"elementor-row\">\n\t\t\t\t<div class=\"elementor-element elementor-element-7fd2c4ca elementor-column elementor-col-100 elementor-inner-column\" data-id=\"7fd2c4ca\" data-element_type=\"column\">\n\t\t\t<div class=\"elementor-column-wrap  elementor-element-populated\">\n\t\t\t\t\t<div class=\"elementor-widget-wrap\">\n\t\t\t\t<div class=\"elementor-element elementor-element-79ee1fb elementor-widget elementor-widget-google_maps\" data-id=\"79ee1fb\" data-element_type=\"widget\" data-widget_type=\"google_maps.default\">\n\t\t\t\t<div class=\"elementor-widget-container\">\n\t\t\t<div class=\"elementor-custom-embed\"><iframe frameborder=\"0\" scrolling=\"no\" marginheight=\"0\" marginwidth=\"0\" src=\"https:\/\/maps.google.com\/maps?q=59%C2%B026%2711%27%27N%2024%C2%B044%2738%27%27E&amp;t=m&amp;z=10&amp;output=embed&amp;iwloc=near\" aria-label=\"59\u00b026&#039;11&#039;&#039;N 24\u00b044&#039;38&#039;&#039;E\"><\/iframe><\/div>\t\t<\/div>\n\t\t\t\t<\/div>\n\t\t\t\t\t\t<\/div>\n\t\t\t<\/div>\n\t\t<\/div>\n\t\t\t\t\t\t<\/div>\n\t\t\t<\/div>\n\t\t<\/section>\n\t\t\t\t\t\t<\/div>\n\t\t\t<\/div>\n\t\t<\/div>\n\t\t\t\t\t\t<\/div>\n\t\t\t<\/div>\n\t\t<\/section>\n\t\t\t\t<section class=\"elementor-element elementor-element-315cc783 elementor-section-boxed elementor-section-height-default elementor-section-height-default elementor-section elementor-top-section\" data-id=\"315cc783\" data-element_type=\"section\">\n\t\t\t\t\t\t<div class=\"elementor-container elementor-column-gap-default\">\n\t\t\t\t<div class=\"elementor-row\">\n\t\t\t\t<div class=\"elementor-element elementor-element-79cd81b2 elementor-column elementor-col-100 elementor-top-column\" data-id=\"79cd81b2\" data-element_type=\"column\">\n\t\t\t<div class=\"elementor-column-wrap  elementor-element-populated\">\n\t\t\t\t\t<div class=\"elementor-widget-wrap\">\n\t\t\t\t<div class=\"elementor-element elementor-element-564fab69 elementor-widget elementor-widget-spacer\" data-id=\"564fab69\" data-element_type=\"widget\" data-widget_type=\"spacer.default\">\n\t\t\t\t<div class=\"elementor-widget-container\">\n\t\t\t\t\t<div class=\"elementor-spacer\">\n\t\t\t<div class=\"elementor-spacer-inner\"><\/div>\n\t\t<\/div>\n\t\t\t\t<\/div>\n\t\t\t\t<\/div>\n\t\t\t\t\t\t<\/div>\n\t\t\t<\/div>\n\t\t<\/div>\n\t\t\t\t\t\t<\/div>\n\t\t\t<\/div>\n\t\t<\/section>\n\t\t\t\t<section class=\"elementor-element elementor-element-161ce03 elementor-section-boxed elementor-section-height-default elementor-section-height-default elementor-section elementor-top-section\" data-id=\"161ce03\" data-element_type=\"section\">\n\t\t\t\t\t\t<div class=\"elementor-container elementor-column-gap-default\">\n\t\t\t\t<div class=\"elementor-row\">\n\t\t\t\t<div class=\"elementor-element elementor-element-3ecb6997 elementor-column elementor-col-100 elementor-top-column\" data-id=\"3ecb6997\" data-element_type=\"column\">\n\t\t\t<div class=\"elementor-column-wrap  elementor-element-populated\">\n\t\t\t\t\t<div class=\"elementor-widget-wrap\">\n\t\t\t\t<div class=\"elementor-element elementor-element-2afa7e1 elementor-pagination-position-outside elementor-widget elementor-widget-image-carousel\" data-id=\"2afa7e1\" data-element_type=\"widget\" data-settings=\"{&quot;navigation&quot;:&quot;dots&quot;,&quot;slides_to_show&quot;:&quot;3&quot;,&quot;autoplay_speed&quot;:2000,&quot;autoplay&quot;:&quot;yes&quot;,&quot;pause_on_hover&quot;:&quot;yes&quot;,&quot;pause_on_interaction&quot;:&quot;yes&quot;,&quot;infinite&quot;:&quot;yes&quot;,&quot;speed&quot;:500,&quot;direction&quot;:&quot;ltr&quot;}\" data-widget_type=\"image-carousel.default\">\n\t\t\t\t<div class=\"elementor-widget-container\">\n\t\t\t\t\t<div class=\"elementor-image-carousel-wrapper swiper-container\" dir=\"ltr\">\n\t\t\t<div class=\"elementor-image-carousel swiper-wrapper\">\n\t\t\t\t<div class=\"swiper-slide\"><figure class=\"swiper-slide-inner\"><img class=\"swiper-slide-image\" src=\"https:\/\/visitvosu.com\/wp-content\/uploads\/elementor\/thumbs\/IMG_1575_-pps71pfgctgao44sv473t69kql8a0ykpfne4a4qjj4.jpg\" alt=\"IMG_1575_\" \/><\/figure><\/div><div class=\"swiper-slide\"><figure class=\"swiper-slide-inner\"><img class=\"swiper-slide-image\" src=\"https:\/\/visitvosu.com\/wp-content\/uploads\/elementor\/thumbs\/2017-09-0617.42.17_-pps71qdajnhkzq3fpmlqdo11bz3n8nofrs1lrep5cw.jpg\" alt=\"2017-09-06+17.42.17_\" \/><\/figure><\/div><div class=\"swiper-slide\"><figure class=\"swiper-slide-inner\"><img class=\"swiper-slide-image\" src=\"https:\/\/visitvosu.com\/wp-content\/uploads\/elementor\/thumbs\/SeasideatLNP_-1-pps71qdajnhkzq3fpmlqdo11bz3n8nofrs1lrep5cw.jpg\" alt=\"Seaside+at+LNP_\" \/><\/figure><\/div><div class=\"swiper-slide\"><figure class=\"swiper-slide-inner\"><img class=\"swiper-slide-image\" src=\"https:\/\/visitvosu.com\/wp-content\/uploads\/elementor\/thumbs\/Mer_Mer_rannik_-pps71pfgctgao44sv473t69kql8a0ykpfne4a4qjj4.jpeg\" alt=\"Mer_Mer_rannik_\" \/><\/figure><\/div><div class=\"swiper-slide\"><figure class=\"swiper-slide-inner\"><img class=\"swiper-slide-image\" src=\"https:\/\/visitvosu.com\/wp-content\/uploads\/elementor\/thumbs\/seenedlaual_-pps71rb4qhivbc22k50cy5shxcz0gcs63wp38onr6o.jpg\" alt=\"seened+laual_\" \/><\/figure><\/div>\t\t\t<\/div>\n\t\t\t\t\t\t\t\t\t\t\t\t<div class=\"swiper-pagination\"><\/div>\n\t\t\t\t\t\t\t\t\t\t\t\t\t<\/div>\n\t\t\t\t<\/div>\n\t\t\t\t<\/div>\n\t\t\t\t\t\t<\/div>\n\t\t\t<\/div>\n\t\t<\/div>\n\t\t\t\t\t\t<\/div>\n\t\t\t<\/div>\n\t\t<\/section>\n\t\t\t\t<section class=\"elementor-element elementor-element-4c9b0b70 elementor-section-boxed elementor-section-height-default elementor-section-height-default elementor-section elementor-top-section\" data-id=\"4c9b0b70\" data-element_type=\"section\">\n\t\t\t\t\t\t<div class=\"elementor-container elementor-column-gap-default\">\n\t\t\t\t<div class=\"elementor-row\">\n\t\t\t\t<div class=\"elementor-element elementor-element-1ad1f835 elementor-column elementor-col-100 elementor-top-column\" data-id=\"1ad1f835\" data-element_type=\"column\">\n\t\t\t<div class=\"elementor-column-wrap  elementor-element-populated\">\n\t\t\t\t\t<div class=\"elementor-widget-wrap\">\n\t\t\t\t<div class=\"elementor-element elementor-element-6d644df6 elementor-widget elementor-widget-spacer\" data-id=\"6d644df6\" data-element_type=\"widget\" data-widget_type=\"spacer.default\">\n\t\t\t\t<div class=\"elementor-widget-container\">\n\t\t\t\t\t<div class=\"elementor-spacer\">\n\t\t\t<div class=\"elementor-spacer-inner\"><\/div>\n\t\t<\/div>\n\t\t\t\t<\/div>\n\t\t\t\t<\/div>\n\t\t\t\t\t\t<\/div>\n\t\t\t<\/div>\n\t\t<\/div>\n\t\t\t\t\t\t<\/div>\n\t\t\t<\/div>\n\t\t<\/section>\n\t\t\t\t\t\t<\/div>\n\t\t\t<\/div>\n\t\t<\/div>","protected":false},"excerpt":{"rendered":"<p>romantiline p\u00f5hjarannik Kulinaarne avastusretk &#8220;Romantiline P\u00f5hjarannik&#8221;\u00a0kutsub Lahemaale, \u00fcrgse looduse, romantiliste rannak\u00fclade, mahetalude, mere\u00a0ning m\u00f5isate maale \u2013 juurte juurde, millest ongi kujunenud meie k\u00f6\u00f6gikultuur.\u00a0Lisaks v\u00f5rratutele maastikele ootavad Teid maitsvad ja elamuslikud\u00a0peatused: [&hellip;]<\/p>\n","protected":false},"author":1,"featured_media":0,"parent":0,"menu_order":0,"comment_status":"closed","ping_status":"closed","template":"","meta":{"_EventAllDay":false,"_EventTimezone":"","_EventStartDate":"","_EventEndDate":"","_EventStartDateUTC":"","_EventEndDateUTC":"","_EventShowMap":false,"_EventShowMapLink":false,"_EventURL":"","_EventCost":"","_EventCostDescription":"","_EventCurrencySymbol":"","_EventCurrencyCode":"","_EventCurrencyPosition":"","_EventDateTimeSeparator":"","_EventTimeRangeSeparator":"","_EventOrganizerID":[],"_EventVenueID":0,"_OrganizerEmail":"","_OrganizerPhone":"","_OrganizerWebsite":"","_VenueAddress":"","_VenueCity":"","_VenueCountry":"","_VenueProvince":"","_VenueZip":"","_VenuePhone":"","_VenueURL":"","_VenueStateProvince":"","_VenueLat":"","_VenueLng":"","ocean_post_layout":"full-screen","ocean_both_sidebars_style":"","ocean_both_sidebars_content_width":0,"ocean_both_sidebars_sidebars_width":0,"ocean_sidebar":"0","ocean_second_sidebar":"0","ocean_disable_margins":"enable","ocean_add_body_class":"","ocean_shortcode_before_top_bar":"","ocean_shortcode_after_top_bar":"","ocean_shortcode_before_header":"","ocean_shortcode_after_header":"","ocean_has_shortcode":"","ocean_shortcode_after_title":"","ocean_shortcode_before_footer_widgets":"","ocean_shortcode_after_footer_widgets":"","ocean_shortcode_before_footer_bottom":"","ocean_shortcode_after_footer_bottom":"","ocean_display_top_bar":"default","ocean_display_header":"default","ocean_header_style":"","ocean_center_header_left_menu":"0","ocean_custom_header_template":"0","ocean_custom_logo":0,"ocean_custom_retina_logo":0,"ocean_custom_logo_max_width":0,"ocean_custom_logo_tablet_max_width":0,"ocean_custom_logo_mobile_max_width":0,"ocean_custom_logo_max_height":0,"ocean_custom_logo_tablet_max_height":0,"ocean_custom_logo_mobile_max_height":0,"ocean_header_custom_menu":"0","ocean_menu_typo_font_family":"0","ocean_menu_typo_font_subset":"","ocean_menu_typo_font_size":0,"ocean_menu_typo_font_size_tablet":0,"ocean_menu_typo_font_size_mobile":0,"ocean_menu_typo_font_size_unit":"px","ocean_menu_typo_font_weight":"","ocean_menu_typo_font_weight_tablet":"","ocean_menu_typo_font_weight_mobile":"","ocean_menu_typo_transform":"","ocean_menu_typo_transform_tablet":"","ocean_menu_typo_transform_mobile":"","ocean_menu_typo_line_height":0,"ocean_menu_typo_line_height_tablet":0,"ocean_menu_typo_line_height_mobile":0,"ocean_menu_typo_line_height_unit":"","ocean_menu_typo_spacing":0,"ocean_menu_typo_spacing_tablet":0,"ocean_menu_typo_spacing_mobile":0,"ocean_menu_typo_spacing_unit":"","ocean_menu_link_color":"","ocean_menu_link_color_hover":"","ocean_menu_link_color_active":"","ocean_menu_link_background":"","ocean_menu_link_hover_background":"","ocean_menu_link_active_background":"","ocean_menu_social_links_bg":"","ocean_menu_social_hover_links_bg":"","ocean_menu_social_links_color":"","ocean_menu_social_hover_links_color":"","ocean_disable_title":"on","ocean_disable_heading":"default","ocean_post_title":"","ocean_post_subheading":"","ocean_post_title_style":"","ocean_post_title_background_color":"","ocean_post_title_background":0,"ocean_post_title_bg_image_position":"","ocean_post_title_bg_image_attachment":"","ocean_post_title_bg_image_repeat":"","ocean_post_title_bg_image_size":"","ocean_post_title_height":0,"ocean_post_title_bg_overlay":0.5,"ocean_post_title_bg_overlay_color":"","ocean_disable_breadcrumbs":"default","ocean_breadcrumbs_color":"","ocean_breadcrumbs_separator_color":"","ocean_breadcrumbs_links_color":"","ocean_breadcrumbs_links_hover_color":"","ocean_display_footer_widgets":"default","ocean_display_footer_bottom":"default","ocean_custom_footer_template":"0"},"yoast_head":"<!-- This site is optimized with the Yoast SEO plugin v19.6.1 - https:\/\/yoast.com\/wordpress\/plugins\/seo\/ -->\n<title>kulinaarneretk &ndash; V\u00d5SU<\/title>\n<meta name=\"description\" content=\"romantiline p\u00f5hjarannik Kulinaarne avastusretk &quot;Romantiline P\u00f5hjarannik&quot;\u00a0kutsub Lahemaale, \u00fcrgse looduse, romantiliste rannak\u00fclade, mahetalude, mere\u00a0ning\" \/>\n<meta name=\"robots\" content=\"index, follow, max-snippet:-1, max-image-preview:large, max-video-preview:-1\" \/>\n<link rel=\"canonical\" href=\"https:\/\/visitvosu.com\/en\/kulinaarneretk\/\" \/>\n<meta property=\"og:locale\" content=\"en_GB\" \/>\n<meta property=\"og:type\" content=\"article\" \/>\n<meta property=\"og:title\" content=\"kulinaarneretk &ndash; V\u00d5SU\" \/>\n<meta property=\"og:description\" content=\"romantiline p\u00f5hjarannik Kulinaarne avastusretk &quot;Romantiline P\u00f5hjarannik&quot;\u00a0kutsub Lahemaale, \u00fcrgse looduse, romantiliste rannak\u00fclade, mahetalude, mere\u00a0ning\" \/>\n<meta property=\"og:url\" content=\"https:\/\/visitvosu.com\/en\/kulinaarneretk\/\" \/>\n<meta property=\"og:site_name\" content=\"V\u00d5SU\" \/>\n<meta property=\"article:publisher\" content=\"https:\/\/www.facebook.com\/vosukuurort\" \/>\n<meta property=\"article:modified_time\" content=\"2019-06-18T12:30:04+00:00\" \/>\n<meta property=\"og:image\" content=\"https:\/\/visitvosu.com\/wp-content\/uploads\/elementor\/thumbs\/IMG_1575_-o76j0gdgjitb2lna9yf5z90yrqctvrb9bcemh460rk.jpg\" \/>\n<meta name=\"twitter:card\" content=\"summary_large_image\" \/>\n<script type=\"application\/ld+json\" class=\"yoast-schema-graph\">{\"@context\":\"https:\/\/schema.org\",\"@graph\":[{\"@type\":\"WebPage\",\"@id\":\"https:\/\/visitvosu.com\/kulinaarneretk\/\",\"url\":\"https:\/\/visitvosu.com\/kulinaarneretk\/\",\"name\":\"kulinaarneretk &ndash; V\u00d5SU\",\"isPartOf\":{\"@id\":\"https:\/\/visitvosu.com\/#website\"},\"datePublished\":\"2019-05-01T12:03:41+00:00\",\"dateModified\":\"2019-06-18T12:30:04+00:00\",\"description\":\"romantiline p\u00f5hjarannik Kulinaarne avastusretk \\\"Romantiline P\u00f5hjarannik\\\"\u00a0kutsub Lahemaale, \u00fcrgse looduse, romantiliste rannak\u00fclade, mahetalude, mere\u00a0ning\",\"breadcrumb\":{\"@id\":\"https:\/\/visitvosu.com\/kulinaarneretk\/#breadcrumb\"},\"inLanguage\":\"en-GB\",\"potentialAction\":[{\"@type\":\"ReadAction\",\"target\":[\"https:\/\/visitvosu.com\/kulinaarneretk\/\"]}]},{\"@type\":\"BreadcrumbList\",\"@id\":\"https:\/\/visitvosu.com\/kulinaarneretk\/#breadcrumb\",\"itemListElement\":[{\"@type\":\"ListItem\",\"position\":1,\"name\":\"Home\",\"item\":\"https:\/\/visitvosu.com\/\"},{\"@type\":\"ListItem\",\"position\":2,\"name\":\"kulinaarneretk\"}]},{\"@type\":\"WebSite\",\"@id\":\"https:\/\/visitvosu.com\/#website\",\"url\":\"https:\/\/visitvosu.com\/\",\"name\":\"V\u00d5SU\",\"description\":\"V\u00f5sul asub siinsete puhkajate \u00fcks lemmikuid liivarandu. V\u00f5su is home to one of the most popular sandy beaches among holidaymakers.\",\"publisher\":{\"@id\":\"https:\/\/visitvosu.com\/#organization\"},\"potentialAction\":[{\"@type\":\"SearchAction\",\"target\":{\"@type\":\"EntryPoint\",\"urlTemplate\":\"https:\/\/visitvosu.com\/?s={search_term_string}\"},\"query-input\":\"required name=search_term_string\"}],\"inLanguage\":\"en-GB\"},{\"@type\":\"Organization\",\"@id\":\"https:\/\/visitvosu.com\/#organization\",\"name\":\"V\u00f5su K\u00fclaselts MT\u00dc\",\"url\":\"https:\/\/visitvosu.com\/\",\"sameAs\":[\"https:\/\/www.facebook.com\/vosukuurort\"],\"logo\":{\"@type\":\"ImageObject\",\"inLanguage\":\"en-GB\",\"@id\":\"https:\/\/visitvosu.com\/#\/schema\/logo\/image\/\",\"url\":\"https:\/\/visitvosu.com\/wp-content\/uploads\/2019\/05\/LogoMakr_02OqiN.png\",\"contentUrl\":\"https:\/\/visitvosu.com\/wp-content\/uploads\/2019\/05\/LogoMakr_02OqiN.png\",\"width\":400,\"height\":151,\"caption\":\"V\u00f5su K\u00fclaselts MT\u00dc\"},\"image\":{\"@id\":\"https:\/\/visitvosu.com\/#\/schema\/logo\/image\/\"}}]}<\/script>\n<!-- \/ Yoast SEO plugin. -->","yoast_head_json":{"title":"kulinaarneretk &ndash; V\u00d5SU","description":"romantiline p\u00f5hjarannik Kulinaarne avastusretk \"Romantiline P\u00f5hjarannik\"\u00a0kutsub Lahemaale, \u00fcrgse looduse, romantiliste rannak\u00fclade, mahetalude, mere\u00a0ning","robots":{"index":"index","follow":"follow","max-snippet":"max-snippet:-1","max-image-preview":"max-image-preview:large","max-video-preview":"max-video-preview:-1"},"canonical":"https:\/\/visitvosu.com\/en\/kulinaarneretk\/","og_locale":"en_GB","og_type":"article","og_title":"kulinaarneretk &ndash; V\u00d5SU","og_description":"romantiline p\u00f5hjarannik Kulinaarne avastusretk \"Romantiline P\u00f5hjarannik\"\u00a0kutsub Lahemaale, \u00fcrgse looduse, romantiliste rannak\u00fclade, mahetalude, mere\u00a0ning","og_url":"https:\/\/visitvosu.com\/en\/kulinaarneretk\/","og_site_name":"V\u00d5SU","article_publisher":"https:\/\/www.facebook.com\/vosukuurort","article_modified_time":"2019-06-18T12:30:04+00:00","og_image":[{"url":"https:\/\/visitvosu.com\/wp-content\/uploads\/elementor\/thumbs\/IMG_1575_-o76j0gdgjitb2lna9yf5z90yrqctvrb9bcemh460rk.jpg"}],"twitter_card":"summary_large_image","schema":{"@context":"https:\/\/schema.org","@graph":[{"@type":"WebPage","@id":"https:\/\/visitvosu.com\/kulinaarneretk\/","url":"https:\/\/visitvosu.com\/kulinaarneretk\/","name":"kulinaarneretk &ndash; V\u00d5SU","isPartOf":{"@id":"https:\/\/visitvosu.com\/#website"},"datePublished":"2019-05-01T12:03:41+00:00","dateModified":"2019-06-18T12:30:04+00:00","description":"romantiline p\u00f5hjarannik Kulinaarne avastusretk \"Romantiline P\u00f5hjarannik\"\u00a0kutsub Lahemaale, \u00fcrgse looduse, romantiliste rannak\u00fclade, mahetalude, mere\u00a0ning","breadcrumb":{"@id":"https:\/\/visitvosu.com\/kulinaarneretk\/#breadcrumb"},"inLanguage":"en-GB","potentialAction":[{"@type":"ReadAction","target":["https:\/\/visitvosu.com\/kulinaarneretk\/"]}]},{"@type":"BreadcrumbList","@id":"https:\/\/visitvosu.com\/kulinaarneretk\/#breadcrumb","itemListElement":[{"@type":"ListItem","position":1,"name":"Home","item":"https:\/\/visitvosu.com\/"},{"@type":"ListItem","position":2,"name":"kulinaarneretk"}]},{"@type":"WebSite","@id":"https:\/\/visitvosu.com\/#website","url":"https:\/\/visitvosu.com\/","name":"V\u00d5SU","description":"V\u00f5sul asub siinsete puhkajate \u00fcks lemmikuid liivarandu. V\u00f5su is home to one of the most popular sandy beaches among holidaymakers.","publisher":{"@id":"https:\/\/visitvosu.com\/#organization"},"potentialAction":[{"@type":"SearchAction","target":{"@type":"EntryPoint","urlTemplate":"https:\/\/visitvosu.com\/?s={search_term_string}"},"query-input":"required name=search_term_string"}],"inLanguage":"en-GB"},{"@type":"Organization","@id":"https:\/\/visitvosu.com\/#organization","name":"V\u00f5su K\u00fclaselts MT\u00dc","url":"https:\/\/visitvosu.com\/","sameAs":["https:\/\/www.facebook.com\/vosukuurort"],"logo":{"@type":"ImageObject","inLanguage":"en-GB","@id":"https:\/\/visitvosu.com\/#\/schema\/logo\/image\/","url":"https:\/\/visitvosu.com\/wp-content\/uploads\/2019\/05\/LogoMakr_02OqiN.png","contentUrl":"https:\/\/visitvosu.com\/wp-content\/uploads\/2019\/05\/LogoMakr_02OqiN.png","width":400,"height":151,"caption":"V\u00f5su K\u00fclaselts MT\u00dc"},"image":{"@id":"https:\/\/visitvosu.com\/#\/schema\/logo\/image\/"}}]}},"_links":{"self":[{"href":"https:\/\/visitvosu.com\/en\/wp-json\/wp\/v2\/pages\/3477"}],"collection":[{"href":"https:\/\/visitvosu.com\/en\/wp-json\/wp\/v2\/pages"}],"about":[{"href":"https:\/\/visitvosu.com\/en\/wp-json\/wp\/v2\/types\/page"}],"author":[{"embeddable":true,"href":"https:\/\/visitvosu.com\/en\/wp-json\/wp\/v2\/users\/1"}],"replies":[{"embeddable":true,"href":"https:\/\/visitvosu.com\/en\/wp-json\/wp\/v2\/comments?post=3477"}],"version-history":[{"count":7,"href":"https:\/\/visitvosu.com\/en\/wp-json\/wp\/v2\/pages\/3477\/revisions"}],"predecessor-version":[{"id":4938,"href":"https:\/\/visitvosu.com\/en\/wp-json\/wp\/v2\/pages\/3477\/revisions\/4938"}],"wp:attachment":[{"href":"https:\/\/visitvosu.com\/en\/wp-json\/wp\/v2\/media?parent=3477"}],"curies":[{"name":"wp","href":"https:\/\/api.w.org\/{rel}","templated":true}]}}