{"id":3346,"date":"2019-04-30T21:37:54","date_gmt":"2019-04-30T21:37:54","guid":{"rendered":"https:\/\/visitvosu.com\/?page_id=3346"},"modified":"2019-05-21T15:41:07","modified_gmt":"2019-05-21T12:41:07","slug":"vosuverandarattad","status":"publish","type":"page","link":"https:\/\/visitvosu.com\/en\/vosuverandarattad\/","title":{"rendered":"vosuverandarattad"},"content":{"rendered":"<div data-elementor-type=\"wp-post\" data-elementor-id=\"3346\" class=\"elementor elementor-3346\" data-elementor-settings=\"[]\">\n\t\t\t<div class=\"elementor-inner\">\n\t\t\t\t<div class=\"elementor-section-wrap\">\n\t\t\t\t\t\t\t<section class=\"elementor-element elementor-element-41b20b63 elementor-section-height-min-height elementor-section-content-middle elementor-section-full_width elementor-section-items-bottom elementor-section-height-default elementor-section elementor-top-section\" data-id=\"41b20b63\" data-element_type=\"section\" data-settings=\"{&quot;background_background&quot;:&quot;classic&quot;}\">\n\t\t\t\t\t\t\t<div class=\"elementor-background-overlay\"><\/div>\n\t\t\t\t\t\t\t<div class=\"elementor-container elementor-column-gap-narrow\">\n\t\t\t\t<div class=\"elementor-row\">\n\t\t\t\t<div class=\"elementor-element elementor-element-dcbc6d8 elementor-column elementor-col-100 elementor-top-column\" data-id=\"dcbc6d8\" data-element_type=\"column\">\n\t\t\t<div class=\"elementor-column-wrap\">\n\t\t\t\t\t<div class=\"elementor-widget-wrap\">\n\t\t\t\t\t\t<\/div>\n\t\t\t<\/div>\n\t\t<\/div>\n\t\t\t\t\t\t<\/div>\n\t\t\t<\/div>\n\t\t<\/section>\n\t\t\t\t<section class=\"elementor-element elementor-element-67e9280f elementor-section-boxed elementor-section-height-default elementor-section-height-default elementor-section elementor-top-section\" data-id=\"67e9280f\" data-element_type=\"section\">\n\t\t\t\t\t\t<div class=\"elementor-container elementor-column-gap-default\">\n\t\t\t\t<div class=\"elementor-row\">\n\t\t\t\t<div class=\"elementor-element elementor-element-22177b97 elementor-column elementor-col-100 elementor-top-column\" data-id=\"22177b97\" data-element_type=\"column\">\n\t\t\t<div class=\"elementor-column-wrap  elementor-element-populated\">\n\t\t\t\t\t<div class=\"elementor-widget-wrap\">\n\t\t\t\t<div class=\"elementor-element elementor-element-57750d70 elementor-widget elementor-widget-spacer\" data-id=\"57750d70\" data-element_type=\"widget\" data-widget_type=\"spacer.default\">\n\t\t\t\t<div class=\"elementor-widget-container\">\n\t\t\t\t\t<div class=\"elementor-spacer\">\n\t\t\t<div class=\"elementor-spacer-inner\"><\/div>\n\t\t<\/div>\n\t\t\t\t<\/div>\n\t\t\t\t<\/div>\n\t\t\t\t\t\t<\/div>\n\t\t\t<\/div>\n\t\t<\/div>\n\t\t\t\t\t\t<\/div>\n\t\t\t<\/div>\n\t\t<\/section>\n\t\t\t\t<section class=\"elementor-element elementor-element-20ef6b3e elementor-section-boxed elementor-section-height-default elementor-section-height-default elementor-section elementor-top-section\" data-id=\"20ef6b3e\" data-element_type=\"section\">\n\t\t\t\t\t\t<div class=\"elementor-container elementor-column-gap-default\">\n\t\t\t\t<div class=\"elementor-row\">\n\t\t\t\t<div class=\"elementor-element elementor-element-2a98e374 elementor-column elementor-col-50 elementor-top-column\" data-id=\"2a98e374\" data-element_type=\"column\">\n\t\t\t<div class=\"elementor-column-wrap  elementor-element-populated\">\n\t\t\t\t\t<div class=\"elementor-widget-wrap\">\n\t\t\t\t<div class=\"elementor-element elementor-element-438a4ab3 elementor-widget elementor-widget-heading\" data-id=\"438a4ab3\" data-element_type=\"widget\" data-widget_type=\"heading.default\">\n\t\t\t\t<div class=\"elementor-widget-container\">\n\t\t\t<h2 class=\"elementor-heading-title elementor-size-default\">Bike rental in V\u00f5su<\/h2>\t\t<\/div>\n\t\t\t\t<\/div>\n\t\t\t\t<div class=\"elementor-element elementor-element-4dd4cdf4 elementor-widget elementor-widget-text-editor\" data-id=\"4dd4cdf4\" data-element_type=\"widget\" data-widget_type=\"text-editor.default\">\n\t\t\t\t<div class=\"elementor-widget-container\">\n\t\t\t\t\t<div class=\"elementor-text-editor elementor-clearfix\"><p>We rent bicycles in the V\u00f5su resort in the middle of Lahemaa National Park. You can rent modern 3-people retro-style or mountain bikes. Discover the northern coast of Estonia on bicycles in Lahemaa National Park. Hiking trails and highways take you to all of the local attractions from V\u00f5su. There is also a lovely bike trail from V\u00f5su towards the K\u00e4smu captains\u2019 village (7 km along the coast).<\/p><\/div>\n\t\t\t\t<\/div>\n\t\t\t\t<\/div>\n\t\t\t\t\t\t<\/div>\n\t\t\t<\/div>\n\t\t<\/div>\n\t\t\t\t<div class=\"elementor-element elementor-element-6f2f21ce elementor-column elementor-col-50 elementor-top-column\" data-id=\"6f2f21ce\" data-element_type=\"column\">\n\t\t\t<div class=\"elementor-column-wrap  elementor-element-populated\">\n\t\t\t\t\t<div class=\"elementor-widget-wrap\">\n\t\t\t\t<div class=\"elementor-element elementor-element-dd313ad elementor-widget__width-inherit elementor-align-left elementor-icon-list--layout-traditional elementor-widget elementor-widget-icon-list\" data-id=\"dd313ad\" data-element_type=\"widget\" data-widget_type=\"icon-list.default\">\n\t\t\t\t<div class=\"elementor-widget-container\">\n\t\t\t\t\t<ul class=\"elementor-icon-list-items\">\n\t\t\t\t\t\t\t<li class=\"elementor-icon-list-item\" >\n\t\t\t\t\t\t\t\t\t\t\t<span class=\"elementor-icon-list-icon\">\n\t\t\t\t\t\t\t\t\t\t\t\t\t\t\t\t<i class=\"fa fa-map-marker\" aria-hidden=\"true\"><\/i>\n\t\t\t\t\t\t\t\t\t\t\t\t\t<\/span>\n\t\t\t\t\t\t\t\t\t\t<span class=\"elementor-icon-list-text\">Mere 16, V\u00f5su alevik, Haljala vald, L\u00e4\u00e4ne-Virumaa<\/span>\n\t\t\t\t\t\t\t\t\t<\/li>\n\t\t\t\t\t\t\t\t<li class=\"elementor-icon-list-item\" >\n\t\t\t\t\t\t\t\t\t\t\t<span class=\"elementor-icon-list-icon\">\n\t\t\t\t\t\t\t\t\t\t\t\t\t\t\t\t<i class=\"fa fa-envelope-square\" aria-hidden=\"true\"><\/i>\n\t\t\t\t\t\t\t\t\t\t\t\t\t<\/span>\n\t\t\t\t\t\t\t\t\t\t<span class=\"elementor-icon-list-text\">vosuveranda@hotmail.com<\/span>\n\t\t\t\t\t\t\t\t\t<\/li>\n\t\t\t\t\t\t\t\t<li class=\"elementor-icon-list-item\" >\n\t\t\t\t\t\t\t\t\t\t\t<span class=\"elementor-icon-list-icon\">\n\t\t\t\t\t\t\t\t\t\t\t\t\t\t\t\t<i class=\"fa fa-phone-square\" aria-hidden=\"true\"><\/i>\n\t\t\t\t\t\t\t\t\t\t\t\t\t<\/span>\n\t\t\t\t\t\t\t\t\t\t<span class=\"elementor-icon-list-text\">(+372) 556 30418<\/span>\n\t\t\t\t\t\t\t\t\t<\/li>\n\t\t\t\t\t\t\t\t<li class=\"elementor-icon-list-item\" >\n\t\t\t\t\t<a href=\"https:\/\/www.facebook.com\/vosu.veranda\" target=\"_blank\">\t\t\t\t\t\t<span class=\"elementor-icon-list-icon\">\n\t\t\t\t\t\t\t\t\t\t\t\t\t\t\t\t<i class=\"fa fa-facebook-square\" aria-hidden=\"true\"><\/i>\n\t\t\t\t\t\t\t\t\t\t\t\t\t<\/span>\n\t\t\t\t\t\t\t\t\t\t<span class=\"elementor-icon-list-text\">V\u00f5su Veranda<\/span>\n\t\t\t\t\t\t\t\t\t\t\t<\/a>\n\t\t\t\t\t\t\t\t\t<\/li>\n\t\t\t\t\t\t<\/ul>\n\t\t\t\t<\/div>\n\t\t\t\t<\/div>\n\t\t\t\t<section class=\"elementor-element elementor-element-14b2fcff elementor-section-height-min-height elementor-section-boxed elementor-section-height-default elementor-section elementor-inner-section\" data-id=\"14b2fcff\" data-element_type=\"section\">\n\t\t\t\t\t\t<div class=\"elementor-container elementor-column-gap-narrow\">\n\t\t\t\t<div class=\"elementor-row\">\n\t\t\t\t<div class=\"elementor-element elementor-element-3cea3b6a elementor-column elementor-col-100 elementor-inner-column\" data-id=\"3cea3b6a\" data-element_type=\"column\">\n\t\t\t<div class=\"elementor-column-wrap  elementor-element-populated\">\n\t\t\t\t\t<div class=\"elementor-widget-wrap\">\n\t\t\t\t<div class=\"elementor-element elementor-element-2e752f3 elementor-widget elementor-widget-google_maps\" data-id=\"2e752f3\" data-element_type=\"widget\" data-widget_type=\"google_maps.default\">\n\t\t\t\t<div class=\"elementor-widget-container\">\n\t\t\t<div class=\"elementor-custom-embed\"><iframe frameborder=\"0\" scrolling=\"no\" marginheight=\"0\" marginwidth=\"0\" src=\"https:\/\/maps.google.com\/maps?q=59%C2%B034%2739%27%27N%2025%C2%B057%2749%27%27E&amp;t=m&amp;z=10&amp;output=embed&amp;iwloc=near\" aria-label=\"59\u00b034&#039;39&#039;&#039;N 25\u00b057&#039;49&#039;&#039;E\"><\/iframe><\/div>\t\t<\/div>\n\t\t\t\t<\/div>\n\t\t\t\t\t\t<\/div>\n\t\t\t<\/div>\n\t\t<\/div>\n\t\t\t\t\t\t<\/div>\n\t\t\t<\/div>\n\t\t<\/section>\n\t\t\t\t\t\t<\/div>\n\t\t\t<\/div>\n\t\t<\/div>\n\t\t\t\t\t\t<\/div>\n\t\t\t<\/div>\n\t\t<\/section>\n\t\t\t\t<section class=\"elementor-element elementor-element-1bef300b elementor-section-boxed elementor-section-height-default elementor-section-height-default elementor-section elementor-top-section\" data-id=\"1bef300b\" data-element_type=\"section\">\n\t\t\t\t\t\t<div class=\"elementor-container elementor-column-gap-default\">\n\t\t\t\t<div class=\"elementor-row\">\n\t\t\t\t<div class=\"elementor-element elementor-element-67f2881f elementor-column elementor-col-100 elementor-top-column\" data-id=\"67f2881f\" data-element_type=\"column\">\n\t\t\t<div class=\"elementor-column-wrap  elementor-element-populated\">\n\t\t\t\t\t<div class=\"elementor-widget-wrap\">\n\t\t\t\t<div class=\"elementor-element elementor-element-6d69de43 elementor-widget elementor-widget-spacer\" data-id=\"6d69de43\" data-element_type=\"widget\" data-widget_type=\"spacer.default\">\n\t\t\t\t<div class=\"elementor-widget-container\">\n\t\t\t\t\t<div class=\"elementor-spacer\">\n\t\t\t<div class=\"elementor-spacer-inner\"><\/div>\n\t\t<\/div>\n\t\t\t\t<\/div>\n\t\t\t\t<\/div>\n\t\t\t\t\t\t<\/div>\n\t\t\t<\/div>\n\t\t<\/div>\n\t\t\t\t\t\t<\/div>\n\t\t\t<\/div>\n\t\t<\/section>\n\t\t\t\t<section class=\"elementor-element elementor-element-1587ce57 elementor-section-boxed elementor-section-height-default elementor-section-height-default elementor-section elementor-top-section\" data-id=\"1587ce57\" data-element_type=\"section\">\n\t\t\t\t\t\t<div class=\"elementor-container elementor-column-gap-default\">\n\t\t\t\t<div class=\"elementor-row\">\n\t\t\t\t<div class=\"elementor-element elementor-element-6fa29114 elementor-column elementor-col-100 elementor-top-column\" data-id=\"6fa29114\" data-element_type=\"column\">\n\t\t\t<div class=\"elementor-column-wrap  elementor-element-populated\">\n\t\t\t\t\t<div class=\"elementor-widget-wrap\">\n\t\t\t\t<div class=\"elementor-element elementor-element-7a23112 elementor-pagination-position-outside elementor-widget elementor-widget-image-carousel\" data-id=\"7a23112\" data-element_type=\"widget\" data-settings=\"{&quot;navigation&quot;:&quot;dots&quot;,&quot;slides_to_show&quot;:&quot;3&quot;,&quot;autoplay_speed&quot;:2000,&quot;autoplay&quot;:&quot;yes&quot;,&quot;pause_on_hover&quot;:&quot;yes&quot;,&quot;pause_on_interaction&quot;:&quot;yes&quot;,&quot;infinite&quot;:&quot;yes&quot;,&quot;speed&quot;:500,&quot;direction&quot;:&quot;ltr&quot;}\" data-widget_type=\"image-carousel.default\">\n\t\t\t\t<div class=\"elementor-widget-container\">\n\t\t\t\t\t<div class=\"elementor-image-carousel-wrapper swiper-container\" dir=\"ltr\">\n\t\t\t<div class=\"elementor-image-carousel swiper-wrapper\">\n\t\t\t\t<div class=\"swiper-slide\"><figure class=\"swiper-slide-inner\"><img class=\"swiper-slide-image\" src=\"https:\/\/visitvosu.com\/wp-content\/uploads\/elementor\/thumbs\/JalgrattarentV\u00f5sul_002_-pps71jsf7t8kqgczs1rce7ot6a02qrybevh7egywkg.jpg\" alt=\"Jalgratta+rent+V\u00f5sul_002_\" \/><\/figure><\/div><div class=\"swiper-slide\"><figure class=\"swiper-slide-inner\"><img class=\"swiper-slide-image\" src=\"https:\/\/visitvosu.com\/wp-content\/uploads\/elementor\/thumbs\/JalgrattarentV\u00f5sul_001_-pps71kq9en9v22bmmk5yypg9rnvfyh21r04ovqxie8.jpg\" alt=\"Jalgratta+rent+V\u00f5sul_001_\" \/><\/figure><\/div><div class=\"swiper-slide\"><figure class=\"swiper-slide-inner\"><img class=\"swiper-slide-image\" src=\"https:\/\/visitvosu.com\/wp-content\/uploads\/elementor\/thumbs\/JalgrattarentV\u00f5sul_-pps71pfgctgao44sv473t69kql8a0ykpfne4a4qjj4.jpg\" alt=\"Jalgratta+rent+V\u00f5sul_\" \/><\/figure><\/div><div class=\"swiper-slide\"><figure class=\"swiper-slide-inner\"><img class=\"swiper-slide-image\" src=\"https:\/\/visitvosu.com\/wp-content\/uploads\/elementor\/thumbs\/BikeRide.J\u00fcrgenVoolaid_-pps71lo3lhb5doa9h2klj77qd1qt665s34s6d0w480.jpg\" alt=\"Bike+Ride.+J\u00fcrgen+Voolaid_\" \/><\/figure><\/div>\t\t\t<\/div>\n\t\t\t\t\t\t\t\t\t\t\t\t<div class=\"swiper-pagination\"><\/div>\n\t\t\t\t\t\t\t\t\t\t\t\t\t<\/div>\n\t\t\t\t<\/div>\n\t\t\t\t<\/div>\n\t\t\t\t\t\t<\/div>\n\t\t\t<\/div>\n\t\t<\/div>\n\t\t\t\t\t\t<\/div>\n\t\t\t<\/div>\n\t\t<\/section>\n\t\t\t\t<section class=\"elementor-element elementor-element-64009144 elementor-section-boxed elementor-section-height-default elementor-section-height-default elementor-section elementor-top-section\" data-id=\"64009144\" data-element_type=\"section\">\n\t\t\t\t\t\t<div class=\"elementor-container elementor-column-gap-default\">\n\t\t\t\t<div class=\"elementor-row\">\n\t\t\t\t<div class=\"elementor-element elementor-element-4940a508 elementor-column elementor-col-100 elementor-top-column\" data-id=\"4940a508\" data-element_type=\"column\">\n\t\t\t<div class=\"elementor-column-wrap  elementor-element-populated\">\n\t\t\t\t\t<div class=\"elementor-widget-wrap\">\n\t\t\t\t<div class=\"elementor-element elementor-element-78b0c4d8 elementor-widget elementor-widget-spacer\" data-id=\"78b0c4d8\" data-element_type=\"widget\" data-widget_type=\"spacer.default\">\n\t\t\t\t<div class=\"elementor-widget-container\">\n\t\t\t\t\t<div class=\"elementor-spacer\">\n\t\t\t<div class=\"elementor-spacer-inner\"><\/div>\n\t\t<\/div>\n\t\t\t\t<\/div>\n\t\t\t\t<\/div>\n\t\t\t\t\t\t<\/div>\n\t\t\t<\/div>\n\t\t<\/div>\n\t\t\t\t\t\t<\/div>\n\t\t\t<\/div>\n\t\t<\/section>\n\t\t\t\t\t\t<\/div>\n\t\t\t<\/div>\n\t\t<\/div>","protected":false},"excerpt":{"rendered":"<p>jalgrattarent v\u00f5sul Pakume V\u00f5su kuurordis jalgratta renti. Laenutada saab kaasaegseid kolmek\u00e4igulisi retrostiilis v\u00f5i maastikujalgrattaid.\u00a0Avastage Lahemaa Rahvuspargis Eesti p\u00f5hjarannikut jalgratastel. V\u00f5sult j\u00f5uate k\u00f5igi piirkonna vaatamisv\u00e4\u00e4rsusteni m\u00f6\u00f6da matkaradu ja maanteid.\u00a0V\u00f5sult algab ka [&hellip;]<\/p>\n","protected":false},"author":1,"featured_media":0,"parent":0,"menu_order":0,"comment_status":"closed","ping_status":"closed","template":"","meta":{"_EventAllDay":false,"_EventTimezone":"","_EventStartDate":"","_EventEndDate":"","_EventStartDateUTC":"","_EventEndDateUTC":"","_EventShowMap":false,"_EventShowMapLink":false,"_EventURL":"","_EventCost":"","_EventCostDescription":"","_EventCurrencySymbol":"","_EventCurrencyCode":"","_EventCurrencyPosition":"","_EventDateTimeSeparator":"","_EventTimeRangeSeparator":"","_EventOrganizerID":[],"_EventVenueID":0,"_OrganizerEmail":"","_OrganizerPhone":"","_OrganizerWebsite":"","_VenueAddress":"","_VenueCity":"","_VenueCountry":"","_VenueProvince":"","_VenueZip":"","_VenuePhone":"","_VenueURL":"","_VenueStateProvince":"","_VenueLat":"","_VenueLng":"","ocean_post_layout":"full-screen","ocean_both_sidebars_style":"","ocean_both_sidebars_content_width":0,"ocean_both_sidebars_sidebars_width":0,"ocean_sidebar":"0","ocean_second_sidebar":"0","ocean_disable_margins":"enable","ocean_add_body_class":"","ocean_shortcode_before_top_bar":"","ocean_shortcode_after_top_bar":"","ocean_shortcode_before_header":"","ocean_shortcode_after_header":"","ocean_has_shortcode":"","ocean_shortcode_after_title":"","ocean_shortcode_before_footer_widgets":"","ocean_shortcode_after_footer_widgets":"","ocean_shortcode_before_footer_bottom":"","ocean_shortcode_after_footer_bottom":"","ocean_display_top_bar":"default","ocean_display_header":"default","ocean_header_style":"","ocean_center_header_left_menu":"0","ocean_custom_header_template":"0","ocean_custom_logo":0,"ocean_custom_retina_logo":0,"ocean_custom_logo_max_width":0,"ocean_custom_logo_tablet_max_width":0,"ocean_custom_logo_mobile_max_width":0,"ocean_custom_logo_max_height":0,"ocean_custom_logo_tablet_max_height":0,"ocean_custom_logo_mobile_max_height":0,"ocean_header_custom_menu":"0","ocean_menu_typo_font_family":"0","ocean_menu_typo_font_subset":"","ocean_menu_typo_font_size":0,"ocean_menu_typo_font_size_tablet":0,"ocean_menu_typo_font_size_mobile":0,"ocean_menu_typo_font_size_unit":"px","ocean_menu_typo_font_weight":"","ocean_menu_typo_font_weight_tablet":"","ocean_menu_typo_font_weight_mobile":"","ocean_menu_typo_transform":"","ocean_menu_typo_transform_tablet":"","ocean_menu_typo_transform_mobile":"","ocean_menu_typo_line_height":0,"ocean_menu_typo_line_height_tablet":0,"ocean_menu_typo_line_height_mobile":0,"ocean_menu_typo_line_height_unit":"","ocean_menu_typo_spacing":0,"ocean_menu_typo_spacing_tablet":0,"ocean_menu_typo_spacing_mobile":0,"ocean_menu_typo_spacing_unit":"","ocean_menu_link_color":"","ocean_menu_link_color_hover":"","ocean_menu_link_color_active":"","ocean_menu_link_background":"","ocean_menu_link_hover_background":"","ocean_menu_link_active_background":"","ocean_menu_social_links_bg":"","ocean_menu_social_hover_links_bg":"","ocean_menu_social_links_color":"","ocean_menu_social_hover_links_color":"","ocean_disable_title":"on","ocean_disable_heading":"default","ocean_post_title":"","ocean_post_subheading":"","ocean_post_title_style":"","ocean_post_title_background_color":"","ocean_post_title_background":0,"ocean_post_title_bg_image_position":"","ocean_post_title_bg_image_attachment":"","ocean_post_title_bg_image_repeat":"","ocean_post_title_bg_image_size":"","ocean_post_title_height":0,"ocean_post_title_bg_overlay":0.5,"ocean_post_title_bg_overlay_color":"","ocean_disable_breadcrumbs":"default","ocean_breadcrumbs_color":"","ocean_breadcrumbs_separator_color":"","ocean_breadcrumbs_links_color":"","ocean_breadcrumbs_links_hover_color":"","ocean_display_footer_widgets":"default","ocean_display_footer_bottom":"default","ocean_custom_footer_template":"0"},"yoast_head":"<!-- This site is optimized with the Yoast SEO plugin v19.6.1 - https:\/\/yoast.com\/wordpress\/plugins\/seo\/ -->\n<title>vosuverandarattad &ndash; V\u00d5SU<\/title>\n<meta name=\"description\" content=\"jalgrattarent v\u00f5sul Pakume V\u00f5su kuurordis jalgratta renti. Laenutada saab kaasaegseid kolmek\u00e4igulisi retrostiilis v\u00f5i maastikujalgrattaid.\u00a0Avastage\" \/>\n<meta name=\"robots\" content=\"index, follow, max-snippet:-1, max-image-preview:large, max-video-preview:-1\" \/>\n<link rel=\"canonical\" href=\"https:\/\/visitvosu.com\/en\/vosuverandarattad\/\" \/>\n<meta property=\"og:locale\" content=\"en_GB\" \/>\n<meta property=\"og:type\" content=\"article\" \/>\n<meta property=\"og:title\" content=\"vosuverandarattad &ndash; V\u00d5SU\" \/>\n<meta property=\"og:description\" content=\"jalgrattarent v\u00f5sul Pakume V\u00f5su kuurordis jalgratta renti. Laenutada saab kaasaegseid kolmek\u00e4igulisi retrostiilis v\u00f5i maastikujalgrattaid.\u00a0Avastage\" \/>\n<meta property=\"og:url\" content=\"https:\/\/visitvosu.com\/en\/vosuverandarattad\/\" \/>\n<meta property=\"og:site_name\" content=\"V\u00d5SU\" \/>\n<meta property=\"article:publisher\" content=\"https:\/\/www.facebook.com\/vosukuurort\" \/>\n<meta property=\"article:modified_time\" content=\"2019-05-21T12:41:07+00:00\" \/>\n<meta property=\"og:image\" content=\"https:\/\/visitvosu.com\/wp-content\/uploads\/elementor\/thumbs\/JalgrattarentV\u00f5sul_002_-o75gwpmksj01t06haiggowl9vhi3pgl6dui4j02b8g.jpg\" \/>\n<meta name=\"twitter:card\" content=\"summary_large_image\" \/>\n<script type=\"application\/ld+json\" class=\"yoast-schema-graph\">{\"@context\":\"https:\/\/schema.org\",\"@graph\":[{\"@type\":\"WebPage\",\"@id\":\"https:\/\/visitvosu.com\/en\/vosuverandarattad\/\",\"url\":\"https:\/\/visitvosu.com\/en\/vosuverandarattad\/\",\"name\":\"vosuverandarattad &ndash; V\u00d5SU\",\"isPartOf\":{\"@id\":\"https:\/\/visitvosu.com\/#website\"},\"datePublished\":\"2019-04-30T21:37:54+00:00\",\"dateModified\":\"2019-05-21T12:41:07+00:00\",\"description\":\"jalgrattarent v\u00f5sul Pakume V\u00f5su kuurordis jalgratta renti. Laenutada saab kaasaegseid kolmek\u00e4igulisi retrostiilis v\u00f5i maastikujalgrattaid.\u00a0Avastage\",\"breadcrumb\":{\"@id\":\"https:\/\/visitvosu.com\/en\/vosuverandarattad\/#breadcrumb\"},\"inLanguage\":\"en-GB\",\"potentialAction\":[{\"@type\":\"ReadAction\",\"target\":[\"https:\/\/visitvosu.com\/en\/vosuverandarattad\/\"]}]},{\"@type\":\"BreadcrumbList\",\"@id\":\"https:\/\/visitvosu.com\/en\/vosuverandarattad\/#breadcrumb\",\"itemListElement\":[{\"@type\":\"ListItem\",\"position\":1,\"name\":\"Home\",\"item\":\"https:\/\/visitvosu.com\/\"},{\"@type\":\"ListItem\",\"position\":2,\"name\":\"vosuverandarattad\"}]},{\"@type\":\"WebSite\",\"@id\":\"https:\/\/visitvosu.com\/#website\",\"url\":\"https:\/\/visitvosu.com\/\",\"name\":\"V\u00d5SU\",\"description\":\"V\u00f5sul asub siinsete puhkajate \u00fcks lemmikuid liivarandu. V\u00f5su is home to one of the most popular sandy beaches among holidaymakers.\",\"publisher\":{\"@id\":\"https:\/\/visitvosu.com\/#organization\"},\"potentialAction\":[{\"@type\":\"SearchAction\",\"target\":{\"@type\":\"EntryPoint\",\"urlTemplate\":\"https:\/\/visitvosu.com\/?s={search_term_string}\"},\"query-input\":\"required name=search_term_string\"}],\"inLanguage\":\"en-GB\"},{\"@type\":\"Organization\",\"@id\":\"https:\/\/visitvosu.com\/#organization\",\"name\":\"V\u00f5su K\u00fclaselts MT\u00dc\",\"url\":\"https:\/\/visitvosu.com\/\",\"sameAs\":[\"https:\/\/www.facebook.com\/vosukuurort\"],\"logo\":{\"@type\":\"ImageObject\",\"inLanguage\":\"en-GB\",\"@id\":\"https:\/\/visitvosu.com\/#\/schema\/logo\/image\/\",\"url\":\"https:\/\/visitvosu.com\/wp-content\/uploads\/2019\/05\/LogoMakr_02OqiN.png\",\"contentUrl\":\"https:\/\/visitvosu.com\/wp-content\/uploads\/2019\/05\/LogoMakr_02OqiN.png\",\"width\":400,\"height\":151,\"caption\":\"V\u00f5su K\u00fclaselts MT\u00dc\"},\"image\":{\"@id\":\"https:\/\/visitvosu.com\/#\/schema\/logo\/image\/\"}}]}<\/script>\n<!-- \/ Yoast SEO plugin. -->","yoast_head_json":{"title":"vosuverandarattad &ndash; V\u00d5SU","description":"jalgrattarent v\u00f5sul Pakume V\u00f5su kuurordis jalgratta renti. Laenutada saab kaasaegseid kolmek\u00e4igulisi retrostiilis v\u00f5i maastikujalgrattaid.\u00a0Avastage","robots":{"index":"index","follow":"follow","max-snippet":"max-snippet:-1","max-image-preview":"max-image-preview:large","max-video-preview":"max-video-preview:-1"},"canonical":"https:\/\/visitvosu.com\/en\/vosuverandarattad\/","og_locale":"en_GB","og_type":"article","og_title":"vosuverandarattad &ndash; V\u00d5SU","og_description":"jalgrattarent v\u00f5sul Pakume V\u00f5su kuurordis jalgratta renti. Laenutada saab kaasaegseid kolmek\u00e4igulisi retrostiilis v\u00f5i maastikujalgrattaid.\u00a0Avastage","og_url":"https:\/\/visitvosu.com\/en\/vosuverandarattad\/","og_site_name":"V\u00d5SU","article_publisher":"https:\/\/www.facebook.com\/vosukuurort","article_modified_time":"2019-05-21T12:41:07+00:00","og_image":[{"url":"https:\/\/visitvosu.com\/wp-content\/uploads\/elementor\/thumbs\/JalgrattarentV\u00f5sul_002_-o75gwpmksj01t06haiggowl9vhi3pgl6dui4j02b8g.jpg"}],"twitter_card":"summary_large_image","schema":{"@context":"https:\/\/schema.org","@graph":[{"@type":"WebPage","@id":"https:\/\/visitvosu.com\/en\/vosuverandarattad\/","url":"https:\/\/visitvosu.com\/en\/vosuverandarattad\/","name":"vosuverandarattad &ndash; V\u00d5SU","isPartOf":{"@id":"https:\/\/visitvosu.com\/#website"},"datePublished":"2019-04-30T21:37:54+00:00","dateModified":"2019-05-21T12:41:07+00:00","description":"jalgrattarent v\u00f5sul Pakume V\u00f5su kuurordis jalgratta renti. Laenutada saab kaasaegseid kolmek\u00e4igulisi retrostiilis v\u00f5i maastikujalgrattaid.\u00a0Avastage","breadcrumb":{"@id":"https:\/\/visitvosu.com\/en\/vosuverandarattad\/#breadcrumb"},"inLanguage":"en-GB","potentialAction":[{"@type":"ReadAction","target":["https:\/\/visitvosu.com\/en\/vosuverandarattad\/"]}]},{"@type":"BreadcrumbList","@id":"https:\/\/visitvosu.com\/en\/vosuverandarattad\/#breadcrumb","itemListElement":[{"@type":"ListItem","position":1,"name":"Home","item":"https:\/\/visitvosu.com\/"},{"@type":"ListItem","position":2,"name":"vosuverandarattad"}]},{"@type":"WebSite","@id":"https:\/\/visitvosu.com\/#website","url":"https:\/\/visitvosu.com\/","name":"V\u00d5SU","description":"V\u00f5sul asub siinsete puhkajate \u00fcks lemmikuid liivarandu. V\u00f5su is home to one of the most popular sandy beaches among holidaymakers.","publisher":{"@id":"https:\/\/visitvosu.com\/#organization"},"potentialAction":[{"@type":"SearchAction","target":{"@type":"EntryPoint","urlTemplate":"https:\/\/visitvosu.com\/?s={search_term_string}"},"query-input":"required name=search_term_string"}],"inLanguage":"en-GB"},{"@type":"Organization","@id":"https:\/\/visitvosu.com\/#organization","name":"V\u00f5su K\u00fclaselts MT\u00dc","url":"https:\/\/visitvosu.com\/","sameAs":["https:\/\/www.facebook.com\/vosukuurort"],"logo":{"@type":"ImageObject","inLanguage":"en-GB","@id":"https:\/\/visitvosu.com\/#\/schema\/logo\/image\/","url":"https:\/\/visitvosu.com\/wp-content\/uploads\/2019\/05\/LogoMakr_02OqiN.png","contentUrl":"https:\/\/visitvosu.com\/wp-content\/uploads\/2019\/05\/LogoMakr_02OqiN.png","width":400,"height":151,"caption":"V\u00f5su K\u00fclaselts MT\u00dc"},"image":{"@id":"https:\/\/visitvosu.com\/#\/schema\/logo\/image\/"}}]}},"_links":{"self":[{"href":"https:\/\/visitvosu.com\/en\/wp-json\/wp\/v2\/pages\/3346"}],"collection":[{"href":"https:\/\/visitvosu.com\/en\/wp-json\/wp\/v2\/pages"}],"about":[{"href":"https:\/\/visitvosu.com\/en\/wp-json\/wp\/v2\/types\/page"}],"author":[{"embeddable":true,"href":"https:\/\/visitvosu.com\/en\/wp-json\/wp\/v2\/users\/1"}],"replies":[{"embeddable":true,"href":"https:\/\/visitvosu.com\/en\/wp-json\/wp\/v2\/comments?post=3346"}],"version-history":[{"count":5,"href":"https:\/\/visitvosu.com\/en\/wp-json\/wp\/v2\/pages\/3346\/revisions"}],"predecessor-version":[{"id":4738,"href":"https:\/\/visitvosu.com\/en\/wp-json\/wp\/v2\/pages\/3346\/revisions\/4738"}],"wp:attachment":[{"href":"https:\/\/visitvosu.com\/en\/wp-json\/wp\/v2\/media?parent=3346"}],"curies":[{"name":"wp","href":"https:\/\/api.w.org\/{rel}","templated":true}]}}