{"id":3058,"date":"2019-04-29T16:45:12","date_gmt":"2019-04-29T16:45:12","guid":{"rendered":"https:\/\/visitvosu.com\/?page_id=3058"},"modified":"2019-05-21T16:32:04","modified_gmt":"2019-05-21T13:32:04","slug":"altjaloodusrada","status":"publish","type":"page","link":"https:\/\/visitvosu.com\/en\/altjaloodusrada\/","title":{"rendered":"altjaloodusrada"},"content":{"rendered":"<div data-elementor-type=\"wp-post\" data-elementor-id=\"3058\" class=\"elementor elementor-3058\" data-elementor-settings=\"[]\">\n\t\t\t<div class=\"elementor-inner\">\n\t\t\t\t<div class=\"elementor-section-wrap\">\n\t\t\t\t\t\t\t<section class=\"elementor-element elementor-element-5c66f7e2 elementor-section-height-min-height elementor-section-content-middle elementor-section-full_width elementor-section-items-bottom elementor-section-height-default elementor-section elementor-top-section\" data-id=\"5c66f7e2\" data-element_type=\"section\" data-settings=\"{&quot;background_background&quot;:&quot;classic&quot;}\">\n\t\t\t\t\t\t\t<div class=\"elementor-background-overlay\"><\/div>\n\t\t\t\t\t\t\t<div class=\"elementor-container elementor-column-gap-narrow\">\n\t\t\t\t<div class=\"elementor-row\">\n\t\t\t\t<div class=\"elementor-element elementor-element-292dc324 elementor-column elementor-col-100 elementor-top-column\" data-id=\"292dc324\" data-element_type=\"column\">\n\t\t\t<div class=\"elementor-column-wrap\">\n\t\t\t\t\t<div class=\"elementor-widget-wrap\">\n\t\t\t\t\t\t<\/div>\n\t\t\t<\/div>\n\t\t<\/div>\n\t\t\t\t\t\t<\/div>\n\t\t\t<\/div>\n\t\t<\/section>\n\t\t\t\t<section class=\"elementor-element elementor-element-6a1df7c8 elementor-section-boxed elementor-section-height-default elementor-section-height-default elementor-section elementor-top-section\" data-id=\"6a1df7c8\" data-element_type=\"section\">\n\t\t\t\t\t\t<div class=\"elementor-container elementor-column-gap-default\">\n\t\t\t\t<div class=\"elementor-row\">\n\t\t\t\t<div class=\"elementor-element elementor-element-7d375caa elementor-column elementor-col-100 elementor-top-column\" data-id=\"7d375caa\" data-element_type=\"column\">\n\t\t\t<div class=\"elementor-column-wrap  elementor-element-populated\">\n\t\t\t\t\t<div class=\"elementor-widget-wrap\">\n\t\t\t\t<div class=\"elementor-element elementor-element-6ea8b501 elementor-widget elementor-widget-spacer\" data-id=\"6ea8b501\" data-element_type=\"widget\" data-widget_type=\"spacer.default\">\n\t\t\t\t<div class=\"elementor-widget-container\">\n\t\t\t\t\t<div class=\"elementor-spacer\">\n\t\t\t<div class=\"elementor-spacer-inner\"><\/div>\n\t\t<\/div>\n\t\t\t\t<\/div>\n\t\t\t\t<\/div>\n\t\t\t\t\t\t<\/div>\n\t\t\t<\/div>\n\t\t<\/div>\n\t\t\t\t\t\t<\/div>\n\t\t\t<\/div>\n\t\t<\/section>\n\t\t\t\t<section class=\"elementor-element elementor-element-4e7730ee elementor-section-boxed elementor-section-height-default elementor-section-height-default elementor-section elementor-top-section\" data-id=\"4e7730ee\" data-element_type=\"section\">\n\t\t\t\t\t\t<div class=\"elementor-container elementor-column-gap-default\">\n\t\t\t\t<div class=\"elementor-row\">\n\t\t\t\t<div class=\"elementor-element elementor-element-72776a6a elementor-column elementor-col-50 elementor-top-column\" data-id=\"72776a6a\" data-element_type=\"column\">\n\t\t\t<div class=\"elementor-column-wrap  elementor-element-populated\">\n\t\t\t\t\t<div class=\"elementor-widget-wrap\">\n\t\t\t\t<div class=\"elementor-element elementor-element-51fae47 elementor-widget elementor-widget-heading\" data-id=\"51fae47\" data-element_type=\"widget\" data-widget_type=\"heading.default\">\n\t\t\t\t<div class=\"elementor-widget-container\">\n\t\t\t<h2 class=\"elementor-heading-title elementor-size-default\">Altja nature &amp; cultural trail<\/h2>\t\t<\/div>\n\t\t\t\t<\/div>\n\t\t\t\t<div class=\"elementor-element elementor-element-64913495 elementor-widget elementor-widget-text-editor\" data-id=\"64913495\" data-element_type=\"widget\" data-widget_type=\"text-editor.default\">\n\t\t\t\t<div class=\"elementor-widget-container\">\n\t\t\t\t\t<div class=\"elementor-text-editor elementor-clearfix\"><p>Altja nature and cultural trail is located in Lahemaa National Park and is 3 km long. It begins on the headland at Altja where you cross the suspension bridge. The trail passes through the fishing village and the surrounding environment, from its stony beaches to the flats of the Altja River.<\/p><\/div>\n\t\t\t\t<\/div>\n\t\t\t\t<\/div>\n\t\t\t\t\t\t<\/div>\n\t\t\t<\/div>\n\t\t<\/div>\n\t\t\t\t<div class=\"elementor-element elementor-element-4f2c4a14 elementor-column elementor-col-50 elementor-top-column\" data-id=\"4f2c4a14\" data-element_type=\"column\">\n\t\t\t<div class=\"elementor-column-wrap  elementor-element-populated\">\n\t\t\t\t\t<div class=\"elementor-widget-wrap\">\n\t\t\t\t<div class=\"elementor-element elementor-element-f79a009 elementor-widget__width-inherit elementor-align-left elementor-icon-list--layout-traditional elementor-widget elementor-widget-icon-list\" data-id=\"f79a009\" data-element_type=\"widget\" data-widget_type=\"icon-list.default\">\n\t\t\t\t<div class=\"elementor-widget-container\">\n\t\t\t\t\t<ul class=\"elementor-icon-list-items\">\n\t\t\t\t\t\t\t<li class=\"elementor-icon-list-item\" >\n\t\t\t\t\t\t\t\t\t\t\t<span class=\"elementor-icon-list-icon\">\n\t\t\t\t\t\t\t\t\t\t\t\t\t\t\t\t<i class=\"fa fa-map-marker\" aria-hidden=\"true\"><\/i>\n\t\t\t\t\t\t\t\t\t\t\t\t\t<\/span>\n\t\t\t\t\t\t\t\t\t\t<span class=\"elementor-icon-list-text\">Altja k\u00fcla, Haljala vald, L\u00e4\u00e4ne-Virumaa<\/span>\n\t\t\t\t\t\t\t\t\t<\/li>\n\t\t\t\t\t\t\t\t<li class=\"elementor-icon-list-item\" >\n\t\t\t\t\t\t\t\t\t\t\t<span class=\"elementor-icon-list-icon\">\n\t\t\t\t\t\t\t\t\t\t\t\t\t\t\t\t<i class=\"fa fa-envelope-square\" aria-hidden=\"true\"><\/i>\n\t\t\t\t\t\t\t\t\t\t\t\t\t<\/span>\n\t\t\t\t\t\t\t\t\t\t<span class=\"elementor-icon-list-text\">info.lahemaa@rmk.ee<\/span>\n\t\t\t\t\t\t\t\t\t<\/li>\n\t\t\t\t\t\t\t\t<li class=\"elementor-icon-list-item\" >\n\t\t\t\t\t\t\t\t\t\t\t<span class=\"elementor-icon-list-icon\">\n\t\t\t\t\t\t\t\t\t\t\t\t\t\t\t\t<i class=\"fa fa-phone-square\" aria-hidden=\"true\"><\/i>\n\t\t\t\t\t\t\t\t\t\t\t\t\t<\/span>\n\t\t\t\t\t\t\t\t\t\t<span class=\"elementor-icon-list-text\">(+372) 329 5555<\/span>\n\t\t\t\t\t\t\t\t\t<\/li>\n\t\t\t\t\t\t\t\t<li class=\"elementor-icon-list-item\" >\n\t\t\t\t\t<a href=\"https:\/\/loodusegakoos.ee\/kuhuminna\/rahvuspargid\/lahemaa-rahvuspark\/11684\" target=\"_blank\">\t\t\t\t\t\t<span class=\"elementor-icon-list-icon\">\n\t\t\t\t\t\t\t\t\t\t\t\t\t\t\t\t<i class=\"fa fa-home\" aria-hidden=\"true\"><\/i>\n\t\t\t\t\t\t\t\t\t\t\t\t\t<\/span>\n\t\t\t\t\t\t\t\t\t\t<span class=\"elementor-icon-list-text\">https:\/\/loodusegakoos.ee<\/span>\n\t\t\t\t\t\t\t\t\t\t\t<\/a>\n\t\t\t\t\t\t\t\t\t<\/li>\n\t\t\t\t\t\t<\/ul>\n\t\t\t\t<\/div>\n\t\t\t\t<\/div>\n\t\t\t\t<section class=\"elementor-element elementor-element-464ca895 elementor-section-height-min-height elementor-section-boxed elementor-section-height-default elementor-section elementor-inner-section\" data-id=\"464ca895\" data-element_type=\"section\">\n\t\t\t\t\t\t<div class=\"elementor-container elementor-column-gap-narrow\">\n\t\t\t\t<div class=\"elementor-row\">\n\t\t\t\t<div class=\"elementor-element elementor-element-24713141 elementor-column elementor-col-100 elementor-inner-column\" data-id=\"24713141\" data-element_type=\"column\">\n\t\t\t<div class=\"elementor-column-wrap  elementor-element-populated\">\n\t\t\t\t\t<div class=\"elementor-widget-wrap\">\n\t\t\t\t<div class=\"elementor-element elementor-element-3e791fa elementor-widget elementor-widget-google_maps\" data-id=\"3e791fa\" data-element_type=\"widget\" data-widget_type=\"google_maps.default\">\n\t\t\t\t<div class=\"elementor-widget-container\">\n\t\t\t<div class=\"elementor-custom-embed\"><iframe frameborder=\"0\" scrolling=\"no\" marginheight=\"0\" marginwidth=\"0\" src=\"https:\/\/maps.google.com\/maps?q=59%C2%B035%271%27%27N%2026%C2%B06%2727%27%27E&amp;t=m&amp;z=10&amp;output=embed&amp;iwloc=near\" aria-label=\"59\u00b035&#039;1&#039;&#039;N 26\u00b06&#039;27&#039;&#039;E\"><\/iframe><\/div>\t\t<\/div>\n\t\t\t\t<\/div>\n\t\t\t\t\t\t<\/div>\n\t\t\t<\/div>\n\t\t<\/div>\n\t\t\t\t\t\t<\/div>\n\t\t\t<\/div>\n\t\t<\/section>\n\t\t\t\t\t\t<\/div>\n\t\t\t<\/div>\n\t\t<\/div>\n\t\t\t\t\t\t<\/div>\n\t\t\t<\/div>\n\t\t<\/section>\n\t\t\t\t<section class=\"elementor-element elementor-element-582c8028 elementor-section-boxed elementor-section-height-default elementor-section-height-default elementor-section elementor-top-section\" data-id=\"582c8028\" data-element_type=\"section\">\n\t\t\t\t\t\t<div class=\"elementor-container elementor-column-gap-default\">\n\t\t\t\t<div class=\"elementor-row\">\n\t\t\t\t<div class=\"elementor-element elementor-element-7fad46a2 elementor-column elementor-col-100 elementor-top-column\" data-id=\"7fad46a2\" data-element_type=\"column\">\n\t\t\t<div class=\"elementor-column-wrap  elementor-element-populated\">\n\t\t\t\t\t<div class=\"elementor-widget-wrap\">\n\t\t\t\t<div class=\"elementor-element elementor-element-6937184a elementor-widget elementor-widget-spacer\" data-id=\"6937184a\" data-element_type=\"widget\" data-widget_type=\"spacer.default\">\n\t\t\t\t<div class=\"elementor-widget-container\">\n\t\t\t\t\t<div class=\"elementor-spacer\">\n\t\t\t<div class=\"elementor-spacer-inner\"><\/div>\n\t\t<\/div>\n\t\t\t\t<\/div>\n\t\t\t\t<\/div>\n\t\t\t\t\t\t<\/div>\n\t\t\t<\/div>\n\t\t<\/div>\n\t\t\t\t\t\t<\/div>\n\t\t\t<\/div>\n\t\t<\/section>\n\t\t\t\t<section class=\"elementor-element elementor-element-5344e629 elementor-section-boxed elementor-section-height-default elementor-section-height-default elementor-section elementor-top-section\" data-id=\"5344e629\" data-element_type=\"section\">\n\t\t\t\t\t\t<div class=\"elementor-container elementor-column-gap-default\">\n\t\t\t\t<div class=\"elementor-row\">\n\t\t\t\t<div class=\"elementor-element elementor-element-2974fdc7 elementor-column elementor-col-100 elementor-top-column\" data-id=\"2974fdc7\" data-element_type=\"column\">\n\t\t\t<div class=\"elementor-column-wrap  elementor-element-populated\">\n\t\t\t\t\t<div class=\"elementor-widget-wrap\">\n\t\t\t\t<div class=\"elementor-element elementor-element-48522b3 elementor-pagination-position-outside elementor-widget elementor-widget-image-carousel\" data-id=\"48522b3\" data-element_type=\"widget\" data-settings=\"{&quot;navigation&quot;:&quot;dots&quot;,&quot;slides_to_show&quot;:&quot;3&quot;,&quot;autoplay_speed&quot;:2000,&quot;autoplay&quot;:&quot;yes&quot;,&quot;pause_on_hover&quot;:&quot;yes&quot;,&quot;pause_on_interaction&quot;:&quot;yes&quot;,&quot;infinite&quot;:&quot;yes&quot;,&quot;speed&quot;:500,&quot;direction&quot;:&quot;ltr&quot;}\" data-widget_type=\"image-carousel.default\">\n\t\t\t\t<div class=\"elementor-widget-container\">\n\t\t\t\t\t<div class=\"elementor-image-carousel-wrapper swiper-container\" dir=\"ltr\">\n\t\t\t<div class=\"elementor-image-carousel swiper-wrapper\">\n\t\t\t\t<div class=\"swiper-slide\"><figure class=\"swiper-slide-inner\"><img class=\"swiper-slide-image\" src=\"https:\/\/visitvosu.com\/wp-content\/uploads\/elementor\/thumbs\/Altjakalurik\u00fcla02_-2-pps71t6t45lfyjzc95tm35bf44pqvqzms60278kyu8.jpg\" alt=\"Altja+kalurik\u00fcla+02_-2\" \/><\/figure><\/div><div class=\"swiper-slide\"><figure class=\"swiper-slide-inner\"><img class=\"swiper-slide-image\" src=\"https:\/\/visitvosu.com\/wp-content\/uploads\/elementor\/thumbs\/altja_toomarahvaturismitalu_-pps71mlxsbcfpa8wbkz83oz6yfm6dv9if9fnuauq1s.jpg\" alt=\"altja_toomarahvaturismitalu_\" \/><\/figure><\/div><div class=\"swiper-slide\"><figure class=\"swiper-slide-inner\"><img class=\"swiper-slide-image\" src=\"https:\/\/visitvosu.com\/wp-content\/uploads\/elementor\/thumbs\/altja-titekivi_-pps71njrz5dq0w7j63duo6qnjthjlkd8re35bktbvk.jpeg\" alt=\"altja-titekivi_\" \/><\/figure><\/div><div class=\"swiper-slide\"><figure class=\"swiper-slide-inner\"><img class=\"swiper-slide-image\" src=\"https:\/\/visitvosu.com\/wp-content\/uploads\/elementor\/thumbs\/Altjak\u00f5rtsIlmarMesi_-pps71njrz5dq0w7j63duo6qnjthjlkd8re35bktbvk.jpg\" alt=\"Altja+k\u00f5rtsIlmarMesi_\" \/><\/figure><\/div><div class=\"swiper-slide\"><figure class=\"swiper-slide-inner\"><img class=\"swiper-slide-image\" src=\"https:\/\/visitvosu.com\/wp-content\/uploads\/elementor\/thumbs\/Altjakalurik\u00fclaI.Mesi_-pps71v2hhto0lrwly6mv84ucawghb573gfb15si6hs.jpg\" alt=\"Altja+kalurik\u00fcla+I.+Mesi_\" \/><\/figure><\/div>\t\t\t<\/div>\n\t\t\t\t\t\t\t\t\t\t\t\t<div class=\"swiper-pagination\"><\/div>\n\t\t\t\t\t\t\t\t\t\t\t\t\t<\/div>\n\t\t\t\t<\/div>\n\t\t\t\t<\/div>\n\t\t\t\t\t\t<\/div>\n\t\t\t<\/div>\n\t\t<\/div>\n\t\t\t\t\t\t<\/div>\n\t\t\t<\/div>\n\t\t<\/section>\n\t\t\t\t<section class=\"elementor-element elementor-element-1040d9a1 elementor-section-boxed elementor-section-height-default elementor-section-height-default elementor-section elementor-top-section\" data-id=\"1040d9a1\" data-element_type=\"section\">\n\t\t\t\t\t\t<div class=\"elementor-container elementor-column-gap-default\">\n\t\t\t\t<div class=\"elementor-row\">\n\t\t\t\t<div class=\"elementor-element elementor-element-451a362d elementor-column elementor-col-100 elementor-top-column\" data-id=\"451a362d\" data-element_type=\"column\">\n\t\t\t<div class=\"elementor-column-wrap  elementor-element-populated\">\n\t\t\t\t\t<div class=\"elementor-widget-wrap\">\n\t\t\t\t<div class=\"elementor-element elementor-element-6631cdc1 elementor-widget elementor-widget-spacer\" data-id=\"6631cdc1\" data-element_type=\"widget\" data-widget_type=\"spacer.default\">\n\t\t\t\t<div class=\"elementor-widget-container\">\n\t\t\t\t\t<div class=\"elementor-spacer\">\n\t\t\t<div class=\"elementor-spacer-inner\"><\/div>\n\t\t<\/div>\n\t\t\t\t<\/div>\n\t\t\t\t<\/div>\n\t\t\t\t\t\t<\/div>\n\t\t\t<\/div>\n\t\t<\/div>\n\t\t\t\t\t\t<\/div>\n\t\t\t<\/div>\n\t\t<\/section>\n\t\t\t\t\t\t<\/div>\n\t\t\t<\/div>\n\t\t<\/div>","protected":false},"excerpt":{"rendered":"<p>altja loodus- ja kultuurilooline rada Altja loodus- ja kultuurilooline rada asub Altja kalurik\u00fclas Lahemaa rahvuspargis. 3 km pikkune rada algab Altja neemelt p\u00e4rast rippsilla \u00fcletamist. Altja loodus-ja kultuurilooline rada tutvustab [&hellip;]<\/p>\n","protected":false},"author":1,"featured_media":0,"parent":0,"menu_order":0,"comment_status":"closed","ping_status":"closed","template":"","meta":{"_EventAllDay":false,"_EventTimezone":"","_EventStartDate":"","_EventEndDate":"","_EventStartDateUTC":"","_EventEndDateUTC":"","_EventShowMap":false,"_EventShowMapLink":false,"_EventURL":"","_EventCost":"","_EventCostDescription":"","_EventCurrencySymbol":"","_EventCurrencyCode":"","_EventCurrencyPosition":"","_EventDateTimeSeparator":"","_EventTimeRangeSeparator":"","_EventOrganizerID":[],"_EventVenueID":0,"_OrganizerEmail":"","_OrganizerPhone":"","_OrganizerWebsite":"","_VenueAddress":"","_VenueCity":"","_VenueCountry":"","_VenueProvince":"","_VenueZip":"","_VenuePhone":"","_VenueURL":"","_VenueStateProvince":"","_VenueLat":"","_VenueLng":"","ocean_post_layout":"full-screen","ocean_both_sidebars_style":"","ocean_both_sidebars_content_width":0,"ocean_both_sidebars_sidebars_width":0,"ocean_sidebar":"0","ocean_second_sidebar":"0","ocean_disable_margins":"enable","ocean_add_body_class":"","ocean_shortcode_before_top_bar":"","ocean_shortcode_after_top_bar":"","ocean_shortcode_before_header":"","ocean_shortcode_after_header":"","ocean_has_shortcode":"","ocean_shortcode_after_title":"","ocean_shortcode_before_footer_widgets":"","ocean_shortcode_after_footer_widgets":"","ocean_shortcode_before_footer_bottom":"","ocean_shortcode_after_footer_bottom":"","ocean_display_top_bar":"default","ocean_display_header":"default","ocean_header_style":"","ocean_center_header_left_menu":"0","ocean_custom_header_template":"0","ocean_custom_logo":0,"ocean_custom_retina_logo":0,"ocean_custom_logo_max_width":0,"ocean_custom_logo_tablet_max_width":0,"ocean_custom_logo_mobile_max_width":0,"ocean_custom_logo_max_height":0,"ocean_custom_logo_tablet_max_height":0,"ocean_custom_logo_mobile_max_height":0,"ocean_header_custom_menu":"0","ocean_menu_typo_font_family":"0","ocean_menu_typo_font_subset":"","ocean_menu_typo_font_size":0,"ocean_menu_typo_font_size_tablet":0,"ocean_menu_typo_font_size_mobile":0,"ocean_menu_typo_font_size_unit":"px","ocean_menu_typo_font_weight":"","ocean_menu_typo_font_weight_tablet":"","ocean_menu_typo_font_weight_mobile":"","ocean_menu_typo_transform":"","ocean_menu_typo_transform_tablet":"","ocean_menu_typo_transform_mobile":"","ocean_menu_typo_line_height":0,"ocean_menu_typo_line_height_tablet":0,"ocean_menu_typo_line_height_mobile":0,"ocean_menu_typo_line_height_unit":"","ocean_menu_typo_spacing":0,"ocean_menu_typo_spacing_tablet":0,"ocean_menu_typo_spacing_mobile":0,"ocean_menu_typo_spacing_unit":"","ocean_menu_link_color":"","ocean_menu_link_color_hover":"","ocean_menu_link_color_active":"","ocean_menu_link_background":"","ocean_menu_link_hover_background":"","ocean_menu_link_active_background":"","ocean_menu_social_links_bg":"","ocean_menu_social_hover_links_bg":"","ocean_menu_social_links_color":"","ocean_menu_social_hover_links_color":"","ocean_disable_title":"on","ocean_disable_heading":"default","ocean_post_title":"","ocean_post_subheading":"","ocean_post_title_style":"","ocean_post_title_background_color":"","ocean_post_title_background":0,"ocean_post_title_bg_image_position":"","ocean_post_title_bg_image_attachment":"","ocean_post_title_bg_image_repeat":"","ocean_post_title_bg_image_size":"","ocean_post_title_height":0,"ocean_post_title_bg_overlay":0.5,"ocean_post_title_bg_overlay_color":"","ocean_disable_breadcrumbs":"default","ocean_breadcrumbs_color":"","ocean_breadcrumbs_separator_color":"","ocean_breadcrumbs_links_color":"","ocean_breadcrumbs_links_hover_color":"","ocean_display_footer_widgets":"default","ocean_display_footer_bottom":"default","ocean_custom_footer_template":"0"},"yoast_head":"<!-- This site is optimized with the Yoast SEO plugin v19.6.1 - https:\/\/yoast.com\/wordpress\/plugins\/seo\/ -->\n<title>altjaloodusrada &ndash; V\u00d5SU<\/title>\n<meta name=\"description\" content=\"altja loodus- ja kultuurilooline rada Altja loodus- ja kultuurilooline rada asub Altja kalurik\u00fclas Lahemaa rahvuspargis. 3 km pikkune rada algab Altja\" \/>\n<meta name=\"robots\" content=\"index, follow, max-snippet:-1, max-image-preview:large, max-video-preview:-1\" \/>\n<link rel=\"canonical\" href=\"https:\/\/visitvosu.com\/en\/altjaloodusrada\/\" \/>\n<meta property=\"og:locale\" content=\"en_GB\" \/>\n<meta property=\"og:type\" content=\"article\" \/>\n<meta property=\"og:title\" content=\"altjaloodusrada &ndash; V\u00d5SU\" \/>\n<meta property=\"og:description\" content=\"altja loodus- ja kultuurilooline rada Altja loodus- ja kultuurilooline rada asub Altja kalurik\u00fclas Lahemaa rahvuspargis. 3 km pikkune rada algab Altja\" \/>\n<meta property=\"og:url\" content=\"https:\/\/visitvosu.com\/en\/altjaloodusrada\/\" \/>\n<meta property=\"og:site_name\" content=\"V\u00d5SU\" \/>\n<meta property=\"article:publisher\" content=\"https:\/\/www.facebook.com\/vosukuurort\" \/>\n<meta property=\"article:modified_time\" content=\"2019-05-21T13:32:04+00:00\" \/>\n<meta property=\"og:image\" content=\"https:\/\/visitvosu.com\/wp-content\/uploads\/elementor\/thumbs\/Altjakalurik\u00fcla02_-2-o6v5p2mvnp6r1blzk089b686416d57vadz6dt6gpy8.jpg\" \/>\n<meta name=\"twitter:card\" content=\"summary_large_image\" \/>\n<script type=\"application\/ld+json\" class=\"yoast-schema-graph\">{\"@context\":\"https:\/\/schema.org\",\"@graph\":[{\"@type\":\"WebPage\",\"@id\":\"https:\/\/visitvosu.com\/en\/altjaloodusrada\/\",\"url\":\"https:\/\/visitvosu.com\/en\/altjaloodusrada\/\",\"name\":\"altjaloodusrada &ndash; V\u00d5SU\",\"isPartOf\":{\"@id\":\"https:\/\/visitvosu.com\/#website\"},\"datePublished\":\"2019-04-29T16:45:12+00:00\",\"dateModified\":\"2019-05-21T13:32:04+00:00\",\"description\":\"altja loodus- ja kultuurilooline rada Altja loodus- ja kultuurilooline rada asub Altja kalurik\u00fclas Lahemaa rahvuspargis. 3 km pikkune rada algab Altja\",\"breadcrumb\":{\"@id\":\"https:\/\/visitvosu.com\/en\/altjaloodusrada\/#breadcrumb\"},\"inLanguage\":\"en-GB\",\"potentialAction\":[{\"@type\":\"ReadAction\",\"target\":[\"https:\/\/visitvosu.com\/en\/altjaloodusrada\/\"]}]},{\"@type\":\"BreadcrumbList\",\"@id\":\"https:\/\/visitvosu.com\/en\/altjaloodusrada\/#breadcrumb\",\"itemListElement\":[{\"@type\":\"ListItem\",\"position\":1,\"name\":\"Home\",\"item\":\"https:\/\/visitvosu.com\/\"},{\"@type\":\"ListItem\",\"position\":2,\"name\":\"altjaloodusrada\"}]},{\"@type\":\"WebSite\",\"@id\":\"https:\/\/visitvosu.com\/#website\",\"url\":\"https:\/\/visitvosu.com\/\",\"name\":\"V\u00d5SU\",\"description\":\"V\u00f5sul asub siinsete puhkajate \u00fcks lemmikuid liivarandu. V\u00f5su is home to one of the most popular sandy beaches among holidaymakers.\",\"publisher\":{\"@id\":\"https:\/\/visitvosu.com\/#organization\"},\"potentialAction\":[{\"@type\":\"SearchAction\",\"target\":{\"@type\":\"EntryPoint\",\"urlTemplate\":\"https:\/\/visitvosu.com\/?s={search_term_string}\"},\"query-input\":\"required name=search_term_string\"}],\"inLanguage\":\"en-GB\"},{\"@type\":\"Organization\",\"@id\":\"https:\/\/visitvosu.com\/#organization\",\"name\":\"V\u00f5su K\u00fclaselts MT\u00dc\",\"url\":\"https:\/\/visitvosu.com\/\",\"sameAs\":[\"https:\/\/www.facebook.com\/vosukuurort\"],\"logo\":{\"@type\":\"ImageObject\",\"inLanguage\":\"en-GB\",\"@id\":\"https:\/\/visitvosu.com\/#\/schema\/logo\/image\/\",\"url\":\"https:\/\/visitvosu.com\/wp-content\/uploads\/2019\/05\/LogoMakr_02OqiN.png\",\"contentUrl\":\"https:\/\/visitvosu.com\/wp-content\/uploads\/2019\/05\/LogoMakr_02OqiN.png\",\"width\":400,\"height\":151,\"caption\":\"V\u00f5su K\u00fclaselts MT\u00dc\"},\"image\":{\"@id\":\"https:\/\/visitvosu.com\/#\/schema\/logo\/image\/\"}}]}<\/script>\n<!-- \/ Yoast SEO plugin. -->","yoast_head_json":{"title":"altjaloodusrada &ndash; V\u00d5SU","description":"altja loodus- ja kultuurilooline rada Altja loodus- ja kultuurilooline rada asub Altja kalurik\u00fclas Lahemaa rahvuspargis. 3 km pikkune rada algab Altja","robots":{"index":"index","follow":"follow","max-snippet":"max-snippet:-1","max-image-preview":"max-image-preview:large","max-video-preview":"max-video-preview:-1"},"canonical":"https:\/\/visitvosu.com\/en\/altjaloodusrada\/","og_locale":"en_GB","og_type":"article","og_title":"altjaloodusrada &ndash; V\u00d5SU","og_description":"altja loodus- ja kultuurilooline rada Altja loodus- ja kultuurilooline rada asub Altja kalurik\u00fclas Lahemaa rahvuspargis. 3 km pikkune rada algab Altja","og_url":"https:\/\/visitvosu.com\/en\/altjaloodusrada\/","og_site_name":"V\u00d5SU","article_publisher":"https:\/\/www.facebook.com\/vosukuurort","article_modified_time":"2019-05-21T13:32:04+00:00","og_image":[{"url":"https:\/\/visitvosu.com\/wp-content\/uploads\/elementor\/thumbs\/Altjakalurik\u00fcla02_-2-o6v5p2mvnp6r1blzk089b686416d57vadz6dt6gpy8.jpg"}],"twitter_card":"summary_large_image","schema":{"@context":"https:\/\/schema.org","@graph":[{"@type":"WebPage","@id":"https:\/\/visitvosu.com\/en\/altjaloodusrada\/","url":"https:\/\/visitvosu.com\/en\/altjaloodusrada\/","name":"altjaloodusrada &ndash; V\u00d5SU","isPartOf":{"@id":"https:\/\/visitvosu.com\/#website"},"datePublished":"2019-04-29T16:45:12+00:00","dateModified":"2019-05-21T13:32:04+00:00","description":"altja loodus- ja kultuurilooline rada Altja loodus- ja kultuurilooline rada asub Altja kalurik\u00fclas Lahemaa rahvuspargis. 3 km pikkune rada algab Altja","breadcrumb":{"@id":"https:\/\/visitvosu.com\/en\/altjaloodusrada\/#breadcrumb"},"inLanguage":"en-GB","potentialAction":[{"@type":"ReadAction","target":["https:\/\/visitvosu.com\/en\/altjaloodusrada\/"]}]},{"@type":"BreadcrumbList","@id":"https:\/\/visitvosu.com\/en\/altjaloodusrada\/#breadcrumb","itemListElement":[{"@type":"ListItem","position":1,"name":"Home","item":"https:\/\/visitvosu.com\/"},{"@type":"ListItem","position":2,"name":"altjaloodusrada"}]},{"@type":"WebSite","@id":"https:\/\/visitvosu.com\/#website","url":"https:\/\/visitvosu.com\/","name":"V\u00d5SU","description":"V\u00f5sul asub siinsete puhkajate \u00fcks lemmikuid liivarandu. V\u00f5su is home to one of the most popular sandy beaches among holidaymakers.","publisher":{"@id":"https:\/\/visitvosu.com\/#organization"},"potentialAction":[{"@type":"SearchAction","target":{"@type":"EntryPoint","urlTemplate":"https:\/\/visitvosu.com\/?s={search_term_string}"},"query-input":"required name=search_term_string"}],"inLanguage":"en-GB"},{"@type":"Organization","@id":"https:\/\/visitvosu.com\/#organization","name":"V\u00f5su K\u00fclaselts MT\u00dc","url":"https:\/\/visitvosu.com\/","sameAs":["https:\/\/www.facebook.com\/vosukuurort"],"logo":{"@type":"ImageObject","inLanguage":"en-GB","@id":"https:\/\/visitvosu.com\/#\/schema\/logo\/image\/","url":"https:\/\/visitvosu.com\/wp-content\/uploads\/2019\/05\/LogoMakr_02OqiN.png","contentUrl":"https:\/\/visitvosu.com\/wp-content\/uploads\/2019\/05\/LogoMakr_02OqiN.png","width":400,"height":151,"caption":"V\u00f5su K\u00fclaselts MT\u00dc"},"image":{"@id":"https:\/\/visitvosu.com\/#\/schema\/logo\/image\/"}}]}},"_links":{"self":[{"href":"https:\/\/visitvosu.com\/en\/wp-json\/wp\/v2\/pages\/3058"}],"collection":[{"href":"https:\/\/visitvosu.com\/en\/wp-json\/wp\/v2\/pages"}],"about":[{"href":"https:\/\/visitvosu.com\/en\/wp-json\/wp\/v2\/types\/page"}],"author":[{"embeddable":true,"href":"https:\/\/visitvosu.com\/en\/wp-json\/wp\/v2\/users\/1"}],"replies":[{"embeddable":true,"href":"https:\/\/visitvosu.com\/en\/wp-json\/wp\/v2\/comments?post=3058"}],"version-history":[{"count":4,"href":"https:\/\/visitvosu.com\/en\/wp-json\/wp\/v2\/pages\/3058\/revisions"}],"predecessor-version":[{"id":4752,"href":"https:\/\/visitvosu.com\/en\/wp-json\/wp\/v2\/pages\/3058\/revisions\/4752"}],"wp:attachment":[{"href":"https:\/\/visitvosu.com\/en\/wp-json\/wp\/v2\/media?parent=3058"}],"curies":[{"name":"wp","href":"https:\/\/api.w.org\/{rel}","templated":true}]}}