{"id":2996,"date":"2019-04-29T15:26:48","date_gmt":"2019-04-29T15:26:48","guid":{"rendered":"https:\/\/visitvosu.com\/?page_id=2996"},"modified":"2019-05-21T16:19:58","modified_gmt":"2019-05-21T13:19:58","slug":"ojakivirada","status":"publish","type":"page","link":"https:\/\/visitvosu.com\/en\/ojakivirada\/","title":{"rendered":"ojakivirada"},"content":{"rendered":"<div data-elementor-type=\"wp-post\" data-elementor-id=\"2996\" class=\"elementor elementor-2996\" data-elementor-settings=\"[]\">\n\t\t\t<div class=\"elementor-inner\">\n\t\t\t\t<div class=\"elementor-section-wrap\">\n\t\t\t\t\t\t\t<section class=\"elementor-element elementor-element-22832690 elementor-section-height-min-height elementor-section-content-middle elementor-section-full_width elementor-section-items-bottom elementor-section-height-default elementor-section elementor-top-section\" data-id=\"22832690\" data-element_type=\"section\" data-settings=\"{&quot;background_background&quot;:&quot;classic&quot;}\">\n\t\t\t\t\t\t\t<div class=\"elementor-background-overlay\"><\/div>\n\t\t\t\t\t\t\t<div class=\"elementor-container elementor-column-gap-narrow\">\n\t\t\t\t<div class=\"elementor-row\">\n\t\t\t\t<div class=\"elementor-element elementor-element-76a91fd3 elementor-column elementor-col-100 elementor-top-column\" data-id=\"76a91fd3\" data-element_type=\"column\">\n\t\t\t<div class=\"elementor-column-wrap\">\n\t\t\t\t\t<div class=\"elementor-widget-wrap\">\n\t\t\t\t\t\t<\/div>\n\t\t\t<\/div>\n\t\t<\/div>\n\t\t\t\t\t\t<\/div>\n\t\t\t<\/div>\n\t\t<\/section>\n\t\t\t\t<section class=\"elementor-element elementor-element-11cdeebe elementor-section-boxed elementor-section-height-default elementor-section-height-default elementor-section elementor-top-section\" data-id=\"11cdeebe\" data-element_type=\"section\">\n\t\t\t\t\t\t<div class=\"elementor-container elementor-column-gap-default\">\n\t\t\t\t<div class=\"elementor-row\">\n\t\t\t\t<div class=\"elementor-element elementor-element-49c20e45 elementor-column elementor-col-100 elementor-top-column\" data-id=\"49c20e45\" data-element_type=\"column\">\n\t\t\t<div class=\"elementor-column-wrap  elementor-element-populated\">\n\t\t\t\t\t<div class=\"elementor-widget-wrap\">\n\t\t\t\t<div class=\"elementor-element elementor-element-140b9f81 elementor-widget elementor-widget-spacer\" data-id=\"140b9f81\" data-element_type=\"widget\" data-widget_type=\"spacer.default\">\n\t\t\t\t<div class=\"elementor-widget-container\">\n\t\t\t\t\t<div class=\"elementor-spacer\">\n\t\t\t<div class=\"elementor-spacer-inner\"><\/div>\n\t\t<\/div>\n\t\t\t\t<\/div>\n\t\t\t\t<\/div>\n\t\t\t\t\t\t<\/div>\n\t\t\t<\/div>\n\t\t<\/div>\n\t\t\t\t\t\t<\/div>\n\t\t\t<\/div>\n\t\t<\/section>\n\t\t\t\t<section class=\"elementor-element elementor-element-477467e2 elementor-section-boxed elementor-section-height-default elementor-section-height-default elementor-section elementor-top-section\" data-id=\"477467e2\" data-element_type=\"section\">\n\t\t\t\t\t\t<div class=\"elementor-container elementor-column-gap-default\">\n\t\t\t\t<div class=\"elementor-row\">\n\t\t\t\t<div class=\"elementor-element elementor-element-1d5e0d6d elementor-column elementor-col-50 elementor-top-column\" data-id=\"1d5e0d6d\" data-element_type=\"column\">\n\t\t\t<div class=\"elementor-column-wrap  elementor-element-populated\">\n\t\t\t\t\t<div class=\"elementor-widget-wrap\">\n\t\t\t\t<div class=\"elementor-element elementor-element-288d5de9 elementor-widget elementor-widget-heading\" data-id=\"288d5de9\" data-element_type=\"widget\" data-widget_type=\"heading.default\">\n\t\t\t\t<div class=\"elementor-widget-container\">\n\t\t\t<h2 class=\"elementor-heading-title elementor-size-default\">OJAKIVI TRAIL<\/h2>\t\t<\/div>\n\t\t\t\t<\/div>\n\t\t\t\t<div class=\"elementor-element elementor-element-39565cc3 elementor-widget elementor-widget-text-editor\" data-id=\"39565cc3\" data-element_type=\"widget\" data-widget_type=\"text-editor.default\">\n\t\t\t\t<div class=\"elementor-widget-container\">\n\t\t\t\t\t<div class=\"elementor-text-editor elementor-clearfix\"><p>The Ojakivi trail near V\u00f5su leads to Ojakivi (Creek Stone). The trail is 2,5 km long, up to the stone and the same way back. At a circumference of 31.7 metres and a height of six metres, Ojakivi is the third largest giant boulder in the Lahemaa region and the fourteenth largest in Estonia. There are between 70-85 giant boulders in Estonia, while the rest of the once-glaciated area in Europe only holds between six and eight such boulders.\u00a0<\/p><\/div>\n\t\t\t\t<\/div>\n\t\t\t\t<\/div>\n\t\t\t\t\t\t<\/div>\n\t\t\t<\/div>\n\t\t<\/div>\n\t\t\t\t<div class=\"elementor-element elementor-element-3c611ed2 elementor-column elementor-col-50 elementor-top-column\" data-id=\"3c611ed2\" data-element_type=\"column\">\n\t\t\t<div class=\"elementor-column-wrap  elementor-element-populated\">\n\t\t\t\t\t<div class=\"elementor-widget-wrap\">\n\t\t\t\t<div class=\"elementor-element elementor-element-05bc7da elementor-widget__width-inherit elementor-align-left elementor-icon-list--layout-traditional elementor-widget elementor-widget-icon-list\" data-id=\"05bc7da\" data-element_type=\"widget\" data-widget_type=\"icon-list.default\">\n\t\t\t\t<div class=\"elementor-widget-container\">\n\t\t\t\t\t<ul class=\"elementor-icon-list-items\">\n\t\t\t\t\t\t\t<li class=\"elementor-icon-list-item\" >\n\t\t\t\t\t\t\t\t\t\t\t<span class=\"elementor-icon-list-icon\">\n\t\t\t\t\t\t\t\t\t\t\t\t\t\t\t\t<i class=\"fa fa-map-marker\" aria-hidden=\"true\"><\/i>\n\t\t\t\t\t\t\t\t\t\t\t\t\t<\/span>\n\t\t\t\t\t\t\t\t\t\t<span class=\"elementor-icon-list-text\">V\u00f5su alevik, Haljala vald, L\u00e4\u00e4ne-Virumaa<\/span>\n\t\t\t\t\t\t\t\t\t<\/li>\n\t\t\t\t\t\t\t\t<li class=\"elementor-icon-list-item\" >\n\t\t\t\t\t\t\t\t\t\t\t<span class=\"elementor-icon-list-icon\">\n\t\t\t\t\t\t\t\t\t\t\t\t\t\t\t\t<i class=\"fa fa-envelope-square\" aria-hidden=\"true\"><\/i>\n\t\t\t\t\t\t\t\t\t\t\t\t\t<\/span>\n\t\t\t\t\t\t\t\t\t\t<span class=\"elementor-icon-list-text\">info.oandu@rmk.ee<\/span>\n\t\t\t\t\t\t\t\t\t<\/li>\n\t\t\t\t\t\t\t\t<li class=\"elementor-icon-list-item\" >\n\t\t\t\t\t\t\t\t\t\t\t<span class=\"elementor-icon-list-icon\">\n\t\t\t\t\t\t\t\t\t\t\t\t\t\t\t\t<i class=\"fa fa-phone-square\" aria-hidden=\"true\"><\/i>\n\t\t\t\t\t\t\t\t\t\t\t\t\t<\/span>\n\t\t\t\t\t\t\t\t\t\t<span class=\"elementor-icon-list-text\">+372 329 5555<\/span>\n\t\t\t\t\t\t\t\t\t<\/li>\n\t\t\t\t\t\t\t\t<li class=\"elementor-icon-list-item\" >\n\t\t\t\t\t<a href=\"https:\/\/www.facebook.com\/RMKOandulooduskeskus\/\" target=\"_blank\">\t\t\t\t\t\t<span class=\"elementor-icon-list-icon\">\n\t\t\t\t\t\t\t\t\t\t\t\t\t\t\t\t<i class=\"fa fa-facebook-square\" aria-hidden=\"true\"><\/i>\n\t\t\t\t\t\t\t\t\t\t\t\t\t<\/span>\n\t\t\t\t\t\t\t\t\t\t<span class=\"elementor-icon-list-text\">RMK Oandu k\u00fclastuskeskus<\/span>\n\t\t\t\t\t\t\t\t\t\t\t<\/a>\n\t\t\t\t\t\t\t\t\t<\/li>\n\t\t\t\t\t\t\t\t<li class=\"elementor-icon-list-item\" >\n\t\t\t\t\t<a href=\"https:\/\/loodusegakoos.ee\/kuhuminna\/rahvuspargid\/lahemaa-rahvuspark\/ojakivi\" target=\"_blank\">\t\t\t\t\t\t<span class=\"elementor-icon-list-icon\">\n\t\t\t\t\t\t\t\t\t\t\t\t\t\t\t\t<i class=\"fa fa-home\" aria-hidden=\"true\"><\/i>\n\t\t\t\t\t\t\t\t\t\t\t\t\t<\/span>\n\t\t\t\t\t\t\t\t\t\t<span class=\"elementor-icon-list-text\">https:\/\/loodusegakoos.ee<\/span>\n\t\t\t\t\t\t\t\t\t\t\t<\/a>\n\t\t\t\t\t\t\t\t\t<\/li>\n\t\t\t\t\t\t<\/ul>\n\t\t\t\t<\/div>\n\t\t\t\t<\/div>\n\t\t\t\t<section class=\"elementor-element elementor-element-1a90d78 elementor-section-height-min-height elementor-section-boxed elementor-section-height-default elementor-section elementor-inner-section\" data-id=\"1a90d78\" data-element_type=\"section\">\n\t\t\t\t\t\t<div class=\"elementor-container elementor-column-gap-narrow\">\n\t\t\t\t<div class=\"elementor-row\">\n\t\t\t\t<div class=\"elementor-element elementor-element-3686fce elementor-column elementor-col-100 elementor-inner-column\" data-id=\"3686fce\" data-element_type=\"column\">\n\t\t\t<div class=\"elementor-column-wrap  elementor-element-populated\">\n\t\t\t\t\t<div class=\"elementor-widget-wrap\">\n\t\t\t\t<div class=\"elementor-element elementor-element-49d3997 elementor-widget elementor-widget-google_maps\" data-id=\"49d3997\" data-element_type=\"widget\" data-widget_type=\"google_maps.default\">\n\t\t\t\t<div class=\"elementor-widget-container\">\n\t\t\t<div class=\"elementor-custom-embed\"><iframe frameborder=\"0\" scrolling=\"no\" marginheight=\"0\" marginwidth=\"0\" src=\"https:\/\/maps.google.com\/maps?q=59.605559%2025.989785&amp;t=m&amp;z=10&amp;output=embed&amp;iwloc=near\" aria-label=\"59.605559 25.989785\"><\/iframe><\/div>\t\t<\/div>\n\t\t\t\t<\/div>\n\t\t\t\t\t\t<\/div>\n\t\t\t<\/div>\n\t\t<\/div>\n\t\t\t\t\t\t<\/div>\n\t\t\t<\/div>\n\t\t<\/section>\n\t\t\t\t\t\t<\/div>\n\t\t\t<\/div>\n\t\t<\/div>\n\t\t\t\t\t\t<\/div>\n\t\t\t<\/div>\n\t\t<\/section>\n\t\t\t\t<section class=\"elementor-element elementor-element-1993b48f elementor-section-boxed elementor-section-height-default elementor-section-height-default elementor-section elementor-top-section\" data-id=\"1993b48f\" data-element_type=\"section\">\n\t\t\t\t\t\t<div class=\"elementor-container elementor-column-gap-default\">\n\t\t\t\t<div class=\"elementor-row\">\n\t\t\t\t<div class=\"elementor-element elementor-element-7bfc7dd5 elementor-column elementor-col-100 elementor-top-column\" data-id=\"7bfc7dd5\" data-element_type=\"column\">\n\t\t\t<div class=\"elementor-column-wrap  elementor-element-populated\">\n\t\t\t\t\t<div class=\"elementor-widget-wrap\">\n\t\t\t\t<div class=\"elementor-element elementor-element-54041ab9 elementor-widget elementor-widget-spacer\" data-id=\"54041ab9\" data-element_type=\"widget\" data-widget_type=\"spacer.default\">\n\t\t\t\t<div class=\"elementor-widget-container\">\n\t\t\t\t\t<div class=\"elementor-spacer\">\n\t\t\t<div class=\"elementor-spacer-inner\"><\/div>\n\t\t<\/div>\n\t\t\t\t<\/div>\n\t\t\t\t<\/div>\n\t\t\t\t\t\t<\/div>\n\t\t\t<\/div>\n\t\t<\/div>\n\t\t\t\t\t\t<\/div>\n\t\t\t<\/div>\n\t\t<\/section>\n\t\t\t\t<section class=\"elementor-element elementor-element-be049d1 elementor-section-boxed elementor-section-height-default elementor-section-height-default elementor-section elementor-top-section\" data-id=\"be049d1\" data-element_type=\"section\">\n\t\t\t\t\t\t<div class=\"elementor-container elementor-column-gap-default\">\n\t\t\t\t<div class=\"elementor-row\">\n\t\t\t\t<div class=\"elementor-element elementor-element-7f72d911 elementor-column elementor-col-100 elementor-top-column\" data-id=\"7f72d911\" data-element_type=\"column\">\n\t\t\t<div class=\"elementor-column-wrap  elementor-element-populated\">\n\t\t\t\t\t<div class=\"elementor-widget-wrap\">\n\t\t\t\t<div class=\"elementor-element elementor-element-8db921b elementor-widget elementor-widget-image-carousel\" data-id=\"8db921b\" data-element_type=\"widget\" data-settings=\"{&quot;navigation&quot;:&quot;none&quot;,&quot;slides_to_show&quot;:&quot;3&quot;,&quot;autoplay_speed&quot;:2000,&quot;autoplay&quot;:&quot;yes&quot;,&quot;pause_on_hover&quot;:&quot;yes&quot;,&quot;pause_on_interaction&quot;:&quot;yes&quot;,&quot;infinite&quot;:&quot;yes&quot;,&quot;speed&quot;:500,&quot;direction&quot;:&quot;ltr&quot;}\" data-widget_type=\"image-carousel.default\">\n\t\t\t\t<div class=\"elementor-widget-container\">\n\t\t\t\t\t<div class=\"elementor-image-carousel-wrapper swiper-container\" dir=\"ltr\">\n\t\t\t<div class=\"elementor-image-carousel swiper-wrapper\">\n\t\t\t\t<div class=\"swiper-slide\"><figure class=\"swiper-slide-inner\"><img class=\"swiper-slide-image\" src=\"https:\/\/visitvosu.com\/wp-content\/uploads\/elementor\/thumbs\/Ojakivi3-pps71s8yxbk5my0penezinjyiqudo1vwg1ckpymd0g.jpg\" alt=\"Ojakivi3\" \/><\/figure><\/div><div class=\"swiper-slide\"><figure class=\"swiper-slide-inner\"><img class=\"swiper-slide-image\" src=\"https:\/\/visitvosu.com\/wp-content\/uploads\/elementor\/thumbs\/Ojakivi2-1-pps71lo3lhb5doa9h2klj77qd1qt665s34s6d0w480.jpg\" alt=\"Ojakivi2\" \/><\/figure><\/div><div class=\"swiper-slide\"><figure class=\"swiper-slide-inner\"><img class=\"swiper-slide-image\" src=\"https:\/\/visitvosu.com\/wp-content\/uploads\/elementor\/thumbs\/Ojakivi1-1-pps71u4nazmqa5xz3o88nn2vpil43g3d4anjoijko0.jpg\" alt=\"Ojakivi1\" \/><\/figure><\/div>\t\t\t<\/div>\n\t\t\t\t\t\t\t\t\t\t\t\t\t\t\t\t<\/div>\n\t\t\t\t<\/div>\n\t\t\t\t<\/div>\n\t\t\t\t\t\t<\/div>\n\t\t\t<\/div>\n\t\t<\/div>\n\t\t\t\t\t\t<\/div>\n\t\t\t<\/div>\n\t\t<\/section>\n\t\t\t\t<section class=\"elementor-element elementor-element-3bca684a elementor-section-boxed elementor-section-height-default elementor-section-height-default elementor-section elementor-top-section\" data-id=\"3bca684a\" data-element_type=\"section\">\n\t\t\t\t\t\t<div class=\"elementor-container elementor-column-gap-default\">\n\t\t\t\t<div class=\"elementor-row\">\n\t\t\t\t<div class=\"elementor-element elementor-element-6374a22e elementor-column elementor-col-100 elementor-top-column\" data-id=\"6374a22e\" data-element_type=\"column\">\n\t\t\t<div class=\"elementor-column-wrap  elementor-element-populated\">\n\t\t\t\t\t<div class=\"elementor-widget-wrap\">\n\t\t\t\t<div class=\"elementor-element elementor-element-682438bc elementor-widget elementor-widget-spacer\" data-id=\"682438bc\" data-element_type=\"widget\" data-widget_type=\"spacer.default\">\n\t\t\t\t<div class=\"elementor-widget-container\">\n\t\t\t\t\t<div class=\"elementor-spacer\">\n\t\t\t<div class=\"elementor-spacer-inner\"><\/div>\n\t\t<\/div>\n\t\t\t\t<\/div>\n\t\t\t\t<\/div>\n\t\t\t\t\t\t<\/div>\n\t\t\t<\/div>\n\t\t<\/div>\n\t\t\t\t\t\t<\/div>\n\t\t\t<\/div>\n\t\t<\/section>\n\t\t\t\t\t\t<\/div>\n\t\t\t<\/div>\n\t\t<\/div>","protected":false},"excerpt":{"rendered":"<p>ojakivi rada V\u00f5su vahetus l\u00e4heduses asuv Ojakivi rada tutvustab paksu metsa peitunud maapealse mahu poolest 3. hiidrahnu Lahemaal ja 14. Eestis. Ojakivi \u00fcmberm\u00f5\u00f5t on umbes 30 meetrit, k\u00f5rgus 6 meetrit, [&hellip;]<\/p>\n","protected":false},"author":1,"featured_media":0,"parent":0,"menu_order":0,"comment_status":"closed","ping_status":"closed","template":"","meta":{"_EventAllDay":false,"_EventTimezone":"","_EventStartDate":"","_EventEndDate":"","_EventStartDateUTC":"","_EventEndDateUTC":"","_EventShowMap":false,"_EventShowMapLink":false,"_EventURL":"","_EventCost":"","_EventCostDescription":"","_EventCurrencySymbol":"","_EventCurrencyCode":"","_EventCurrencyPosition":"","_EventDateTimeSeparator":"","_EventTimeRangeSeparator":"","_EventOrganizerID":[],"_EventVenueID":0,"_OrganizerEmail":"","_OrganizerPhone":"","_OrganizerWebsite":"","_VenueAddress":"","_VenueCity":"","_VenueCountry":"","_VenueProvince":"","_VenueZip":"","_VenuePhone":"","_VenueURL":"","_VenueStateProvince":"","_VenueLat":"","_VenueLng":"","ocean_post_layout":"full-screen","ocean_both_sidebars_style":"","ocean_both_sidebars_content_width":0,"ocean_both_sidebars_sidebars_width":0,"ocean_sidebar":"0","ocean_second_sidebar":"0","ocean_disable_margins":"enable","ocean_add_body_class":"","ocean_shortcode_before_top_bar":"","ocean_shortcode_after_top_bar":"","ocean_shortcode_before_header":"","ocean_shortcode_after_header":"","ocean_has_shortcode":"","ocean_shortcode_after_title":"","ocean_shortcode_before_footer_widgets":"","ocean_shortcode_after_footer_widgets":"","ocean_shortcode_before_footer_bottom":"","ocean_shortcode_after_footer_bottom":"","ocean_display_top_bar":"default","ocean_display_header":"default","ocean_header_style":"","ocean_center_header_left_menu":"0","ocean_custom_header_template":"0","ocean_custom_logo":0,"ocean_custom_retina_logo":0,"ocean_custom_logo_max_width":0,"ocean_custom_logo_tablet_max_width":0,"ocean_custom_logo_mobile_max_width":0,"ocean_custom_logo_max_height":0,"ocean_custom_logo_tablet_max_height":0,"ocean_custom_logo_mobile_max_height":0,"ocean_header_custom_menu":"0","ocean_menu_typo_font_family":"0","ocean_menu_typo_font_subset":"","ocean_menu_typo_font_size":0,"ocean_menu_typo_font_size_tablet":0,"ocean_menu_typo_font_size_mobile":0,"ocean_menu_typo_font_size_unit":"px","ocean_menu_typo_font_weight":"","ocean_menu_typo_font_weight_tablet":"","ocean_menu_typo_font_weight_mobile":"","ocean_menu_typo_transform":"","ocean_menu_typo_transform_tablet":"","ocean_menu_typo_transform_mobile":"","ocean_menu_typo_line_height":0,"ocean_menu_typo_line_height_tablet":0,"ocean_menu_typo_line_height_mobile":0,"ocean_menu_typo_line_height_unit":"","ocean_menu_typo_spacing":0,"ocean_menu_typo_spacing_tablet":0,"ocean_menu_typo_spacing_mobile":0,"ocean_menu_typo_spacing_unit":"","ocean_menu_link_color":"","ocean_menu_link_color_hover":"","ocean_menu_link_color_active":"","ocean_menu_link_background":"","ocean_menu_link_hover_background":"","ocean_menu_link_active_background":"","ocean_menu_social_links_bg":"","ocean_menu_social_hover_links_bg":"","ocean_menu_social_links_color":"","ocean_menu_social_hover_links_color":"","ocean_disable_title":"on","ocean_disable_heading":"default","ocean_post_title":"","ocean_post_subheading":"","ocean_post_title_style":"","ocean_post_title_background_color":"","ocean_post_title_background":0,"ocean_post_title_bg_image_position":"","ocean_post_title_bg_image_attachment":"","ocean_post_title_bg_image_repeat":"","ocean_post_title_bg_image_size":"","ocean_post_title_height":0,"ocean_post_title_bg_overlay":0.5,"ocean_post_title_bg_overlay_color":"","ocean_disable_breadcrumbs":"default","ocean_breadcrumbs_color":"","ocean_breadcrumbs_separator_color":"","ocean_breadcrumbs_links_color":"","ocean_breadcrumbs_links_hover_color":"","ocean_display_footer_widgets":"default","ocean_display_footer_bottom":"default","ocean_custom_footer_template":"0"},"yoast_head":"<!-- This site is optimized with the Yoast SEO plugin v19.6.1 - https:\/\/yoast.com\/wordpress\/plugins\/seo\/ -->\n<title>ojakivirada &ndash; V\u00d5SU<\/title>\n<meta name=\"description\" content=\"ojakivi rada V\u00f5su vahetus l\u00e4heduses asuv Ojakivi rada tutvustab paksu metsa peitunud maapealse mahu poolest 3. hiidrahnu Lahemaal ja 14. Eestis. Ojakivi\" \/>\n<meta name=\"robots\" content=\"index, follow, max-snippet:-1, max-image-preview:large, max-video-preview:-1\" \/>\n<link rel=\"canonical\" href=\"https:\/\/visitvosu.com\/en\/ojakivirada\/\" \/>\n<meta property=\"og:locale\" content=\"en_GB\" \/>\n<meta property=\"og:type\" content=\"article\" \/>\n<meta property=\"og:title\" content=\"ojakivirada &ndash; V\u00d5SU\" \/>\n<meta property=\"og:description\" content=\"ojakivi rada V\u00f5su vahetus l\u00e4heduses asuv Ojakivi rada tutvustab paksu metsa peitunud maapealse mahu poolest 3. hiidrahnu Lahemaal ja 14. Eestis. Ojakivi\" \/>\n<meta property=\"og:url\" content=\"https:\/\/visitvosu.com\/en\/ojakivirada\/\" \/>\n<meta property=\"og:site_name\" content=\"V\u00d5SU\" \/>\n<meta property=\"article:publisher\" content=\"https:\/\/www.facebook.com\/vosukuurort\" \/>\n<meta property=\"article:modified_time\" content=\"2019-05-21T13:19:58+00:00\" \/>\n<meta property=\"og:image\" content=\"https:\/\/visitvosu.com\/wp-content\/uploads\/elementor\/thumbs\/Ojakivi3-o73a4he2z0f1qvykvjc83m8m2cwvvyyfrtgfzxda3k.jpg\" \/>\n<meta name=\"twitter:card\" content=\"summary_large_image\" \/>\n<script type=\"application\/ld+json\" class=\"yoast-schema-graph\">{\"@context\":\"https:\/\/schema.org\",\"@graph\":[{\"@type\":\"WebPage\",\"@id\":\"https:\/\/visitvosu.com\/en\/ojakivirada\/\",\"url\":\"https:\/\/visitvosu.com\/en\/ojakivirada\/\",\"name\":\"ojakivirada &ndash; V\u00d5SU\",\"isPartOf\":{\"@id\":\"https:\/\/visitvosu.com\/#website\"},\"datePublished\":\"2019-04-29T15:26:48+00:00\",\"dateModified\":\"2019-05-21T13:19:58+00:00\",\"description\":\"ojakivi rada V\u00f5su vahetus l\u00e4heduses asuv Ojakivi rada tutvustab paksu metsa peitunud maapealse mahu poolest 3. hiidrahnu Lahemaal ja 14. Eestis. Ojakivi\",\"breadcrumb\":{\"@id\":\"https:\/\/visitvosu.com\/en\/ojakivirada\/#breadcrumb\"},\"inLanguage\":\"en-GB\",\"potentialAction\":[{\"@type\":\"ReadAction\",\"target\":[\"https:\/\/visitvosu.com\/en\/ojakivirada\/\"]}]},{\"@type\":\"BreadcrumbList\",\"@id\":\"https:\/\/visitvosu.com\/en\/ojakivirada\/#breadcrumb\",\"itemListElement\":[{\"@type\":\"ListItem\",\"position\":1,\"name\":\"Home\",\"item\":\"https:\/\/visitvosu.com\/\"},{\"@type\":\"ListItem\",\"position\":2,\"name\":\"ojakivirada\"}]},{\"@type\":\"WebSite\",\"@id\":\"https:\/\/visitvosu.com\/#website\",\"url\":\"https:\/\/visitvosu.com\/\",\"name\":\"V\u00d5SU\",\"description\":\"V\u00f5sul asub siinsete puhkajate \u00fcks lemmikuid liivarandu. V\u00f5su is home to one of the most popular sandy beaches among holidaymakers.\",\"publisher\":{\"@id\":\"https:\/\/visitvosu.com\/#organization\"},\"potentialAction\":[{\"@type\":\"SearchAction\",\"target\":{\"@type\":\"EntryPoint\",\"urlTemplate\":\"https:\/\/visitvosu.com\/?s={search_term_string}\"},\"query-input\":\"required name=search_term_string\"}],\"inLanguage\":\"en-GB\"},{\"@type\":\"Organization\",\"@id\":\"https:\/\/visitvosu.com\/#organization\",\"name\":\"V\u00f5su K\u00fclaselts MT\u00dc\",\"url\":\"https:\/\/visitvosu.com\/\",\"sameAs\":[\"https:\/\/www.facebook.com\/vosukuurort\"],\"logo\":{\"@type\":\"ImageObject\",\"inLanguage\":\"en-GB\",\"@id\":\"https:\/\/visitvosu.com\/#\/schema\/logo\/image\/\",\"url\":\"https:\/\/visitvosu.com\/wp-content\/uploads\/2019\/05\/LogoMakr_02OqiN.png\",\"contentUrl\":\"https:\/\/visitvosu.com\/wp-content\/uploads\/2019\/05\/LogoMakr_02OqiN.png\",\"width\":400,\"height\":151,\"caption\":\"V\u00f5su K\u00fclaselts MT\u00dc\"},\"image\":{\"@id\":\"https:\/\/visitvosu.com\/#\/schema\/logo\/image\/\"}}]}<\/script>\n<!-- \/ Yoast SEO plugin. -->","yoast_head_json":{"title":"ojakivirada &ndash; V\u00d5SU","description":"ojakivi rada V\u00f5su vahetus l\u00e4heduses asuv Ojakivi rada tutvustab paksu metsa peitunud maapealse mahu poolest 3. hiidrahnu Lahemaal ja 14. Eestis. Ojakivi","robots":{"index":"index","follow":"follow","max-snippet":"max-snippet:-1","max-image-preview":"max-image-preview:large","max-video-preview":"max-video-preview:-1"},"canonical":"https:\/\/visitvosu.com\/en\/ojakivirada\/","og_locale":"en_GB","og_type":"article","og_title":"ojakivirada &ndash; V\u00d5SU","og_description":"ojakivi rada V\u00f5su vahetus l\u00e4heduses asuv Ojakivi rada tutvustab paksu metsa peitunud maapealse mahu poolest 3. hiidrahnu Lahemaal ja 14. Eestis. Ojakivi","og_url":"https:\/\/visitvosu.com\/en\/ojakivirada\/","og_site_name":"V\u00d5SU","article_publisher":"https:\/\/www.facebook.com\/vosukuurort","article_modified_time":"2019-05-21T13:19:58+00:00","og_image":[{"url":"https:\/\/visitvosu.com\/wp-content\/uploads\/elementor\/thumbs\/Ojakivi3-o73a4he2z0f1qvykvjc83m8m2cwvvyyfrtgfzxda3k.jpg"}],"twitter_card":"summary_large_image","schema":{"@context":"https:\/\/schema.org","@graph":[{"@type":"WebPage","@id":"https:\/\/visitvosu.com\/en\/ojakivirada\/","url":"https:\/\/visitvosu.com\/en\/ojakivirada\/","name":"ojakivirada &ndash; V\u00d5SU","isPartOf":{"@id":"https:\/\/visitvosu.com\/#website"},"datePublished":"2019-04-29T15:26:48+00:00","dateModified":"2019-05-21T13:19:58+00:00","description":"ojakivi rada V\u00f5su vahetus l\u00e4heduses asuv Ojakivi rada tutvustab paksu metsa peitunud maapealse mahu poolest 3. hiidrahnu Lahemaal ja 14. Eestis. Ojakivi","breadcrumb":{"@id":"https:\/\/visitvosu.com\/en\/ojakivirada\/#breadcrumb"},"inLanguage":"en-GB","potentialAction":[{"@type":"ReadAction","target":["https:\/\/visitvosu.com\/en\/ojakivirada\/"]}]},{"@type":"BreadcrumbList","@id":"https:\/\/visitvosu.com\/en\/ojakivirada\/#breadcrumb","itemListElement":[{"@type":"ListItem","position":1,"name":"Home","item":"https:\/\/visitvosu.com\/"},{"@type":"ListItem","position":2,"name":"ojakivirada"}]},{"@type":"WebSite","@id":"https:\/\/visitvosu.com\/#website","url":"https:\/\/visitvosu.com\/","name":"V\u00d5SU","description":"V\u00f5sul asub siinsete puhkajate \u00fcks lemmikuid liivarandu. V\u00f5su is home to one of the most popular sandy beaches among holidaymakers.","publisher":{"@id":"https:\/\/visitvosu.com\/#organization"},"potentialAction":[{"@type":"SearchAction","target":{"@type":"EntryPoint","urlTemplate":"https:\/\/visitvosu.com\/?s={search_term_string}"},"query-input":"required name=search_term_string"}],"inLanguage":"en-GB"},{"@type":"Organization","@id":"https:\/\/visitvosu.com\/#organization","name":"V\u00f5su K\u00fclaselts MT\u00dc","url":"https:\/\/visitvosu.com\/","sameAs":["https:\/\/www.facebook.com\/vosukuurort"],"logo":{"@type":"ImageObject","inLanguage":"en-GB","@id":"https:\/\/visitvosu.com\/#\/schema\/logo\/image\/","url":"https:\/\/visitvosu.com\/wp-content\/uploads\/2019\/05\/LogoMakr_02OqiN.png","contentUrl":"https:\/\/visitvosu.com\/wp-content\/uploads\/2019\/05\/LogoMakr_02OqiN.png","width":400,"height":151,"caption":"V\u00f5su K\u00fclaselts MT\u00dc"},"image":{"@id":"https:\/\/visitvosu.com\/#\/schema\/logo\/image\/"}}]}},"_links":{"self":[{"href":"https:\/\/visitvosu.com\/en\/wp-json\/wp\/v2\/pages\/2996"}],"collection":[{"href":"https:\/\/visitvosu.com\/en\/wp-json\/wp\/v2\/pages"}],"about":[{"href":"https:\/\/visitvosu.com\/en\/wp-json\/wp\/v2\/types\/page"}],"author":[{"embeddable":true,"href":"https:\/\/visitvosu.com\/en\/wp-json\/wp\/v2\/users\/1"}],"replies":[{"embeddable":true,"href":"https:\/\/visitvosu.com\/en\/wp-json\/wp\/v2\/comments?post=2996"}],"version-history":[{"count":8,"href":"https:\/\/visitvosu.com\/en\/wp-json\/wp\/v2\/pages\/2996\/revisions"}],"predecessor-version":[{"id":4746,"href":"https:\/\/visitvosu.com\/en\/wp-json\/wp\/v2\/pages\/2996\/revisions\/4746"}],"wp:attachment":[{"href":"https:\/\/visitvosu.com\/en\/wp-json\/wp\/v2\/media?parent=2996"}],"curies":[{"name":"wp","href":"https:\/\/api.w.org\/{rel}","templated":true}]}}