{"id":2982,"date":"2019-04-29T15:08:45","date_gmt":"2019-04-29T15:08:45","guid":{"rendered":"https:\/\/visitvosu.com\/?page_id=2982"},"modified":"2019-05-21T15:56:11","modified_gmt":"2019-05-21T12:56:11","slug":"oandumetsarada","status":"publish","type":"page","link":"https:\/\/visitvosu.com\/en\/oandumetsarada\/","title":{"rendered":"oandumetsarada"},"content":{"rendered":"<div data-elementor-type=\"wp-post\" data-elementor-id=\"2982\" class=\"elementor elementor-2982\" data-elementor-settings=\"[]\">\n\t\t\t<div class=\"elementor-inner\">\n\t\t\t\t<div class=\"elementor-section-wrap\">\n\t\t\t\t\t\t\t<section class=\"elementor-element elementor-element-14c630ef elementor-section-height-min-height elementor-section-content-middle elementor-section-full_width elementor-section-items-bottom elementor-section-height-default elementor-section elementor-top-section\" data-id=\"14c630ef\" data-element_type=\"section\" data-settings=\"{&quot;background_background&quot;:&quot;classic&quot;}\">\n\t\t\t\t\t\t\t<div class=\"elementor-background-overlay\"><\/div>\n\t\t\t\t\t\t\t<div class=\"elementor-container elementor-column-gap-narrow\">\n\t\t\t\t<div class=\"elementor-row\">\n\t\t\t\t<div class=\"elementor-element elementor-element-56cf40be elementor-column elementor-col-100 elementor-top-column\" data-id=\"56cf40be\" data-element_type=\"column\">\n\t\t\t<div class=\"elementor-column-wrap\">\n\t\t\t\t\t<div class=\"elementor-widget-wrap\">\n\t\t\t\t\t\t<\/div>\n\t\t\t<\/div>\n\t\t<\/div>\n\t\t\t\t\t\t<\/div>\n\t\t\t<\/div>\n\t\t<\/section>\n\t\t\t\t<section class=\"elementor-element elementor-element-3976148f elementor-section-boxed elementor-section-height-default elementor-section-height-default elementor-section elementor-top-section\" data-id=\"3976148f\" data-element_type=\"section\">\n\t\t\t\t\t\t<div class=\"elementor-container elementor-column-gap-default\">\n\t\t\t\t<div class=\"elementor-row\">\n\t\t\t\t<div class=\"elementor-element elementor-element-722bcef1 elementor-column elementor-col-100 elementor-top-column\" data-id=\"722bcef1\" data-element_type=\"column\">\n\t\t\t<div class=\"elementor-column-wrap  elementor-element-populated\">\n\t\t\t\t\t<div class=\"elementor-widget-wrap\">\n\t\t\t\t<div class=\"elementor-element elementor-element-79c3176 elementor-widget elementor-widget-spacer\" data-id=\"79c3176\" data-element_type=\"widget\" data-widget_type=\"spacer.default\">\n\t\t\t\t<div class=\"elementor-widget-container\">\n\t\t\t\t\t<div class=\"elementor-spacer\">\n\t\t\t<div class=\"elementor-spacer-inner\"><\/div>\n\t\t<\/div>\n\t\t\t\t<\/div>\n\t\t\t\t<\/div>\n\t\t\t\t\t\t<\/div>\n\t\t\t<\/div>\n\t\t<\/div>\n\t\t\t\t\t\t<\/div>\n\t\t\t<\/div>\n\t\t<\/section>\n\t\t\t\t<section class=\"elementor-element elementor-element-b7b563a elementor-section-boxed elementor-section-height-default elementor-section-height-default elementor-section elementor-top-section\" data-id=\"b7b563a\" data-element_type=\"section\">\n\t\t\t\t\t\t<div class=\"elementor-container elementor-column-gap-default\">\n\t\t\t\t<div class=\"elementor-row\">\n\t\t\t\t<div class=\"elementor-element elementor-element-26a45354 elementor-column elementor-col-50 elementor-top-column\" data-id=\"26a45354\" data-element_type=\"column\">\n\t\t\t<div class=\"elementor-column-wrap  elementor-element-populated\">\n\t\t\t\t\t<div class=\"elementor-widget-wrap\">\n\t\t\t\t<div class=\"elementor-element elementor-element-3b98fbd7 elementor-widget elementor-widget-heading\" data-id=\"3b98fbd7\" data-element_type=\"widget\" data-widget_type=\"heading.default\">\n\t\t\t\t<div class=\"elementor-widget-container\">\n\t\t\t<h2 class=\"elementor-heading-title elementor-size-default\">oandu-v\u00f5su hiking trail<\/h2>\t\t<\/div>\n\t\t\t\t<\/div>\n\t\t\t\t<div class=\"elementor-element elementor-element-604e7f4f elementor-widget elementor-widget-text-editor\" data-id=\"604e7f4f\" data-element_type=\"widget\" data-widget_type=\"text-editor.default\">\n\t\t\t\t<div class=\"elementor-widget-container\">\n\t\t\t\t\t<div class=\"elementor-text-editor elementor-clearfix\"><p>The Oandu-V\u00f5su hiking trail is situated in Lahemaa National Park and is 9.5 km long. It begins at the Oandu camping area and continues through to the V\u00f5su camping area. The majority of the path follows the ancient Seljaku way through the forests of the Koljaku-Oandu terraces. You will see a diverse range of landscapes and forest communities.<\/p><\/div>\n\t\t\t\t<\/div>\n\t\t\t\t<\/div>\n\t\t\t\t\t\t<\/div>\n\t\t\t<\/div>\n\t\t<\/div>\n\t\t\t\t<div class=\"elementor-element elementor-element-684d2211 elementor-column elementor-col-50 elementor-top-column\" data-id=\"684d2211\" data-element_type=\"column\">\n\t\t\t<div class=\"elementor-column-wrap  elementor-element-populated\">\n\t\t\t\t\t<div class=\"elementor-widget-wrap\">\n\t\t\t\t<div class=\"elementor-element elementor-element-73b248a elementor-widget__width-inherit elementor-align-left elementor-icon-list--layout-traditional elementor-widget elementor-widget-icon-list\" data-id=\"73b248a\" data-element_type=\"widget\" data-widget_type=\"icon-list.default\">\n\t\t\t\t<div class=\"elementor-widget-container\">\n\t\t\t\t\t<ul class=\"elementor-icon-list-items\">\n\t\t\t\t\t\t\t<li class=\"elementor-icon-list-item\" >\n\t\t\t\t\t\t\t\t\t\t\t<span class=\"elementor-icon-list-icon\">\n\t\t\t\t\t\t\t\t\t\t\t\t\t\t\t\t<i class=\"fa fa-map-marker\" aria-hidden=\"true\"><\/i>\n\t\t\t\t\t\t\t\t\t\t\t\t\t<\/span>\n\t\t\t\t\t\t\t\t\t\t<span class=\"elementor-icon-list-text\">Oandu k\u00fcla, Haljala vald, L\u00e4\u00e4ne-Virumaa<\/span>\n\t\t\t\t\t\t\t\t\t<\/li>\n\t\t\t\t\t\t\t\t<li class=\"elementor-icon-list-item\" >\n\t\t\t\t\t\t\t\t\t\t\t<span class=\"elementor-icon-list-icon\">\n\t\t\t\t\t\t\t\t\t\t\t\t\t\t\t\t<i class=\"fa fa-envelope-square\" aria-hidden=\"true\"><\/i>\n\t\t\t\t\t\t\t\t\t\t\t\t\t<\/span>\n\t\t\t\t\t\t\t\t\t\t<span class=\"elementor-icon-list-text\">oandu.looduskeskus@rmk.ee<\/span>\n\t\t\t\t\t\t\t\t\t<\/li>\n\t\t\t\t\t\t\t\t<li class=\"elementor-icon-list-item\" >\n\t\t\t\t\t\t\t\t\t\t\t<span class=\"elementor-icon-list-icon\">\n\t\t\t\t\t\t\t\t\t\t\t\t\t\t\t\t<i class=\"fa fa-phone-square\" aria-hidden=\"true\"><\/i>\n\t\t\t\t\t\t\t\t\t\t\t\t\t<\/span>\n\t\t\t\t\t\t\t\t\t\t<span class=\"elementor-icon-list-text\">(+372) 329 5555<\/span>\n\t\t\t\t\t\t\t\t\t<\/li>\n\t\t\t\t\t\t\t\t<li class=\"elementor-icon-list-item\" >\n\t\t\t\t\t<a href=\"https:\/\/www.facebook.com\/RMKOandulooduskeskus\/\" target=\"_blank\">\t\t\t\t\t\t<span class=\"elementor-icon-list-icon\">\n\t\t\t\t\t\t\t\t\t\t\t\t\t\t\t\t<i class=\"fa fa-facebook-square\" aria-hidden=\"true\"><\/i>\n\t\t\t\t\t\t\t\t\t\t\t\t\t<\/span>\n\t\t\t\t\t\t\t\t\t\t<span class=\"elementor-icon-list-text\">RMK Oandu k\u00fclastuskeskus<\/span>\n\t\t\t\t\t\t\t\t\t\t\t<\/a>\n\t\t\t\t\t\t\t\t\t<\/li>\n\t\t\t\t\t\t\t\t<li class=\"elementor-icon-list-item\" >\n\t\t\t\t\t<a href=\"https:\/\/loodusegakoos.ee\/kuhuminna\/rahvuspargid\/lahemaa-rahvuspark\/1711\" target=\"_blank\">\t\t\t\t\t\t<span class=\"elementor-icon-list-icon\">\n\t\t\t\t\t\t\t\t\t\t\t\t\t\t\t\t<i class=\"fa fa-home\" aria-hidden=\"true\"><\/i>\n\t\t\t\t\t\t\t\t\t\t\t\t\t<\/span>\n\t\t\t\t\t\t\t\t\t\t<span class=\"elementor-icon-list-text\">https:\/\/loodusegakoos.ee<\/span>\n\t\t\t\t\t\t\t\t\t\t\t<\/a>\n\t\t\t\t\t\t\t\t\t<\/li>\n\t\t\t\t\t\t<\/ul>\n\t\t\t\t<\/div>\n\t\t\t\t<\/div>\n\t\t\t\t<section class=\"elementor-element elementor-element-1deb4f52 elementor-section-height-min-height elementor-section-boxed elementor-section-height-default elementor-section elementor-inner-section\" data-id=\"1deb4f52\" data-element_type=\"section\">\n\t\t\t\t\t\t<div class=\"elementor-container elementor-column-gap-narrow\">\n\t\t\t\t<div class=\"elementor-row\">\n\t\t\t\t<div class=\"elementor-element elementor-element-316bc0e4 elementor-column elementor-col-100 elementor-inner-column\" data-id=\"316bc0e4\" data-element_type=\"column\">\n\t\t\t<div class=\"elementor-column-wrap  elementor-element-populated\">\n\t\t\t\t\t<div class=\"elementor-widget-wrap\">\n\t\t\t\t<div class=\"elementor-element elementor-element-30d7099 elementor-widget elementor-widget-google_maps\" data-id=\"30d7099\" data-element_type=\"widget\" data-widget_type=\"google_maps.default\">\n\t\t\t\t<div class=\"elementor-widget-container\">\n\t\t\t<div class=\"elementor-custom-embed\"><iframe frameborder=\"0\" scrolling=\"no\" marginheight=\"0\" marginwidth=\"0\" src=\"https:\/\/maps.google.com\/maps?q=59%C2%B033%2754%27%27N%2026%C2%B06%272%27%27E&amp;t=m&amp;z=10&amp;output=embed&amp;iwloc=near\" aria-label=\"59\u00b033&#039;54&#039;&#039;N 26\u00b06&#039;2&#039;&#039;E\"><\/iframe><\/div>\t\t<\/div>\n\t\t\t\t<\/div>\n\t\t\t\t\t\t<\/div>\n\t\t\t<\/div>\n\t\t<\/div>\n\t\t\t\t\t\t<\/div>\n\t\t\t<\/div>\n\t\t<\/section>\n\t\t\t\t\t\t<\/div>\n\t\t\t<\/div>\n\t\t<\/div>\n\t\t\t\t\t\t<\/div>\n\t\t\t<\/div>\n\t\t<\/section>\n\t\t\t\t<section class=\"elementor-element elementor-element-147826c8 elementor-section-boxed elementor-section-height-default elementor-section-height-default elementor-section elementor-top-section\" data-id=\"147826c8\" data-element_type=\"section\">\n\t\t\t\t\t\t<div class=\"elementor-container elementor-column-gap-default\">\n\t\t\t\t<div class=\"elementor-row\">\n\t\t\t\t<div class=\"elementor-element elementor-element-7ba272df elementor-column elementor-col-100 elementor-top-column\" data-id=\"7ba272df\" data-element_type=\"column\">\n\t\t\t<div class=\"elementor-column-wrap  elementor-element-populated\">\n\t\t\t\t\t<div class=\"elementor-widget-wrap\">\n\t\t\t\t<div class=\"elementor-element elementor-element-192dd575 elementor-widget elementor-widget-spacer\" data-id=\"192dd575\" data-element_type=\"widget\" data-widget_type=\"spacer.default\">\n\t\t\t\t<div class=\"elementor-widget-container\">\n\t\t\t\t\t<div class=\"elementor-spacer\">\n\t\t\t<div class=\"elementor-spacer-inner\"><\/div>\n\t\t<\/div>\n\t\t\t\t<\/div>\n\t\t\t\t<\/div>\n\t\t\t\t\t\t<\/div>\n\t\t\t<\/div>\n\t\t<\/div>\n\t\t\t\t\t\t<\/div>\n\t\t\t<\/div>\n\t\t<\/section>\n\t\t\t\t<section class=\"elementor-element elementor-element-30b26062 elementor-section-boxed elementor-section-height-default elementor-section-height-default elementor-section elementor-top-section\" data-id=\"30b26062\" data-element_type=\"section\">\n\t\t\t\t\t\t<div class=\"elementor-container elementor-column-gap-default\">\n\t\t\t\t<div class=\"elementor-row\">\n\t\t\t\t<div class=\"elementor-element elementor-element-5090d970 elementor-column elementor-col-100 elementor-top-column\" data-id=\"5090d970\" data-element_type=\"column\">\n\t\t\t<div class=\"elementor-column-wrap  elementor-element-populated\">\n\t\t\t\t\t<div class=\"elementor-widget-wrap\">\n\t\t\t\t<div class=\"elementor-element elementor-element-eb6d205 elementor-widget elementor-widget-image-carousel\" data-id=\"eb6d205\" data-element_type=\"widget\" data-settings=\"{&quot;navigation&quot;:&quot;none&quot;,&quot;slides_to_show&quot;:&quot;3&quot;,&quot;autoplay_speed&quot;:2000,&quot;autoplay&quot;:&quot;yes&quot;,&quot;pause_on_hover&quot;:&quot;yes&quot;,&quot;pause_on_interaction&quot;:&quot;yes&quot;,&quot;infinite&quot;:&quot;yes&quot;,&quot;speed&quot;:500,&quot;direction&quot;:&quot;ltr&quot;}\" data-widget_type=\"image-carousel.default\">\n\t\t\t\t<div class=\"elementor-widget-container\">\n\t\t\t\t\t<div class=\"elementor-image-carousel-wrapper swiper-container\" dir=\"ltr\">\n\t\t\t<div class=\"elementor-image-carousel swiper-wrapper\">\n\t\t\t\t<div class=\"swiper-slide\"><figure class=\"swiper-slide-inner\"><img class=\"swiper-slide-image\" src=\"https:\/\/visitvosu.com\/wp-content\/uploads\/elementor\/thumbs\/29153064835_12254d61cd_k_-pps71kq9en9v22bmmk5yypg9rnvfyh21r04ovqxie8.jpg\" alt=\"29153064835_12254d61cd_k_\" \/><\/figure><\/div><div class=\"swiper-slide\"><figure class=\"swiper-slide-inner\"><img class=\"swiper-slide-image\" src=\"https:\/\/visitvosu.com\/wp-content\/uploads\/elementor\/thumbs\/28865767000_f748bae33c_k_-pps71t6t45lfyjzc95tm35bf44pqvqzms60278kyu8.jpg\" alt=\"28865767000_f748bae33c_k_\" \/><\/figure><\/div><div class=\"swiper-slide\"><figure class=\"swiper-slide-inner\"><img class=\"swiper-slide-image\" src=\"https:\/\/visitvosu.com\/wp-content\/uploads\/elementor\/thumbs\/oandu_-pps71v2hhto0lrwly6mv84ucawghb573gfb15si6hs.jpg\" alt=\"oandu_\" \/><\/figure><\/div>\t\t\t<\/div>\n\t\t\t\t\t\t\t\t\t\t\t\t\t\t\t\t<\/div>\n\t\t\t\t<\/div>\n\t\t\t\t<\/div>\n\t\t\t\t\t\t<\/div>\n\t\t\t<\/div>\n\t\t<\/div>\n\t\t\t\t\t\t<\/div>\n\t\t\t<\/div>\n\t\t<\/section>\n\t\t\t\t<section class=\"elementor-element elementor-element-4f47014 elementor-section-boxed elementor-section-height-default elementor-section-height-default elementor-section elementor-top-section\" data-id=\"4f47014\" data-element_type=\"section\">\n\t\t\t\t\t\t<div class=\"elementor-container elementor-column-gap-default\">\n\t\t\t\t<div class=\"elementor-row\">\n\t\t\t\t<div class=\"elementor-element elementor-element-7cefda72 elementor-column elementor-col-100 elementor-top-column\" data-id=\"7cefda72\" data-element_type=\"column\">\n\t\t\t<div class=\"elementor-column-wrap  elementor-element-populated\">\n\t\t\t\t\t<div class=\"elementor-widget-wrap\">\n\t\t\t\t<div class=\"elementor-element elementor-element-60e155c1 elementor-widget elementor-widget-spacer\" data-id=\"60e155c1\" data-element_type=\"widget\" data-widget_type=\"spacer.default\">\n\t\t\t\t<div class=\"elementor-widget-container\">\n\t\t\t\t\t<div class=\"elementor-spacer\">\n\t\t\t<div class=\"elementor-spacer-inner\"><\/div>\n\t\t<\/div>\n\t\t\t\t<\/div>\n\t\t\t\t<\/div>\n\t\t\t\t\t\t<\/div>\n\t\t\t<\/div>\n\t\t<\/div>\n\t\t\t\t\t\t<\/div>\n\t\t\t<\/div>\n\t\t<\/section>\n\t\t\t\t\t\t<\/div>\n\t\t\t<\/div>\n\t\t<\/div>","protected":false},"excerpt":{"rendered":"<p>oandu-v\u00f5su matkarada Oandu-V\u00f5su matkarada asub Oandul Lahemaa rahvuspargis L\u00e4\u00e4ne-Virumaal. 9,5 km pikkune rada algab Oandu telkimisalalt ja suundub V\u00f5su telkimisalale.\u00a0Oandu &#8211; V\u00f5su\u00a0matkarada on RMK Oandu \u2013Ikla Matkatee esimene l\u00f5ik. Matkatee [&hellip;]<\/p>\n","protected":false},"author":1,"featured_media":0,"parent":0,"menu_order":0,"comment_status":"closed","ping_status":"closed","template":"","meta":{"_EventAllDay":false,"_EventTimezone":"","_EventStartDate":"","_EventEndDate":"","_EventStartDateUTC":"","_EventEndDateUTC":"","_EventShowMap":false,"_EventShowMapLink":false,"_EventURL":"","_EventCost":"","_EventCostDescription":"","_EventCurrencySymbol":"","_EventCurrencyCode":"","_EventCurrencyPosition":"","_EventDateTimeSeparator":"","_EventTimeRangeSeparator":"","_EventOrganizerID":[],"_EventVenueID":0,"_OrganizerEmail":"","_OrganizerPhone":"","_OrganizerWebsite":"","_VenueAddress":"","_VenueCity":"","_VenueCountry":"","_VenueProvince":"","_VenueZip":"","_VenuePhone":"","_VenueURL":"","_VenueStateProvince":"","_VenueLat":"","_VenueLng":"","ocean_post_layout":"full-screen","ocean_both_sidebars_style":"","ocean_both_sidebars_content_width":0,"ocean_both_sidebars_sidebars_width":0,"ocean_sidebar":"0","ocean_second_sidebar":"0","ocean_disable_margins":"enable","ocean_add_body_class":"","ocean_shortcode_before_top_bar":"","ocean_shortcode_after_top_bar":"","ocean_shortcode_before_header":"","ocean_shortcode_after_header":"","ocean_has_shortcode":"","ocean_shortcode_after_title":"","ocean_shortcode_before_footer_widgets":"","ocean_shortcode_after_footer_widgets":"","ocean_shortcode_before_footer_bottom":"","ocean_shortcode_after_footer_bottom":"","ocean_display_top_bar":"default","ocean_display_header":"default","ocean_header_style":"","ocean_center_header_left_menu":"0","ocean_custom_header_template":"0","ocean_custom_logo":0,"ocean_custom_retina_logo":0,"ocean_custom_logo_max_width":0,"ocean_custom_logo_tablet_max_width":0,"ocean_custom_logo_mobile_max_width":0,"ocean_custom_logo_max_height":0,"ocean_custom_logo_tablet_max_height":0,"ocean_custom_logo_mobile_max_height":0,"ocean_header_custom_menu":"0","ocean_menu_typo_font_family":"0","ocean_menu_typo_font_subset":"","ocean_menu_typo_font_size":0,"ocean_menu_typo_font_size_tablet":0,"ocean_menu_typo_font_size_mobile":0,"ocean_menu_typo_font_size_unit":"px","ocean_menu_typo_font_weight":"","ocean_menu_typo_font_weight_tablet":"","ocean_menu_typo_font_weight_mobile":"","ocean_menu_typo_transform":"","ocean_menu_typo_transform_tablet":"","ocean_menu_typo_transform_mobile":"","ocean_menu_typo_line_height":0,"ocean_menu_typo_line_height_tablet":0,"ocean_menu_typo_line_height_mobile":0,"ocean_menu_typo_line_height_unit":"","ocean_menu_typo_spacing":0,"ocean_menu_typo_spacing_tablet":0,"ocean_menu_typo_spacing_mobile":0,"ocean_menu_typo_spacing_unit":"","ocean_menu_link_color":"","ocean_menu_link_color_hover":"","ocean_menu_link_color_active":"","ocean_menu_link_background":"","ocean_menu_link_hover_background":"","ocean_menu_link_active_background":"","ocean_menu_social_links_bg":"","ocean_menu_social_hover_links_bg":"","ocean_menu_social_links_color":"","ocean_menu_social_hover_links_color":"","ocean_disable_title":"on","ocean_disable_heading":"default","ocean_post_title":"","ocean_post_subheading":"","ocean_post_title_style":"","ocean_post_title_background_color":"","ocean_post_title_background":0,"ocean_post_title_bg_image_position":"","ocean_post_title_bg_image_attachment":"","ocean_post_title_bg_image_repeat":"","ocean_post_title_bg_image_size":"","ocean_post_title_height":0,"ocean_post_title_bg_overlay":0.5,"ocean_post_title_bg_overlay_color":"","ocean_disable_breadcrumbs":"default","ocean_breadcrumbs_color":"","ocean_breadcrumbs_separator_color":"","ocean_breadcrumbs_links_color":"","ocean_breadcrumbs_links_hover_color":"","ocean_display_footer_widgets":"default","ocean_display_footer_bottom":"default","ocean_custom_footer_template":"0"},"yoast_head":"<!-- This site is optimized with the Yoast SEO plugin v19.6.1 - https:\/\/yoast.com\/wordpress\/plugins\/seo\/ -->\n<title>oandumetsarada &ndash; V\u00d5SU<\/title>\n<meta name=\"description\" content=\"oandu-v\u00f5su matkarada Oandu-V\u00f5su matkarada asub Oandul Lahemaa rahvuspargis L\u00e4\u00e4ne-Virumaal. 9,5 km pikkune rada algab Oandu telkimisalalt ja suundub V\u00f5su\" \/>\n<meta name=\"robots\" content=\"index, follow, max-snippet:-1, max-image-preview:large, max-video-preview:-1\" \/>\n<link rel=\"canonical\" href=\"https:\/\/visitvosu.com\/en\/oandumetsarada\/\" \/>\n<meta property=\"og:locale\" content=\"en_GB\" \/>\n<meta property=\"og:type\" content=\"article\" \/>\n<meta property=\"og:title\" content=\"oandumetsarada &ndash; V\u00d5SU\" \/>\n<meta property=\"og:description\" content=\"oandu-v\u00f5su matkarada Oandu-V\u00f5su matkarada asub Oandul Lahemaa rahvuspargis L\u00e4\u00e4ne-Virumaal. 9,5 km pikkune rada algab Oandu telkimisalalt ja suundub V\u00f5su\" \/>\n<meta property=\"og:url\" content=\"https:\/\/visitvosu.com\/en\/oandumetsarada\/\" \/>\n<meta property=\"og:site_name\" content=\"V\u00d5SU\" \/>\n<meta property=\"article:publisher\" content=\"https:\/\/www.facebook.com\/vosukuurort\" \/>\n<meta property=\"article:modified_time\" content=\"2019-05-21T12:56:11+00:00\" \/>\n<meta property=\"og:image\" content=\"https:\/\/visitvosu.com\/wp-content\/uploads\/elementor\/thumbs\/29153064835_12254d61cd_k_-o73984s1ra4s60y8s1xgsa4i1yd3yzj0bp5ue3c28w.jpg\" \/>\n<meta name=\"twitter:card\" content=\"summary_large_image\" \/>\n<meta name=\"twitter:label1\" content=\"Estimated reading time\" \/>\n\t<meta name=\"twitter:data1\" content=\"1 minute\" \/>\n<script type=\"application\/ld+json\" class=\"yoast-schema-graph\">{\"@context\":\"https:\/\/schema.org\",\"@graph\":[{\"@type\":\"WebPage\",\"@id\":\"https:\/\/visitvosu.com\/en\/oandumetsarada\/\",\"url\":\"https:\/\/visitvosu.com\/en\/oandumetsarada\/\",\"name\":\"oandumetsarada &ndash; V\u00d5SU\",\"isPartOf\":{\"@id\":\"https:\/\/visitvosu.com\/#website\"},\"datePublished\":\"2019-04-29T15:08:45+00:00\",\"dateModified\":\"2019-05-21T12:56:11+00:00\",\"description\":\"oandu-v\u00f5su matkarada Oandu-V\u00f5su matkarada asub Oandul Lahemaa rahvuspargis L\u00e4\u00e4ne-Virumaal. 9,5 km pikkune rada algab Oandu telkimisalalt ja suundub V\u00f5su\",\"breadcrumb\":{\"@id\":\"https:\/\/visitvosu.com\/en\/oandumetsarada\/#breadcrumb\"},\"inLanguage\":\"en-GB\",\"potentialAction\":[{\"@type\":\"ReadAction\",\"target\":[\"https:\/\/visitvosu.com\/en\/oandumetsarada\/\"]}]},{\"@type\":\"BreadcrumbList\",\"@id\":\"https:\/\/visitvosu.com\/en\/oandumetsarada\/#breadcrumb\",\"itemListElement\":[{\"@type\":\"ListItem\",\"position\":1,\"name\":\"Home\",\"item\":\"https:\/\/visitvosu.com\/\"},{\"@type\":\"ListItem\",\"position\":2,\"name\":\"oandumetsarada\"}]},{\"@type\":\"WebSite\",\"@id\":\"https:\/\/visitvosu.com\/#website\",\"url\":\"https:\/\/visitvosu.com\/\",\"name\":\"V\u00d5SU\",\"description\":\"V\u00f5sul asub siinsete puhkajate \u00fcks lemmikuid liivarandu. V\u00f5su is home to one of the most popular sandy beaches among holidaymakers.\",\"publisher\":{\"@id\":\"https:\/\/visitvosu.com\/#organization\"},\"potentialAction\":[{\"@type\":\"SearchAction\",\"target\":{\"@type\":\"EntryPoint\",\"urlTemplate\":\"https:\/\/visitvosu.com\/?s={search_term_string}\"},\"query-input\":\"required name=search_term_string\"}],\"inLanguage\":\"en-GB\"},{\"@type\":\"Organization\",\"@id\":\"https:\/\/visitvosu.com\/#organization\",\"name\":\"V\u00f5su K\u00fclaselts MT\u00dc\",\"url\":\"https:\/\/visitvosu.com\/\",\"sameAs\":[\"https:\/\/www.facebook.com\/vosukuurort\"],\"logo\":{\"@type\":\"ImageObject\",\"inLanguage\":\"en-GB\",\"@id\":\"https:\/\/visitvosu.com\/#\/schema\/logo\/image\/\",\"url\":\"https:\/\/visitvosu.com\/wp-content\/uploads\/2019\/05\/LogoMakr_02OqiN.png\",\"contentUrl\":\"https:\/\/visitvosu.com\/wp-content\/uploads\/2019\/05\/LogoMakr_02OqiN.png\",\"width\":400,\"height\":151,\"caption\":\"V\u00f5su K\u00fclaselts MT\u00dc\"},\"image\":{\"@id\":\"https:\/\/visitvosu.com\/#\/schema\/logo\/image\/\"}}]}<\/script>\n<!-- \/ Yoast SEO plugin. -->","yoast_head_json":{"title":"oandumetsarada &ndash; V\u00d5SU","description":"oandu-v\u00f5su matkarada Oandu-V\u00f5su matkarada asub Oandul Lahemaa rahvuspargis L\u00e4\u00e4ne-Virumaal. 9,5 km pikkune rada algab Oandu telkimisalalt ja suundub V\u00f5su","robots":{"index":"index","follow":"follow","max-snippet":"max-snippet:-1","max-image-preview":"max-image-preview:large","max-video-preview":"max-video-preview:-1"},"canonical":"https:\/\/visitvosu.com\/en\/oandumetsarada\/","og_locale":"en_GB","og_type":"article","og_title":"oandumetsarada &ndash; V\u00d5SU","og_description":"oandu-v\u00f5su matkarada Oandu-V\u00f5su matkarada asub Oandul Lahemaa rahvuspargis L\u00e4\u00e4ne-Virumaal. 9,5 km pikkune rada algab Oandu telkimisalalt ja suundub V\u00f5su","og_url":"https:\/\/visitvosu.com\/en\/oandumetsarada\/","og_site_name":"V\u00d5SU","article_publisher":"https:\/\/www.facebook.com\/vosukuurort","article_modified_time":"2019-05-21T12:56:11+00:00","og_image":[{"url":"https:\/\/visitvosu.com\/wp-content\/uploads\/elementor\/thumbs\/29153064835_12254d61cd_k_-o73984s1ra4s60y8s1xgsa4i1yd3yzj0bp5ue3c28w.jpg"}],"twitter_card":"summary_large_image","twitter_misc":{"Estimated reading time":"1 minute"},"schema":{"@context":"https:\/\/schema.org","@graph":[{"@type":"WebPage","@id":"https:\/\/visitvosu.com\/en\/oandumetsarada\/","url":"https:\/\/visitvosu.com\/en\/oandumetsarada\/","name":"oandumetsarada &ndash; V\u00d5SU","isPartOf":{"@id":"https:\/\/visitvosu.com\/#website"},"datePublished":"2019-04-29T15:08:45+00:00","dateModified":"2019-05-21T12:56:11+00:00","description":"oandu-v\u00f5su matkarada Oandu-V\u00f5su matkarada asub Oandul Lahemaa rahvuspargis L\u00e4\u00e4ne-Virumaal. 9,5 km pikkune rada algab Oandu telkimisalalt ja suundub V\u00f5su","breadcrumb":{"@id":"https:\/\/visitvosu.com\/en\/oandumetsarada\/#breadcrumb"},"inLanguage":"en-GB","potentialAction":[{"@type":"ReadAction","target":["https:\/\/visitvosu.com\/en\/oandumetsarada\/"]}]},{"@type":"BreadcrumbList","@id":"https:\/\/visitvosu.com\/en\/oandumetsarada\/#breadcrumb","itemListElement":[{"@type":"ListItem","position":1,"name":"Home","item":"https:\/\/visitvosu.com\/"},{"@type":"ListItem","position":2,"name":"oandumetsarada"}]},{"@type":"WebSite","@id":"https:\/\/visitvosu.com\/#website","url":"https:\/\/visitvosu.com\/","name":"V\u00d5SU","description":"V\u00f5sul asub siinsete puhkajate \u00fcks lemmikuid liivarandu. V\u00f5su is home to one of the most popular sandy beaches among holidaymakers.","publisher":{"@id":"https:\/\/visitvosu.com\/#organization"},"potentialAction":[{"@type":"SearchAction","target":{"@type":"EntryPoint","urlTemplate":"https:\/\/visitvosu.com\/?s={search_term_string}"},"query-input":"required name=search_term_string"}],"inLanguage":"en-GB"},{"@type":"Organization","@id":"https:\/\/visitvosu.com\/#organization","name":"V\u00f5su K\u00fclaselts MT\u00dc","url":"https:\/\/visitvosu.com\/","sameAs":["https:\/\/www.facebook.com\/vosukuurort"],"logo":{"@type":"ImageObject","inLanguage":"en-GB","@id":"https:\/\/visitvosu.com\/#\/schema\/logo\/image\/","url":"https:\/\/visitvosu.com\/wp-content\/uploads\/2019\/05\/LogoMakr_02OqiN.png","contentUrl":"https:\/\/visitvosu.com\/wp-content\/uploads\/2019\/05\/LogoMakr_02OqiN.png","width":400,"height":151,"caption":"V\u00f5su K\u00fclaselts MT\u00dc"},"image":{"@id":"https:\/\/visitvosu.com\/#\/schema\/logo\/image\/"}}]}},"_links":{"self":[{"href":"https:\/\/visitvosu.com\/en\/wp-json\/wp\/v2\/pages\/2982"}],"collection":[{"href":"https:\/\/visitvosu.com\/en\/wp-json\/wp\/v2\/pages"}],"about":[{"href":"https:\/\/visitvosu.com\/en\/wp-json\/wp\/v2\/types\/page"}],"author":[{"embeddable":true,"href":"https:\/\/visitvosu.com\/en\/wp-json\/wp\/v2\/users\/1"}],"replies":[{"embeddable":true,"href":"https:\/\/visitvosu.com\/en\/wp-json\/wp\/v2\/comments?post=2982"}],"version-history":[{"count":7,"href":"https:\/\/visitvosu.com\/en\/wp-json\/wp\/v2\/pages\/2982\/revisions"}],"predecessor-version":[{"id":4744,"href":"https:\/\/visitvosu.com\/en\/wp-json\/wp\/v2\/pages\/2982\/revisions\/4744"}],"wp:attachment":[{"href":"https:\/\/visitvosu.com\/en\/wp-json\/wp\/v2\/media?parent=2982"}],"curies":[{"name":"wp","href":"https:\/\/api.w.org\/{rel}","templated":true}]}}